{"id":10,"date":"2021-02-18T18:52:11","date_gmt":"2021-02-18T17:52:11","guid":{"rendered":"https:\/\/tfk-berlin.de\/neu\/?page_id=10"},"modified":"2026-04-01T01:20:45","modified_gmt":"2026-03-31T23:20:45","slug":"spielplan","status":"publish","type":"page","link":"https:\/\/tfk-berlin.de\/?page_id=10","title":{"rendered":"Spielplan"},"content":{"rendered":"\n<hr class=\"wp-block-separator has-text-color has-alpha-channel-opacity has-background is-style-dots\" style=\"background-color:#880000;color:#880000\"\/>\n\n\n\n<p>DO &#8211; 16.04.26 &#8211; 18.00 Uhr (Premiere)<br><strong><a href=\"https:\/\/tfk-berlin.de\/?page_id=7054\" title=\"Die Sommerg\u00e4ste\">Die Sommerg\u00e4ste<\/a><\/strong><br>nach Maxim Gorki<br>Reduta Schauspielschule f\u00fcr Film und Theater<\/p>\n\n\n\n<figure class=\"wp-block-image size-large is-resized\"><a href=\"https:\/\/tfk-berlin.de\/?page_id=7054\"><img loading=\"lazy\" decoding=\"async\" width=\"1024\" height=\"683\" src=\"https:\/\/tfk-berlin.de\/neu\/wp-content\/uploads\/2026\/02\/Sommergaeste-2-1024x683.jpg\" alt=\"\" class=\"wp-image-7055\" style=\"width:401px\" srcset=\"https:\/\/tfk-berlin.de\/neu\/wp-content\/uploads\/2026\/02\/Sommergaeste-2-1024x683.jpg 1024w, https:\/\/tfk-berlin.de\/neu\/wp-content\/uploads\/2026\/02\/Sommergaeste-2-300x200.jpg 300w, https:\/\/tfk-berlin.de\/neu\/wp-content\/uploads\/2026\/02\/Sommergaeste-2-768x512.jpg 768w, https:\/\/tfk-berlin.de\/neu\/wp-content\/uploads\/2026\/02\/Sommergaeste-2.jpg 1280w\" sizes=\"auto, (max-width: 1024px) 100vw, 1024px\" \/><\/a><\/figure>\n\n\n\n<p><\/p>\n\n\n\n<p><a href=\"https:\/\/tfk-berlin.de\/?page_id=7054\" title=\"Die Sommerg\u00e4ste\">Weitere Infos zu diesem Gastspiel<\/a><\/p>\n\n\n\n<p>FR &#8211; 17.04.26 &#8211; 18.00 Uhr<br><strong><a href=\"https:\/\/tfk-berlin.de\/?page_id=7054\" title=\"Die Sommerg\u00e4ste\">Die Sommerg\u00e4ste<\/a><\/strong><\/p>\n\n\n\n<p>SA &#8211; 18.04.26 &#8211; 18.00 Uhr<br><strong><a href=\"https:\/\/tfk-berlin.de\/?page_id=7054\" title=\"Die Sommerg\u00e4ste\">Die Sommerg\u00e4ste<\/a><\/strong><\/p>\n\n\n\n<hr class=\"wp-block-separator has-text-color has-alpha-channel-opacity has-background is-style-dots\" style=\"background-color:#880000;color:#880000\"\/>\n\n\n\n<p>FR &#8211; 24.04.26 &#8211; 20.00 Uhr (Premiere)<br><strong><a href=\"https:\/\/tfk-berlin.de\/?page_id=7058\" title=\"Dredging\">Dredging<\/a><\/strong><br>Displaying work by Ampelos Collective and other selected artists<br>Gastspiel<\/p>\n\n\n\n<figure class=\"wp-block-image size-large is-resized\"><a href=\"https:\/\/tfk-berlin.de\/?page_id=7058\"><img loading=\"lazy\" decoding=\"async\" width=\"1024\" height=\"579\" src=\"https:\/\/tfk-berlin.de\/neu\/wp-content\/uploads\/2026\/02\/DREDGING-1-1024x579.jpg\" alt=\"\" class=\"wp-image-7059\" style=\"width:401px\" srcset=\"https:\/\/tfk-berlin.de\/neu\/wp-content\/uploads\/2026\/02\/DREDGING-1-1024x579.jpg 1024w, https:\/\/tfk-berlin.de\/neu\/wp-content\/uploads\/2026\/02\/DREDGING-1-300x170.jpg 300w, https:\/\/tfk-berlin.de\/neu\/wp-content\/uploads\/2026\/02\/DREDGING-1-768x434.jpg 768w, https:\/\/tfk-berlin.de\/neu\/wp-content\/uploads\/2026\/02\/DREDGING-1-1536x868.jpg 1536w, https:\/\/tfk-berlin.de\/neu\/wp-content\/uploads\/2026\/02\/DREDGING-1-2048x1157.jpg 2048w\" sizes=\"auto, (max-width: 1024px) 100vw, 1024px\" \/><\/a><figcaption class=\"wp-element-caption\"><sup>Foto: Pawel Gancarczyk<\/sup><\/figcaption><\/figure>\n\n\n\n<p><a href=\"https:\/\/tfk-berlin.de\/?page_id=7058\" title=\"Dredging\">Weitere Infos zu diesem Gastspiel<\/a><\/p>\n\n\n\n<p>SA &#8211; 25.04.26 &#8211; 20.00 Uhr<br><strong><a href=\"https:\/\/tfk-berlin.de\/?page_id=7058\" title=\"Dredging\">Dredging<\/a><\/strong><\/p>\n\n\n\n<p>SO &#8211; 26.04.26 &#8211; 20.00 Uhr<br><strong><a href=\"https:\/\/tfk-berlin.de\/?page_id=7058\" title=\"Dredging\">Dredging<\/a><\/strong><\/p>\n\n\n\n<hr class=\"wp-block-separator has-text-color has-alpha-channel-opacity has-background is-style-dots\" style=\"background-color:#880000;color:#880000\"\/>\n\n\n\n<p>FR &#8211; 01.05.26 &#8211; 12.00 Uhr (Premiere)<br><strong><a href=\"https:\/\/tfk-berlin.de\/?page_id=7093\" title=\"Der Gro\u00dfe und die Kleine\">Der Gro\u00dfe und die Kleine<\/a><\/strong><br>Musiktheater \u00fcber Mut, Freundschaft<br>und das Wunder, gemeinsam stark zu sein<br>f\u00fcr Kinder von 4 bis 9 Jahren<br>Gastspiel<br>Internationales Berliner Drama Theater<br><em>in russischer Sprache<\/em><\/p>\n\n\n\n<figure class=\"wp-block-image size-large is-resized\"><a href=\"https:\/\/tfk-berlin.de\/?page_id=7093\"><img loading=\"lazy\" decoding=\"async\" width=\"819\" height=\"1024\" src=\"https:\/\/tfk-berlin.de\/neu\/wp-content\/uploads\/2026\/03\/Der-Grosse-und_image0-819x1024.jpg\" alt=\"\" class=\"wp-image-7183\" style=\"width:401px\" srcset=\"https:\/\/tfk-berlin.de\/neu\/wp-content\/uploads\/2026\/03\/Der-Grosse-und_image0-819x1024.jpg 819w, https:\/\/tfk-berlin.de\/neu\/wp-content\/uploads\/2026\/03\/Der-Grosse-und_image0-240x300.jpg 240w, https:\/\/tfk-berlin.de\/neu\/wp-content\/uploads\/2026\/03\/Der-Grosse-und_image0-768x960.jpg 768w, https:\/\/tfk-berlin.de\/neu\/wp-content\/uploads\/2026\/03\/Der-Grosse-und_image0.jpg 1080w\" sizes=\"auto, (max-width: 819px) 100vw, 819px\" \/><\/a><\/figure>\n\n\n\n<p><\/p>\n\n\n\n<p><a href=\"https:\/\/tfk-berlin.de\/?page_id=7093\" title=\"Der Gro\u00dfe und die Kleine\">Weitere Infos zu diesem Gastspiel<\/a><\/p>\n\n\n\n<p>SA &#8211; 02.05.26 &#8211; 12.00 Uhr<br><strong><a href=\"https:\/\/tfk-berlin.de\/?page_id=7093\" title=\"Der Gro\u00dfe und die Kleine\">Der Gro\u00dfe und die Kleine<\/a><\/strong><\/p>\n\n\n\n<p>SO &#8211; 03.05.26 &#8211; 15.00 Uhr<br><strong><a href=\"https:\/\/tfk-berlin.de\/?page_id=7093\" title=\"Der Gro\u00dfe und die Kleine\">Der Gro\u00dfe und die Kleine<\/a><\/strong><\/p>\n\n\n\n<hr class=\"wp-block-separator has-text-color has-alpha-channel-opacity has-background is-style-dots\" style=\"background-color:#880000;color:#880000\"\/>\n\n\n\n<p>FR &#8211; 08.05.26 &#8211; 20.00 Uhr (Premiere)<br><strong><a href=\"https:\/\/tfk-berlin.de\/?page_id=7191\" title=\"AGAINST THE GRAIN\">AGAINST THE GRAIN<\/a><\/strong><br>Showcasing work by Berlin-based artists<br>Performance Festival<\/p>\n\n\n\n<figure class=\"wp-block-image size-large is-resized\"><a href=\"https:\/\/tfk-berlin.de\/?page_id=7191\"><img loading=\"lazy\" decoding=\"async\" width=\"930\" height=\"1024\" src=\"https:\/\/tfk-berlin.de\/neu\/wp-content\/uploads\/2026\/04\/fuer-Website-930x1024.jpg\" alt=\"\" class=\"wp-image-7192\" style=\"width:401px\" srcset=\"https:\/\/tfk-berlin.de\/neu\/wp-content\/uploads\/2026\/04\/fuer-Website-930x1024.jpg 930w, https:\/\/tfk-berlin.de\/neu\/wp-content\/uploads\/2026\/04\/fuer-Website-272x300.jpg 272w, https:\/\/tfk-berlin.de\/neu\/wp-content\/uploads\/2026\/04\/fuer-Website-768x846.jpg 768w, https:\/\/tfk-berlin.de\/neu\/wp-content\/uploads\/2026\/04\/fuer-Website.jpg 1024w\" sizes=\"auto, (max-width: 930px) 100vw, 930px\" \/><\/a><\/figure>\n\n\n\n<p><\/p>\n\n\n\n<p><a href=\"https:\/\/tfk-berlin.de\/?page_id=7191\" title=\"AGAINST THE GRAIN\">Weitere Infos zu diesem Gastspiel<\/a><\/p>\n\n\n\n<p>SA &#8211; 09.05.26 &#8211; 20.00 Uhr<br><strong><a href=\"https:\/\/tfk-berlin.de\/?page_id=7191\" title=\"AGAINST THE GRAIN\">AGAINST THE GRAIN<\/a><\/strong><\/p>\n\n\n\n<hr class=\"wp-block-separator has-text-color has-alpha-channel-opacity has-background is-style-dots\" style=\"background-color:#880000;color:#880000\"\/>\n\n\n\n<p>MI &#8211; 20.05.26 &#8211; 10.00 Uhr<br><strong><a href=\"https:\/\/tfk-berlin.de\/?page_id=7195\" title=\"Piratenlilly und der r\u00e4tselhafte Schatz\">Piratenlilly und der r\u00e4tselhafte Schatz<\/a><\/strong><br>Kindertheater ab 2 Jahren<br>Gastspiel<br>Theaterrebellen<\/p>\n\n\n\n<figure class=\"wp-block-image size-large is-resized\"><a href=\"https:\/\/tfk-berlin.de\/?page_id=7195\"><img loading=\"lazy\" decoding=\"async\" width=\"1024\" height=\"755\" src=\"https:\/\/tfk-berlin.de\/neu\/wp-content\/uploads\/2026\/04\/Piratenlilly-1-1024x755.jpg\" alt=\"\" class=\"wp-image-7196\" style=\"width:401px\" srcset=\"https:\/\/tfk-berlin.de\/neu\/wp-content\/uploads\/2026\/04\/Piratenlilly-1-1024x755.jpg 1024w, https:\/\/tfk-berlin.de\/neu\/wp-content\/uploads\/2026\/04\/Piratenlilly-1-300x221.jpg 300w, https:\/\/tfk-berlin.de\/neu\/wp-content\/uploads\/2026\/04\/Piratenlilly-1-768x566.jpg 768w, https:\/\/tfk-berlin.de\/neu\/wp-content\/uploads\/2026\/04\/Piratenlilly-1.jpg 1314w\" sizes=\"auto, (max-width: 1024px) 100vw, 1024px\" \/><\/a><\/figure>\n\n\n\n<p><\/p>\n\n\n\n<p><a href=\"https:\/\/tfk-berlin.de\/?page_id=7195\" title=\"Piratenlilly und der r\u00e4tselhafte Schatz\">Weitere Infos zu diesem Gastspiel<\/a><\/p>\n\n\n\n<hr class=\"wp-block-separator has-text-color has-alpha-channel-opacity has-background is-style-dots\" style=\"background-color:#880000;color:#880000\"\/>\n\n\n\n<p>DO &#8211; 21.05.26 &#8211; 10.00 Uhr<br><strong><a href=\"https:\/\/tfk-berlin.de\/?page_id=6875\" title=\"[bunt] \u2013 mein K\u00f6rper, meine Entscheidung\">[bunt] &#8211; mein K\u00f6rper, meine Entscheidung<\/a><\/strong><br>Ein Jugendst\u00fcck ab 12 Jahren<br>Gastspiel<br>Theaterrebellen<\/p>\n\n\n\n<figure class=\"wp-block-image size-large is-resized\"><a href=\"https:\/\/tfk-berlin.de\/?page_id=6875\"><img loading=\"lazy\" decoding=\"async\" width=\"1024\" height=\"683\" src=\"https:\/\/tfk-berlin.de\/neu\/wp-content\/uploads\/2025\/12\/bunt-2-1024x683.jpg\" alt=\"\" class=\"wp-image-6876\" style=\"width:401px\" srcset=\"https:\/\/tfk-berlin.de\/neu\/wp-content\/uploads\/2025\/12\/bunt-2-1024x683.jpg 1024w, https:\/\/tfk-berlin.de\/neu\/wp-content\/uploads\/2025\/12\/bunt-2-300x200.jpg 300w, https:\/\/tfk-berlin.de\/neu\/wp-content\/uploads\/2025\/12\/bunt-2-768x512.jpg 768w, https:\/\/tfk-berlin.de\/neu\/wp-content\/uploads\/2025\/12\/bunt-2-1536x1025.jpg 1536w, https:\/\/tfk-berlin.de\/neu\/wp-content\/uploads\/2025\/12\/bunt-2-2048x1366.jpg 2048w\" sizes=\"auto, (max-width: 1024px) 100vw, 1024px\" \/><\/a><\/figure>\n\n\n\n<p><\/p>\n\n\n\n<p><a href=\"https:\/\/tfk-berlin.de\/?page_id=6875\" title=\"[bunt] \u2013 mein K\u00f6rper, meine Entscheidung\">Weitere Infos zu diesem Gastspiel<\/a><\/p>\n\n\n\n<hr class=\"wp-block-separator has-text-color has-alpha-channel-opacity has-background is-style-dots\" style=\"background-color:#880000;color:#880000\"\/>\n\n\n\n<p><a href=\"https:\/\/tfk-berlin.de\/?page_id=43\" title=\"Karten reservieren\">Karten reservieren<\/a><\/p>\n\n\n\n<p>Die Abendkasse hat ab 1 Stunde vor Vorstellungsbeginn ge\u00f6ffnet. Sofern Sie Karten reserviert haben, holen Sie diese bitte bis 20 Minuten vor Vorstellungsbeginn ab. Bei uns ist nur Barzahlung m\u00f6glich.<\/p>\n\n\n\n<p><\/p>\n","protected":false},"excerpt":{"rendered":"<p>DO &#8211; 16.04.26 &#8211; 18.00 Uhr (Premiere)Die Sommerg\u00e4stenach Maxim GorkiReduta Schauspielschule f\u00fcr Film und Theater Weitere Infos zu diesem Gastspiel FR &#8211; 17.04.26 &#8211; 18.00 UhrDie Sommerg\u00e4ste SA &#8211; 18.04.26 &#8211; 18.00 UhrDie Sommerg\u00e4ste FR &#8211; 24.04.26 &#8211; 20.00 Uhr (Premiere)DredgingDisplaying work by Ampelos Collective and other selected artistsGastspiel Weitere Infos zu diesem Gastspiel SA [&hellip;]<\/p>\n","protected":false},"author":1,"featured_media":0,"parent":0,"menu_order":0,"comment_status":"closed","ping_status":"closed","template":"","meta":{"site-sidebar-layout":"default","site-content-layout":"default","ast-site-content-layout":"default","site-content-style":"default","site-sidebar-style":"default","ast-global-header-display":"","ast-banner-title-visibility":"","ast-main-header-display":"","ast-hfb-above-header-display":"","ast-hfb-below-header-display":"","ast-hfb-mobile-header-display":"","site-post-title":"","ast-breadcrumbs-content":"","ast-featured-img":"","footer-sml-layout":"","ast-disable-related-posts":"","theme-transparent-header-meta":"default","adv-header-id-meta":"","stick-header-meta":"default","header-above-stick-meta":"","header-main-stick-meta":"","header-below-stick-meta":"","astra-migrate-meta-layouts":"set","ast-page-background-enabled":"default","ast-page-background-meta":{"desktop":{"background-color":"","background-image":"","background-repeat":"repeat","background-position":"center center","background-size":"auto","background-attachment":"scroll","background-type":"","background-media":"","overlay-type":"","overlay-color":"","overlay-opacity":"","overlay-gradient":""},"tablet":{"background-color":"","background-image":"","background-repeat":"repeat","background-position":"center center","background-size":"auto","background-attachment":"scroll","background-type":"","background-media":"","overlay-type":"","overlay-color":"","overlay-opacity":"","overlay-gradient":""},"mobile":{"background-color":"","background-image":"","background-repeat":"repeat","background-position":"center center","background-size":"auto","background-attachment":"scroll","background-type":"","background-media":"","overlay-type":"","overlay-color":"","overlay-opacity":"","overlay-gradient":""}},"ast-content-background-meta":{"desktop":{"background-color":"var(--ast-global-color-5)","background-image":"","background-repeat":"repeat","background-position":"center center","background-size":"auto","background-attachment":"scroll","background-type":"","background-media":"","overlay-type":"","overlay-color":"","overlay-opacity":"","overlay-gradient":""},"tablet":{"background-color":"var(--ast-global-color-5)","background-image":"","background-repeat":"repeat","background-position":"center center","background-size":"auto","background-attachment":"scroll","background-type":"","background-media":"","overlay-type":"","overlay-color":"","overlay-opacity":"","overlay-gradient":""},"mobile":{"background-color":"var(--ast-global-color-5)","background-image":"","background-repeat":"repeat","background-position":"center center","background-size":"auto","background-attachment":"scroll","background-type":"","background-media":"","overlay-type":"","overlay-color":"","overlay-opacity":"","overlay-gradient":""}},"pgc_sgb_lightbox_settings":"","footnotes":""},"class_list":["post-10","page","type-page","status-publish","hentry"],"aioseo_notices":[],"_links":{"self":[{"href":"https:\/\/tfk-berlin.de\/index.php?rest_route=\/wp\/v2\/pages\/10","targetHints":{"allow":["GET"]}}],"collection":[{"href":"https:\/\/tfk-berlin.de\/index.php?rest_route=\/wp\/v2\/pages"}],"about":[{"href":"https:\/\/tfk-berlin.de\/index.php?rest_route=\/wp\/v2\/types\/page"}],"author":[{"embeddable":true,"href":"https:\/\/tfk-berlin.de\/index.php?rest_route=\/wp\/v2\/users\/1"}],"replies":[{"embeddable":true,"href":"https:\/\/tfk-berlin.de\/index.php?rest_route=%2Fwp%2Fv2%2Fcomments&post=10"}],"version-history":[{"count":1076,"href":"https:\/\/tfk-berlin.de\/index.php?rest_route=\/wp\/v2\/pages\/10\/revisions"}],"predecessor-version":[{"id":7207,"href":"https:\/\/tfk-berlin.de\/index.php?rest_route=\/wp\/v2\/pages\/10\/revisions\/7207"}],"wp:attachment":[{"href":"https:\/\/tfk-berlin.de\/index.php?rest_route=%2Fwp%2Fv2%2Fmedia&parent=10"}],"curies":[{"name":"wp","href":"https:\/\/api.w.org\/{rel}","templated":true}]}}