{"id":14,"date":"2021-02-18T18:52:59","date_gmt":"2021-02-18T17:52:59","guid":{"rendered":"https:\/\/tfk-berlin.de\/neu\/?page_id=14"},"modified":"2024-04-05T10:29:21","modified_gmt":"2024-04-05T08:29:21","slug":"vermietung","status":"publish","type":"page","link":"https:\/\/tfk-berlin.de\/?page_id=14","title":{"rendered":"Vermietung"},"content":{"rendered":"\n<p>Sie k\u00f6nnen das tfk mieten f\u00fcr Gastspiele, Events, Workshops \u2026<\/p>\n\n\n\n<p>Verf\u00fcgbarkeit und Preise<br>auf Anfrage bei:<br>Petra Hildebrand-Wanner<\/p>\n\n\n\n<p>Tel.: 612 88 880<br>Fax: 612 80 463<\/p>\n\n\n\n<p><a href=\"https:\/\/tfk-berlin.de\/?page_id=63\">Zum Raumanfrage-Formular<\/a><\/p>\n\n\n\n<p><strong>R\u00e4ume<\/strong><\/p>\n\n\n\n<p>Theatersaal:<\/p>\n\n\n\n<ul class=\"wp-block-list\">\n<li>Gesamtfl\u00e4che ca. 170 m<sup>2<\/sup><\/li>\n\n\n\n<li>Deckenh\u00f6he: 5,50 m<\/li>\n\n\n\n<li>H\u00f6he Lichtgest\u00e4nge: 5 m<\/li>\n\n\n\n<li>Spielfl\u00e4che ca. 11 m x 12 m<\/li>\n\n\n\n<li>Ansteigende Zuschauertrib\u00fcne mit gepolsterten B\u00e4nken f\u00fcr max. 99 Pl\u00e4tze<\/li>\n\n\n\n<li>Stuckdecke<\/li>\n\n\n\n<li>Holzschwingboden<\/li>\n<\/ul>\n\n\n\n<figure class=\"wp-block-image size-large\"><img loading=\"lazy\" decoding=\"async\" width=\"331\" height=\"221\" src=\"https:\/\/tfk-berlin.de\/neu\/wp-content\/uploads\/2021\/02\/buehne2.jpg\" alt=\"\" class=\"wp-image-70\" srcset=\"https:\/\/tfk-berlin.de\/neu\/wp-content\/uploads\/2021\/02\/buehne2.jpg 331w, https:\/\/tfk-berlin.de\/neu\/wp-content\/uploads\/2021\/02\/buehne2-300x200.jpg 300w\" sizes=\"auto, (max-width: 331px) 100vw, 331px\" \/><figcaption class=\"wp-element-caption\"><sup>Blick von den Zuschauern aus<\/sup><\/figcaption><\/figure>\n\n\n\n<figure class=\"wp-block-image size-large is-resized is-style-default\"><img loading=\"lazy\" decoding=\"async\" width=\"1024\" height=\"768\" src=\"https:\/\/tfk-berlin.de\/neu\/wp-content\/uploads\/2021\/12\/P1000288-1-1024x768.jpg\" alt=\"\" class=\"wp-image-2777\" style=\"width:331px;height:248px\" srcset=\"https:\/\/tfk-berlin.de\/neu\/wp-content\/uploads\/2021\/12\/P1000288-1-1024x768.jpg 1024w, https:\/\/tfk-berlin.de\/neu\/wp-content\/uploads\/2021\/12\/P1000288-1-300x225.jpg 300w, https:\/\/tfk-berlin.de\/neu\/wp-content\/uploads\/2021\/12\/P1000288-1-768x576.jpg 768w, https:\/\/tfk-berlin.de\/neu\/wp-content\/uploads\/2021\/12\/P1000288-1-1536x1152.jpg 1536w, https:\/\/tfk-berlin.de\/neu\/wp-content\/uploads\/2021\/12\/P1000288-1-2048x1536.jpg 2048w\" sizes=\"auto, (max-width: 1024px) 100vw, 1024px\" \/><figcaption class=\"wp-element-caption\"><sup>Blick von der B\u00fchne aus<\/sup><\/figcaption><\/figure>\n\n\n\n<p>Ausstattung:<\/p>\n\n\n\n<ul class=\"wp-block-list\">\n<li>schwarzer Aushang<\/li>\n\n\n\n<li>40 Podien 1m x 2m in versch. H\u00f6hen<\/li>\n\n\n\n<li>fahrbares Montageger\u00fcst, H\u00f6he 5 m<\/li>\n\n\n\n<li>Tanzteppich in schwarz und hellgrau<\/li>\n\n\n\n<li>Deckenschienen f\u00fcr Vorh\u00e4nge und Paravents<\/li>\n\n\n\n<li>Klavier<\/li>\n<\/ul>\n\n\n\n<p>Nebenr\u00e4ume:<\/p>\n\n\n\n<ul class=\"wp-block-list\">\n<li>K\u00fcnstlergarderobe mit Toiletten und Duschen<\/li>\n\n\n\n<li>Werkstatt<\/li>\n\n\n\n<li>Kost\u00fcmfundus<\/li>\n<\/ul>\n\n\n\n<figure class=\"wp-block-image size-large\"><img loading=\"lazy\" decoding=\"async\" width=\"331\" height=\"221\" src=\"https:\/\/tfk-berlin.de\/neu\/wp-content\/uploads\/2021\/02\/garderobe.jpg\" alt=\"\" class=\"wp-image-72\" srcset=\"https:\/\/tfk-berlin.de\/neu\/wp-content\/uploads\/2021\/02\/garderobe.jpg 331w, https:\/\/tfk-berlin.de\/neu\/wp-content\/uploads\/2021\/02\/garderobe-300x200.jpg 300w\" sizes=\"auto, (max-width: 331px) 100vw, 331px\" \/><figcaption class=\"wp-element-caption\"><sup>K\u00fcnstlergarderobe<\/sup><\/figcaption><\/figure>\n\n\n\n<p>Foyer:<\/p>\n\n\n\n<ul class=\"wp-block-list\">\n<li>Gesamtfl\u00e4che ca. 55 qm,<\/li>\n\n\n\n<li>Deckenh\u00f6he 4,90 m<\/li>\n\n\n\n<li>Historische Kassettendecke aus Eichenholz<\/li>\n\n\n\n<li>Fu\u00dfboden aus altem Eichenparkett<\/li>\n\n\n\n<li>indirekte Deckenbeleuchtung, Halogenspots, Wandleuchten<\/li>\n\n\n\n<li>Galerieschienen<\/li>\n\n\n\n<li>voll ausgestatteter Tresen<\/li>\n\n\n\n<li>Toiletten<\/li>\n<\/ul>\n\n\n\n<figure class=\"wp-block-image size-large is-resized\"><img loading=\"lazy\" decoding=\"async\" width=\"1024\" height=\"768\" src=\"https:\/\/tfk-berlin.de\/neu\/wp-content\/uploads\/2023\/09\/foyer-1024x768.jpg\" alt=\"\" class=\"wp-image-4641\" style=\"width:331px;height:undefinedpx\" srcset=\"https:\/\/tfk-berlin.de\/neu\/wp-content\/uploads\/2023\/09\/foyer-1024x768.jpg 1024w, https:\/\/tfk-berlin.de\/neu\/wp-content\/uploads\/2023\/09\/foyer-300x225.jpg 300w, https:\/\/tfk-berlin.de\/neu\/wp-content\/uploads\/2023\/09\/foyer-768x576.jpg 768w, https:\/\/tfk-berlin.de\/neu\/wp-content\/uploads\/2023\/09\/foyer-1536x1152.jpg 1536w, https:\/\/tfk-berlin.de\/neu\/wp-content\/uploads\/2023\/09\/foyer-2048x1536.jpg 2048w\" sizes=\"auto, (max-width: 1024px) 100vw, 1024px\" \/><figcaption class=\"wp-element-caption\"><sup>Foyer<\/sup><\/figcaption><\/figure>\n\n\n\n<p><strong>Technik<\/strong><\/p>\n\n\n\n<p>PDF-Downloads f\u00fcr Techniker:<\/p>\n\n\n\n<div class=\"wp-block-file\"><a id=\"wp-block-file--media-1de69577-0a3b-4745-b3bd-4761c075d0fa\" href=\"https:\/\/tfk-berlin.de\/neu\/wp-content\/uploads\/2024\/04\/materialliste2024.pdf\">Materialliste Licht und Ton<\/a><a href=\"https:\/\/tfk-berlin.de\/neu\/wp-content\/uploads\/2024\/04\/materialliste2024.pdf\" class=\"wp-block-file__button wp-element-button\" download aria-describedby=\"wp-block-file--media-1de69577-0a3b-4745-b3bd-4761c075d0fa\">Herunterladen<\/a><\/div>\n\n\n\n<div class=\"wp-block-file\"><a id=\"wp-block-file--media-6372be24-1414-4961-b192-a9c548359f21\" href=\"https:\/\/tfk-berlin.de\/neu\/wp-content\/uploads\/2021\/12\/informativeskizze.pdf\">Informative Skizze<\/a><a href=\"https:\/\/tfk-berlin.de\/neu\/wp-content\/uploads\/2021\/12\/informativeskizze.pdf\" class=\"wp-block-file__button wp-element-button\" download aria-describedby=\"wp-block-file--media-6372be24-1414-4961-b192-a9c548359f21\">Herunterladen<\/a><\/div>\n\n\n\n<div class=\"wp-block-file\"><a id=\"wp-block-file--media-3471e3c0-ab12-482e-a861-8dc8b29dccf6\" href=\"https:\/\/tfk-berlin.de\/neu\/wp-content\/uploads\/2021\/12\/patchliste.pdf\">Patchliste<\/a><a href=\"https:\/\/tfk-berlin.de\/neu\/wp-content\/uploads\/2021\/12\/patchliste.pdf\" class=\"wp-block-file__button wp-element-button\" download aria-describedby=\"wp-block-file--media-3471e3c0-ab12-482e-a861-8dc8b29dccf6\">Herunterladen<\/a><\/div>\n\n\n\n<div class=\"wp-block-file\"><a id=\"wp-block-file--media-6e91c122-b132-46d5-9de7-a15cbd6fd881\" href=\"https:\/\/tfk-berlin.de\/neu\/wp-content\/uploads\/2021\/12\/grid.pdf\">Grid<\/a><a href=\"https:\/\/tfk-berlin.de\/neu\/wp-content\/uploads\/2021\/12\/grid.pdf\" class=\"wp-block-file__button wp-element-button\" download aria-describedby=\"wp-block-file--media-6e91c122-b132-46d5-9de7-a15cbd6fd881\">Herunterladen<\/a><\/div>\n\n\n\n<div class=\"wp-block-file\"><a id=\"wp-block-file--media-b0aee9b7-3630-4169-bad3-9218d0abb39b\" href=\"https:\/\/tfk-berlin.de\/neu\/wp-content\/uploads\/2021\/12\/versaetze_sockets.pdf\">Vers\u00e4tze \/ Sockets<\/a><a href=\"https:\/\/tfk-berlin.de\/neu\/wp-content\/uploads\/2021\/12\/versaetze_sockets.pdf\" class=\"wp-block-file__button wp-element-button\" download aria-describedby=\"wp-block-file--media-b0aee9b7-3630-4169-bad3-9218d0abb39b\">Herunterladen<\/a><\/div>\n\n\n\n<p>Ansprechpartner:<br>Vinzent Wobeser, Veranstaltungstechniker<\/p>\n","protected":false},"excerpt":{"rendered":"<p>Sie k\u00f6nnen das tfk mieten f\u00fcr Gastspiele, Events, Workshops \u2026 Verf\u00fcgbarkeit und Preiseauf Anfrage bei:Petra Hildebrand-Wanner Tel.: 612 88 880Fax: 612 80 463 Zum Raumanfrage-Formular R\u00e4ume Theatersaal: Ausstattung: Nebenr\u00e4ume: Foyer: Technik PDF-Downloads f\u00fcr Techniker: Ansprechpartner:Vinzent Wobeser, Veranstaltungstechniker<\/p>\n","protected":false},"author":1,"featured_media":0,"parent":0,"menu_order":0,"comment_status":"closed","ping_status":"closed","template":"","meta":{"site-sidebar-layout":"default","site-content-layout":"default","ast-site-content-layout":"default","site-content-style":"default","site-sidebar-style":"default","ast-global-header-display":"","ast-banner-title-visibility":"","ast-main-header-display":"","ast-hfb-above-header-display":"","ast-hfb-below-header-display":"","ast-hfb-mobile-header-display":"","site-post-title":"","ast-breadcrumbs-content":"","ast-featured-img":"","footer-sml-layout":"","ast-disable-related-posts":"","theme-transparent-header-meta":"default","adv-header-id-meta":"","stick-header-meta":"default","header-above-stick-meta":"","header-main-stick-meta":"","header-below-stick-meta":"","astra-migrate-meta-layouts":"set","ast-page-background-enabled":"default","ast-page-background-meta":{"desktop":{"background-color":"","background-image":"","background-repeat":"repeat","background-position":"center center","background-size":"auto","background-attachment":"scroll","background-type":"","background-media":"","overlay-type":"","overlay-color":"","overlay-opacity":"","overlay-gradient":""},"tablet":{"background-color":"","background-image":"","background-repeat":"repeat","background-position":"center center","background-size":"auto","background-attachment":"scroll","background-type":"","background-media":"","overlay-type":"","overlay-color":"","overlay-opacity":"","overlay-gradient":""},"mobile":{"background-color":"","background-image":"","background-repeat":"repeat","background-position":"center center","background-size":"auto","background-attachment":"scroll","background-type":"","background-media":"","overlay-type":"","overlay-color":"","overlay-opacity":"","overlay-gradient":""}},"ast-content-background-meta":{"desktop":{"background-color":"var(--ast-global-color-5)","background-image":"","background-repeat":"repeat","background-position":"center center","background-size":"auto","background-attachment":"scroll","background-type":"","background-media":"","overlay-type":"","overlay-color":"","overlay-opacity":"","overlay-gradient":""},"tablet":{"background-color":"var(--ast-global-color-5)","background-image":"","background-repeat":"repeat","background-position":"center center","background-size":"auto","background-attachment":"scroll","background-type":"","background-media":"","overlay-type":"","overlay-color":"","overlay-opacity":"","overlay-gradient":""},"mobile":{"background-color":"var(--ast-global-color-5)","background-image":"","background-repeat":"repeat","background-position":"center center","background-size":"auto","background-attachment":"scroll","background-type":"","background-media":"","overlay-type":"","overlay-color":"","overlay-opacity":"","overlay-gradient":""}},"pgc_sgb_lightbox_settings":"","footnotes":""},"class_list":["post-14","page","type-page","status-publish","hentry"],"aioseo_notices":[],"_links":{"self":[{"href":"https:\/\/tfk-berlin.de\/index.php?rest_route=\/wp\/v2\/pages\/14","targetHints":{"allow":["GET"]}}],"collection":[{"href":"https:\/\/tfk-berlin.de\/index.php?rest_route=\/wp\/v2\/pages"}],"about":[{"href":"https:\/\/tfk-berlin.de\/index.php?rest_route=\/wp\/v2\/types\/page"}],"author":[{"embeddable":true,"href":"https:\/\/tfk-berlin.de\/index.php?rest_route=\/wp\/v2\/users\/1"}],"replies":[{"embeddable":true,"href":"https:\/\/tfk-berlin.de\/index.php?rest_route=%2Fwp%2Fv2%2Fcomments&post=14"}],"version-history":[{"count":31,"href":"https:\/\/tfk-berlin.de\/index.php?rest_route=\/wp\/v2\/pages\/14\/revisions"}],"predecessor-version":[{"id":5193,"href":"https:\/\/tfk-berlin.de\/index.php?rest_route=\/wp\/v2\/pages\/14\/revisions\/5193"}],"wp:attachment":[{"href":"https:\/\/tfk-berlin.de\/index.php?rest_route=%2Fwp%2Fv2%2Fmedia&parent=14"}],"curies":[{"name":"wp","href":"https:\/\/api.w.org\/{rel}","templated":true}]}}