{"id":149,"date":"2021-02-23T13:12:57","date_gmt":"2021-02-23T12:12:57","guid":{"rendered":"https:\/\/tfk-berlin.de\/neu\/?page_id=149"},"modified":"2024-10-03T15:10:37","modified_gmt":"2024-10-03T13:10:37","slug":"geschichte","status":"publish","type":"page","link":"https:\/\/tfk-berlin.de\/?page_id=149","title":{"rendered":"Geschichte"},"content":{"rendered":"\n<p>Im November 1985 er\u00f6ffnete das theaterforum kreuzberg. Die Schauspielerin und Regisseurin Anemone Poland ist k\u00fcnstlerische Leiterin des tfk. Gespielt wurden unter ihrer Leitung Autoren der klassischen Moderne, darunter viele deutsche Erstauff\u00fchrungen.<\/p>\n\n\n\n<p>Sie inszenierte Autoren, die man in Deutschland kaum kennt oder die l\u00e4ngst vergessen sind: Ghelderode, Tardieu, Gozzi, Tieck, Anouilh, Vitrac, Schehad\u00e9 und ein St\u00fcck des Malers Max Beckmann. Mit diesen \u201aAusgrabungen\u2019 hat sich das tfk eine kleine Marktnische erspielt.<\/p>\n\n\n\n<figure class=\"wp-block-image size-large\"><img loading=\"lazy\" decoding=\"async\" width=\"440\" height=\"300\" src=\"https:\/\/tfk-berlin.de\/neu\/wp-content\/uploads\/2021\/02\/hotel.jpg\" alt=\"\" class=\"wp-image-169\" srcset=\"https:\/\/tfk-berlin.de\/neu\/wp-content\/uploads\/2021\/02\/hotel.jpg 440w, https:\/\/tfk-berlin.de\/neu\/wp-content\/uploads\/2021\/02\/hotel-300x205.jpg 300w\" sizes=\"auto, (max-width: 440px) 100vw, 440px\" \/><figcaption class=\"wp-element-caption\"><sup>\u201eDas Hotel\u201c von Max Beckmann. Foto: Jochen Melzian<\/sup><\/figcaption><\/figure>\n\n\n\n<p>Auch in Zukunft werden (Wieder-)Entdeckungen auf dem Spielplan des tfk stehen.<\/p>\n\n\n\n<p>Am Anfang, vor \u00fcber 30 Jahren stand der Wunsch junger Theaterleute, einige hatten gerade dem Stadttheater den R\u00fccken gekehrt, einen Ort f\u00fcr Experimente und k\u00fcnstlerischen Austausch zu schaffen: ein Theaterlabor. Untersucht wurde die bis dahin in Deutschland v\u00f6llig unbekannte Schauspielmethodik von Michael Tschechow.<\/p>\n\n\n\n<p>Neben Training, Proben und Auff\u00fchrungen bauten die damaligen Ensemblemitglieder den alten Ballsaal des \u201eK\u00f6penicker Hof\u201c zu einem Theater aus. Tagesspiegel- und Lottostiftung spendierten Licht- und Tonanlage, Podien und Vorh\u00e4nge. Am 7. November 1985 fand die erste Vorstellung statt. Gegeben wurde \u201eDer K\u00f6nig stirbt\u201c von E. Ionesco \u2013 (k)ein Zufall, da\u00df nach 20 Jahren wieder ein St\u00fcck von Ionesco auf dem Spielplan steht? Doch dieses Mal stirbt nicht der K\u00f6nig, es stirbt das Volk.<\/p>\n\n\n\n<p>Bald kamen Gastspielanfragen anderer Ensembles. Das eigene Haus war gebaut; man hatte Zeit und Kraft, sich nach au\u00dfen zu orientieren. Allm\u00e4hlich etablierte sich ein kontinuierlicher Gastspielbetrieb; heute gastieren ca. 20 verschiedene Ensembles im Jahr im tfk.<\/p>\n\n\n\n<p>In der legend\u00e4ren Nacht zum 9. November 1989 spielte das Perpendikel Theater Heiner M\u00fcllers \u201eHamletmaschine\u201c in der Inszenierung von Rudi M\u00fcller-Poland. Als \u201eerstes\u201c Haus hinter der Mauer kam das Publikum am folgenden Wochenende aus dem anderen Teil der Stadt. Keiner der Beteiligten wird diese Vorstellungen vergessen.<\/p>\n\n\n\n<p>1992 fand zum erstenmal in Deutschland ein Internationaler Michael-Tschechow-Workshop statt, organisiert und ausgerichtet vom Team des tfk. Theaterk\u00fcnstler aus Ost und West (Ru\u00dfland, Sibirien, Polen, USA, England, Israel, Spanien, D\u00e4nemark) begegneten sich im tfk zu einem Austausch \u00fcber das Werk von Michael Tschechow. 1995 folgte eine Internationale Expertenkonferenz unter der Schirmherrschaft des damaligen Kultursenators Roloff-Momin.<\/p>\n\n\n\n<p>Heute ist diese Schauspielmethodik in Deutschland bekannt und beeinflu\u00dft die Lehrpl\u00e4ne der staatlichen und privaten Schauspielschulen.<\/p>\n\n\n\n<p>\u00d6ffentliche F\u00f6rderung erh\u00e4lt das Theater nicht. Seit seiner Entstehung lebt es vom Enthusiasmus und Mut der Theatermacher. Unterst\u00fctzt wird das Theater vom Forum Kreuzberg F\u00f6rderverein, der GLS Treuhand, der Heinz und Heide D\u00fcrr Stiftung, der G\u00f6tz George Stiftung und vom Freundeskreis des Theaters.<\/p>\n\n\n\n<p>Den K\u00fcnstlern am tfk gelingt immer wieder, bemerkenswerte Auff\u00fchrungen auf die Beine zu stellen. Sie gr\u00fcndeten einen F\u00f6rderverein \u201etheaterforum kreuzberg e.V.\u201c mit dem Ziel, das Theater zu erhalten und die Theaterarbeit auch in Zukunft zu erm\u00f6glichen.<\/p>\n\n\n\n<p><strong>M\u00f6chten Sie uns unterst\u00fctzen?<\/strong><\/p>\n\n\n\n<p>Dann werden Sie f\u00f6rderndes Mitglied im<br>theaterforum kreuzberg e.V.<br>Kontakt: Petra Hildebrand-Wanner, Tel: 030 \u2013 612 88 880<\/p>\n\n\n\n<p>Hier k\u00f6nnen Sie das Anmeldeformular downloaden, ausdrucken, ausf\u00fcllen und an unsere Faxnummer 030 \u2013 612 80 463 senden:<\/p>\n\n\n\n<p><a href=\"https:\/\/tfk-berlin.de\/pdf\/tfk_Anmeldeformular.pdf\" target=\"_blank\" rel=\"noopener\" title=\"\">Anmeldeformular (PDF-Datei)<\/a><\/p>\n\n\n\n<p>oder mit der Post schicken an das:<\/p>\n\n\n\n<p>theaterforum kreuzberg<br>Eisenbahnstra\u00dfe 21<br>10997 Berlin<\/p>\n","protected":false},"excerpt":{"rendered":"<p>Im November 1985 er\u00f6ffnete das theaterforum kreuzberg. Die Schauspielerin und Regisseurin Anemone Poland ist k\u00fcnstlerische Leiterin des tfk. Gespielt wurden unter ihrer Leitung Autoren der klassischen Moderne, darunter viele deutsche Erstauff\u00fchrungen. Sie inszenierte Autoren, die man in Deutschland kaum kennt oder die l\u00e4ngst vergessen sind: Ghelderode, Tardieu, Gozzi, Tieck, Anouilh, Vitrac, Schehad\u00e9 und ein St\u00fcck [&hellip;]<\/p>\n","protected":false},"author":1,"featured_media":0,"parent":0,"menu_order":0,"comment_status":"closed","ping_status":"closed","template":"","meta":{"site-sidebar-layout":"default","site-content-layout":"default","ast-site-content-layout":"default","site-content-style":"default","site-sidebar-style":"default","ast-global-header-display":"","ast-banner-title-visibility":"","ast-main-header-display":"","ast-hfb-above-header-display":"","ast-hfb-below-header-display":"","ast-hfb-mobile-header-display":"","site-post-title":"","ast-breadcrumbs-content":"","ast-featured-img":"","footer-sml-layout":"","ast-disable-related-posts":"","theme-transparent-header-meta":"default","adv-header-id-meta":"","stick-header-meta":"default","header-above-stick-meta":"","header-main-stick-meta":"","header-below-stick-meta":"","astra-migrate-meta-layouts":"set","ast-page-background-enabled":"default","ast-page-background-meta":{"desktop":{"background-color":"","background-image":"","background-repeat":"repeat","background-position":"center center","background-size":"auto","background-attachment":"scroll","background-type":"","background-media":"","overlay-type":"","overlay-color":"","overlay-opacity":"","overlay-gradient":""},"tablet":{"background-color":"","background-image":"","background-repeat":"repeat","background-position":"center center","background-size":"auto","background-attachment":"scroll","background-type":"","background-media":"","overlay-type":"","overlay-color":"","overlay-opacity":"","overlay-gradient":""},"mobile":{"background-color":"","background-image":"","background-repeat":"repeat","background-position":"center center","background-size":"auto","background-attachment":"scroll","background-type":"","background-media":"","overlay-type":"","overlay-color":"","overlay-opacity":"","overlay-gradient":""}},"ast-content-background-meta":{"desktop":{"background-color":"var(--ast-global-color-5)","background-image":"","background-repeat":"repeat","background-position":"center center","background-size":"auto","background-attachment":"scroll","background-type":"","background-media":"","overlay-type":"","overlay-color":"","overlay-opacity":"","overlay-gradient":""},"tablet":{"background-color":"var(--ast-global-color-5)","background-image":"","background-repeat":"repeat","background-position":"center center","background-size":"auto","background-attachment":"scroll","background-type":"","background-media":"","overlay-type":"","overlay-color":"","overlay-opacity":"","overlay-gradient":""},"mobile":{"background-color":"var(--ast-global-color-5)","background-image":"","background-repeat":"repeat","background-position":"center center","background-size":"auto","background-attachment":"scroll","background-type":"","background-media":"","overlay-type":"","overlay-color":"","overlay-opacity":"","overlay-gradient":""}},"pgc_sgb_lightbox_settings":"","footnotes":""},"class_list":["post-149","page","type-page","status-publish","hentry"],"aioseo_notices":[],"_links":{"self":[{"href":"https:\/\/tfk-berlin.de\/index.php?rest_route=\/wp\/v2\/pages\/149","targetHints":{"allow":["GET"]}}],"collection":[{"href":"https:\/\/tfk-berlin.de\/index.php?rest_route=\/wp\/v2\/pages"}],"about":[{"href":"https:\/\/tfk-berlin.de\/index.php?rest_route=\/wp\/v2\/types\/page"}],"author":[{"embeddable":true,"href":"https:\/\/tfk-berlin.de\/index.php?rest_route=\/wp\/v2\/users\/1"}],"replies":[{"embeddable":true,"href":"https:\/\/tfk-berlin.de\/index.php?rest_route=%2Fwp%2Fv2%2Fcomments&post=149"}],"version-history":[{"count":9,"href":"https:\/\/tfk-berlin.de\/index.php?rest_route=\/wp\/v2\/pages\/149\/revisions"}],"predecessor-version":[{"id":5679,"href":"https:\/\/tfk-berlin.de\/index.php?rest_route=\/wp\/v2\/pages\/149\/revisions\/5679"}],"wp:attachment":[{"href":"https:\/\/tfk-berlin.de\/index.php?rest_route=%2Fwp%2Fv2%2Fmedia&parent=149"}],"curies":[{"name":"wp","href":"https:\/\/api.w.org\/{rel}","templated":true}]}}