{"id":153,"date":"2021-02-23T13:13:32","date_gmt":"2021-02-23T12:13:32","guid":{"rendered":"https:\/\/tfk-berlin.de\/neu\/?page_id=153"},"modified":"2025-08-25T22:02:26","modified_gmt":"2025-08-25T20:02:26","slug":"ensemble","status":"publish","type":"page","link":"https:\/\/tfk-berlin.de\/?page_id=153","title":{"rendered":"Das Ensemble"},"content":{"rendered":"\n<p>Schauspiel<\/p>\n\n\n\n<p><a href=\"https:\/\/tfk-berlin.de\/neu\/?page_id=194\" data-type=\"page\" data-id=\"194\"><img loading=\"lazy\" decoding=\"async\" width=\"150\" height=\"217\" class=\"wp-image-892\" style=\"width: 150px;\" src=\"https:\/\/tfk-berlin.de\/neu\/wp-content\/uploads\/2021\/05\/IMG-20201203-WA0000.jpg\" alt=\"\" srcset=\"https:\/\/tfk-berlin.de\/neu\/wp-content\/uploads\/2021\/05\/IMG-20201203-WA0000.jpg 570w, https:\/\/tfk-berlin.de\/neu\/wp-content\/uploads\/2021\/05\/IMG-20201203-WA0000-208x300.jpg 208w\" sizes=\"auto, (max-width: 150px) 100vw, 150px\" \/><\/a><a href=\"https:\/\/tfk-berlin.de\/neu\/?page_id=194\" data-type=\"page\" data-id=\"194\"><\/a><br><a href=\"https:\/\/tfk-berlin.de\/neu\/?page_id=194\" data-type=\"page\" data-id=\"194\">Philipp-Manuel Bodner<\/a><\/p>\n\n\n\n<p><a href=\"https:\/\/tfk-berlin.de\/neu\/?page_id=196\" data-type=\"page\" data-id=\"196\"><img loading=\"lazy\" decoding=\"async\" width=\"150\" height=\"213\" class=\"wp-image-890\" style=\"width: 150px;\" src=\"https:\/\/tfk-berlin.de\/neu\/wp-content\/uploads\/2021\/05\/Castro-Esteban-Frontal@05.18.jpg\" alt=\"\" srcset=\"https:\/\/tfk-berlin.de\/neu\/wp-content\/uploads\/2021\/05\/Castro-Esteban-Frontal@05.18.jpg 747w, https:\/\/tfk-berlin.de\/neu\/wp-content\/uploads\/2021\/05\/Castro-Esteban-Frontal@05.18-212x300.jpg 212w, https:\/\/tfk-berlin.de\/neu\/wp-content\/uploads\/2021\/05\/Castro-Esteban-Frontal@05.18-722x1024.jpg 722w\" sizes=\"auto, (max-width: 150px) 100vw, 150px\" \/><\/a><a href=\"https:\/\/tfk-berlin.de\/neu\/?page_id=196\" data-type=\"page\" data-id=\"196\"><\/a><br><a href=\"https:\/\/tfk-berlin.de\/neu\/?page_id=196\" data-type=\"page\" data-id=\"196\">Esteban Castro Ramos<\/a><\/p>\n\n\n\n<p><a href=\"https:\/\/tfk-berlin.de\/neu\/?page_id=198\" data-type=\"page\" data-id=\"198\"><\/a><a href=\"https:\/\/tfk-berlin.de\/neu\/?page_id=198\" data-type=\"page\" data-id=\"198\"><img loading=\"lazy\" decoding=\"async\" width=\"150\" height=\"215\" class=\"wp-image-883\" style=\"width: 150px;\" src=\"https:\/\/tfk-berlin.de\/neu\/wp-content\/uploads\/2021\/05\/Nuri-2.jpg\" alt=\"\" srcset=\"https:\/\/tfk-berlin.de\/neu\/wp-content\/uploads\/2021\/05\/Nuri-2.jpg 446w, https:\/\/tfk-berlin.de\/neu\/wp-content\/uploads\/2021\/05\/Nuri-2-210x300.jpg 210w\" sizes=\"auto, (max-width: 150px) 100vw, 150px\" \/><\/a><br><a href=\"https:\/\/tfk-berlin.de\/neu\/?page_id=198\" data-type=\"page\" data-id=\"198\">Noureddine Chamari<\/a><\/p>\n\n\n\n<p><a href=\"https:\/\/tfk-berlin.de\/?page_id=5699\" title=\"Christine Detmers\"><img loading=\"lazy\" decoding=\"async\" width=\"150\" height=\"215\" class=\"wp-image-5702\" style=\"width: 150px;\" src=\"https:\/\/tfk-berlin.de\/neu\/wp-content\/uploads\/2024\/10\/christine_thumbnail.jpg\" alt=\"\" srcset=\"https:\/\/tfk-berlin.de\/neu\/wp-content\/uploads\/2024\/10\/christine_thumbnail.jpg 1590w, https:\/\/tfk-berlin.de\/neu\/wp-content\/uploads\/2024\/10\/christine_thumbnail-209x300.jpg 209w, https:\/\/tfk-berlin.de\/neu\/wp-content\/uploads\/2024\/10\/christine_thumbnail-715x1024.jpg 715w, https:\/\/tfk-berlin.de\/neu\/wp-content\/uploads\/2024\/10\/christine_thumbnail-768x1100.jpg 768w, https:\/\/tfk-berlin.de\/neu\/wp-content\/uploads\/2024\/10\/christine_thumbnail-1072x1536.jpg 1072w, https:\/\/tfk-berlin.de\/neu\/wp-content\/uploads\/2024\/10\/christine_thumbnail-1429x2048.jpg 1429w\" sizes=\"auto, (max-width: 150px) 100vw, 150px\" \/><br>Christine Detmers<\/a><\/p>\n\n\n\n<p><a href=\"https:\/\/tfk-berlin.de\/neu\/?page_id=204\" data-type=\"page\" data-id=\"204\"><img loading=\"lazy\" decoding=\"async\" width=\"150\" height=\"225\" class=\"wp-image-322\" style=\"width: 150px;\" src=\"https:\/\/tfk-berlin.de\/neu\/wp-content\/uploads\/2021\/02\/Katharina.Foersch-1.jpg\" alt=\"Katharina F\u00f6rsch\" srcset=\"https:\/\/tfk-berlin.de\/neu\/wp-content\/uploads\/2021\/02\/Katharina.Foersch-1.jpg 400w, https:\/\/tfk-berlin.de\/neu\/wp-content\/uploads\/2021\/02\/Katharina.Foersch-1-200x300.jpg 200w\" sizes=\"auto, (max-width: 150px) 100vw, 150px\" \/><\/a><br><a href=\"https:\/\/tfk-berlin.de\/neu\/?page_id=204\" data-type=\"page\" data-id=\"204\">Katharina F\u00f6rsch<\/a><\/p>\n\n\n\n<p><a href=\"https:\/\/tfk-berlin.de\/?page_id=3621\" title=\"Martin Hamann\"><img loading=\"lazy\" decoding=\"async\" width=\"150\" height=\"206\" class=\"wp-image-3624\" style=\"width: 150px;\" src=\"https:\/\/tfk-berlin.de\/neu\/wp-content\/uploads\/2022\/09\/martin.hamann_small.jpg\" alt=\"\" srcset=\"https:\/\/tfk-berlin.de\/neu\/wp-content\/uploads\/2022\/09\/martin.hamann_small.jpg 486w, https:\/\/tfk-berlin.de\/neu\/wp-content\/uploads\/2022\/09\/martin.hamann_small-218x300.jpg 218w\" sizes=\"auto, (max-width: 150px) 100vw, 150px\" \/><\/a><br><a href=\"https:\/\/tfk-berlin.de\/?page_id=3621\" title=\"Martin Hamann\">Martin Hamann<\/a><\/p>\n\n\n\n<p><a data-type=\"page\" data-id=\"206\" href=\"https:\/\/tfk-berlin.de\/neu\/?page_id=206\"><img loading=\"lazy\" decoding=\"async\" width=\"150\" height=\"225\" class=\"wp-image-324\" style=\"width: 150px;\" src=\"https:\/\/tfk-berlin.de\/neu\/wp-content\/uploads\/2021\/02\/01_Herrmann_Thilo_\u00a9_Rene-Loeffler.jpg\" alt=\"Thilo Herrmann\" srcset=\"https:\/\/tfk-berlin.de\/neu\/wp-content\/uploads\/2021\/02\/01_Herrmann_Thilo_\u00a9_Rene-Loeffler.jpg 666w, https:\/\/tfk-berlin.de\/neu\/wp-content\/uploads\/2021\/02\/01_Herrmann_Thilo_\u00a9_Rene-Loeffler-200x300.jpg 200w\" sizes=\"auto, (max-width: 150px) 100vw, 150px\" \/><\/a><br><a data-type=\"page\" data-id=\"206\" href=\"https:\/\/tfk-berlin.de\/neu\/?page_id=206\">Thilo Herrmann<\/a><\/p>\n\n\n\n<p><a href=\"https:\/\/tfk-berlin.de\/?page_id=4379\" title=\"Charlotte Hohlstein\"><img loading=\"lazy\" decoding=\"async\" width=\"150\" height=\"206\" class=\"wp-image-4380\" style=\"width: 150px;\" src=\"https:\/\/tfk-berlin.de\/neu\/wp-content\/uploads\/2023\/05\/Charlotte-Hohlstein.jpg\" alt=\"\" srcset=\"https:\/\/tfk-berlin.de\/neu\/wp-content\/uploads\/2023\/05\/Charlotte-Hohlstein.jpg 343w, https:\/\/tfk-berlin.de\/neu\/wp-content\/uploads\/2023\/05\/Charlotte-Hohlstein-219x300.jpg 219w\" sizes=\"auto, (max-width: 150px) 100vw, 150px\" \/><\/a><br><a href=\"https:\/\/tfk-berlin.de\/?page_id=4379\" title=\"Charlotte Hohlstein\">Charlotte Hohlstein<\/a><\/p>\n\n\n\n<p><a href=\"https:\/\/tfk-berlin.de\/neu\/?page_id=210\" data-type=\"page\" data-id=\"210\"><img loading=\"lazy\" decoding=\"async\" width=\"150\" height=\"231\" class=\"wp-image-328\" style=\"width: 150px;\" src=\"https:\/\/tfk-berlin.de\/neu\/wp-content\/uploads\/2021\/02\/simon.jpg\" alt=\"Simon Mayer\" srcset=\"https:\/\/tfk-berlin.de\/neu\/wp-content\/uploads\/2021\/02\/simon.jpg 504w, https:\/\/tfk-berlin.de\/neu\/wp-content\/uploads\/2021\/02\/simon-195x300.jpg 195w\" sizes=\"auto, (max-width: 150px) 100vw, 150px\" \/><\/a><br><a href=\"https:\/\/tfk-berlin.de\/neu\/?page_id=210\" data-type=\"page\" data-id=\"210\">Simon Mayer<\/a><\/p>\n\n\n\n<p><a href=\"https:\/\/tfk-berlin.de\/?page_id=6580\" title=\"Celia M\u00fcller\"><img loading=\"lazy\" decoding=\"async\" width=\"150\" height=\"225\" class=\"wp-image-6581\" style=\"width: 150px;\" src=\"https:\/\/tfk-berlin.de\/neu\/wp-content\/uploads\/2025\/08\/Celia-Mueller.jpg\" alt=\"\" srcset=\"https:\/\/tfk-berlin.de\/neu\/wp-content\/uploads\/2025\/08\/Celia-Mueller.jpg 5420w, https:\/\/tfk-berlin.de\/neu\/wp-content\/uploads\/2025\/08\/Celia-Mueller-200x300.jpg 200w, https:\/\/tfk-berlin.de\/neu\/wp-content\/uploads\/2025\/08\/Celia-Mueller-683x1024.jpg 683w, https:\/\/tfk-berlin.de\/neu\/wp-content\/uploads\/2025\/08\/Celia-Mueller-768x1151.jpg 768w\" sizes=\"auto, (max-width: 150px) 100vw, 150px\" \/><\/a><br><a href=\"https:\/\/tfk-berlin.de\/?page_id=6580\" title=\"Celia M\u00fcller\">Celia M\u00fcller<\/a><\/p>\n\n\n\n<p><a href=\"https:\/\/tfk-berlin.de\/neu\/?page_id=2447\" data-type=\"page\" data-id=\"2447\"><img loading=\"lazy\" decoding=\"async\" width=\"150\" height=\"194\" class=\"wp-image-2448\" style=\"width: 150px;\" src=\"https:\/\/tfk-berlin.de\/neu\/wp-content\/uploads\/2021\/10\/otto_big.jpg\" alt=\"\" srcset=\"https:\/\/tfk-berlin.de\/neu\/wp-content\/uploads\/2021\/10\/otto_big.jpg 599w, https:\/\/tfk-berlin.de\/neu\/wp-content\/uploads\/2021\/10\/otto_big-232x300.jpg 232w\" sizes=\"auto, (max-width: 150px) 100vw, 150px\" \/><\/a><br><a href=\"https:\/\/tfk-berlin.de\/neu\/?page_id=2447\" data-type=\"page\" data-id=\"2447\">Svenja Otto<\/a><\/p>\n\n\n\n<p><a href=\"https:\/\/tfk-berlin.de\/neu\/?page_id=212\" data-type=\"page\" data-id=\"212\"><img loading=\"lazy\" decoding=\"async\" width=\"108\" height=\"150\" class=\"wp-image-339\" style=\"width: 108px;\" src=\"https:\/\/tfk-berlin.de\/neu\/wp-content\/uploads\/2021\/02\/otto.jpg\" alt=\"Thomas Otto\"><\/a><br><a href=\"https:\/\/tfk-berlin.de\/neu\/?page_id=212\" data-type=\"page\" data-id=\"212\">Thomas Otto<\/a><\/p>\n\n\n\n<p><a href=\"https:\/\/tfk-berlin.de\/?page_id=6584\" title=\"Georg Raisch\"><img loading=\"lazy\" decoding=\"async\" width=\"150\" height=\"215\" class=\"wp-image-6590\" style=\"width: 150px;\" src=\"https:\/\/tfk-berlin.de\/neu\/wp-content\/uploads\/2025\/08\/georg2.jpg\" alt=\"\" srcset=\"https:\/\/tfk-berlin.de\/neu\/wp-content\/uploads\/2025\/08\/georg2.jpg 678w, https:\/\/tfk-berlin.de\/neu\/wp-content\/uploads\/2025\/08\/georg2-209x300.jpg 209w\" sizes=\"auto, (max-width: 150px) 100vw, 150px\" \/><\/a><br><a href=\"https:\/\/tfk-berlin.de\/?page_id=6584\" title=\"Georg Raisch\">Georg Raisch<\/a><\/p>\n\n\n\n<p><a href=\"https:\/\/tfk-berlin.de\/?page_id=3629\" title=\"Sabine Ro\u00dfberg\"><img loading=\"lazy\" decoding=\"async\" width=\"150\" height=\"201\" class=\"wp-image-3632\" style=\"width: 150px;\" src=\"https:\/\/tfk-berlin.de\/neu\/wp-content\/uploads\/2022\/09\/sabine_r_small.jpg\" alt=\"\" srcset=\"https:\/\/tfk-berlin.de\/neu\/wp-content\/uploads\/2022\/09\/sabine_r_small.jpg 500w, https:\/\/tfk-berlin.de\/neu\/wp-content\/uploads\/2022\/09\/sabine_r_small-224x300.jpg 224w\" sizes=\"auto, (max-width: 150px) 100vw, 150px\" \/><\/a><br><a href=\"https:\/\/tfk-berlin.de\/?page_id=3629\" title=\"Sabine Ro\u00dfberg\">Sabine Ro\u00dfberg<\/a><\/p>\n\n\n\n<p><a href=\"https:\/\/tfk-berlin.de\/neu\/?page_id=221\" data-type=\"page\" data-id=\"221\"><\/a><a href=\"https:\/\/tfk-berlin.de\/neu\/?page_id=221\" data-type=\"page\" data-id=\"221\"><img loading=\"lazy\" decoding=\"async\" width=\"150\" height=\"219\" class=\"wp-image-887\" style=\"width: 150px;\" src=\"https:\/\/tfk-berlin.de\/neu\/wp-content\/uploads\/2021\/05\/Romana-2.jpg\" alt=\"\" srcset=\"https:\/\/tfk-berlin.de\/neu\/wp-content\/uploads\/2021\/05\/Romana-2.jpg 636w, https:\/\/tfk-berlin.de\/neu\/wp-content\/uploads\/2021\/05\/Romana-2-206x300.jpg 206w\" sizes=\"auto, (max-width: 150px) 100vw, 150px\" \/><\/a><br><a href=\"https:\/\/tfk-berlin.de\/neu\/?page_id=221\" data-type=\"page\" data-id=\"221\">Romana Schneider<\/a><\/p>\n\n\n\n<p><a href=\"https:\/\/tfk-berlin.de\/neu\/?page_id=223\" data-type=\"page\" data-id=\"223\"><\/a><a href=\"https:\/\/tfk-berlin.de\/neu\/?page_id=223\" data-type=\"page\" data-id=\"223\"><img loading=\"lazy\" decoding=\"async\" width=\"150\" height=\"204\" class=\"wp-image-885\" style=\"width: 150px;\" src=\"https:\/\/tfk-berlin.de\/neu\/wp-content\/uploads\/2021\/05\/Web_Anna_Sophie_Scholz_8_1-684x1024-1.jpg\" alt=\"\" srcset=\"https:\/\/tfk-berlin.de\/neu\/wp-content\/uploads\/2021\/05\/Web_Anna_Sophie_Scholz_8_1-684x1024-1.jpg 601w, https:\/\/tfk-berlin.de\/neu\/wp-content\/uploads\/2021\/05\/Web_Anna_Sophie_Scholz_8_1-684x1024-1-220x300.jpg 220w\" sizes=\"auto, (max-width: 150px) 100vw, 150px\" \/><\/a><br><a href=\"https:\/\/tfk-berlin.de\/neu\/?page_id=223\" data-type=\"page\" data-id=\"223\">Michael R. Scholze<\/a><\/p>\n\n\n\n<p><a href=\"https:\/\/tfk-berlin.de\/?page_id=2691\" data-type=\"page\" data-id=\"2691\"><img loading=\"lazy\" decoding=\"async\" width=\"150\" height=\"200\" class=\"wp-image-2693\" style=\"width: 150px;\" src=\"https:\/\/tfk-berlin.de\/neu\/wp-content\/uploads\/2021\/12\/Alex_image1-scaled.jpeg\" alt=\"\" srcset=\"https:\/\/tfk-berlin.de\/neu\/wp-content\/uploads\/2021\/12\/Alex_image1-scaled.jpeg 1920w, https:\/\/tfk-berlin.de\/neu\/wp-content\/uploads\/2021\/12\/Alex_image1-225x300.jpeg 225w, https:\/\/tfk-berlin.de\/neu\/wp-content\/uploads\/2021\/12\/Alex_image1-768x1024.jpeg 768w, https:\/\/tfk-berlin.de\/neu\/wp-content\/uploads\/2021\/12\/Alex_image1-1152x1536.jpeg 1152w, https:\/\/tfk-berlin.de\/neu\/wp-content\/uploads\/2021\/12\/Alex_image1-1536x2048.jpeg 1536w\" sizes=\"auto, (max-width: 150px) 100vw, 150px\" \/><\/a><br><a href=\"https:\/\/tfk-berlin.de\/?page_id=2691\" data-type=\"page\" data-id=\"2691\">Alex van Ric<\/a><\/p>\n\n\n\n<p><a href=\"https:\/\/tfk-berlin.de\/neu\/?page_id=227\" data-type=\"page\" data-id=\"227\"><img loading=\"lazy\" decoding=\"async\" width=\"150\" height=\"213\" class=\"wp-image-888\" style=\"width: 150px;\" src=\"https:\/\/tfk-berlin.de\/neu\/wp-content\/uploads\/2021\/05\/Tanja-scaled.jpg\" alt=\"\" srcset=\"https:\/\/tfk-berlin.de\/neu\/wp-content\/uploads\/2021\/05\/Tanja-scaled.jpg 1804w, https:\/\/tfk-berlin.de\/neu\/wp-content\/uploads\/2021\/05\/Tanja-211x300.jpg 211w, https:\/\/tfk-berlin.de\/neu\/wp-content\/uploads\/2021\/05\/Tanja-722x1024.jpg 722w, https:\/\/tfk-berlin.de\/neu\/wp-content\/uploads\/2021\/05\/Tanja-768x1090.jpg 768w, https:\/\/tfk-berlin.de\/neu\/wp-content\/uploads\/2021\/05\/Tanja-1082x1536.jpg 1082w, https:\/\/tfk-berlin.de\/neu\/wp-content\/uploads\/2021\/05\/Tanja-1443x2048.jpg 1443w\" sizes=\"auto, (max-width: 150px) 100vw, 150px\" \/><\/a><a href=\"https:\/\/tfk-berlin.de\/neu\/?page_id=227\" data-type=\"page\" data-id=\"227\"><\/a><br><a href=\"https:\/\/tfk-berlin.de\/neu\/?page_id=227\" data-type=\"page\" data-id=\"227\">Tanja Watoro<\/a><\/p>\n\n\n\n<p>Regie<\/p>\n\n\n\n<p><a href=\"https:\/\/tfk-berlin.de\/neu\/?page_id=230\" data-type=\"page\" data-id=\"230\"><img loading=\"lazy\" decoding=\"async\" width=\"150\" height=\"201\" class=\"wp-image-172\" style=\"width: 150px;\" src=\"https:\/\/tfk-berlin.de\/neu\/wp-content\/uploads\/2021\/02\/anemone.jpg\" alt=\"Anemone Poland\" srcset=\"https:\/\/tfk-berlin.de\/neu\/wp-content\/uploads\/2021\/02\/anemone.jpg 311w, https:\/\/tfk-berlin.de\/neu\/wp-content\/uploads\/2021\/02\/anemone-224x300.jpg 224w\" sizes=\"auto, (max-width: 150px) 100vw, 150px\" \/><\/a><br><a href=\"https:\/\/tfk-berlin.de\/neu\/?page_id=230\" data-type=\"page\" data-id=\"230\">Anemone Poland<\/a><\/p>\n\n\n\n<p>Regieassistenz<\/p>\n\n\n\n<p><a href=\"https:\/\/tfk-berlin.de\/neu\/?page_id=233\" data-type=\"page\" data-id=\"233\"><img loading=\"lazy\" decoding=\"async\" width=\"108\" height=\"150\" class=\"wp-image-388\" style=\"width: 108px;\" src=\"https:\/\/tfk-berlin.de\/neu\/wp-content\/uploads\/2021\/02\/spisto.jpg\" alt=\"Francesca Spisto\"><\/a><br><a href=\"https:\/\/tfk-berlin.de\/neu\/?page_id=233\" data-type=\"page\" data-id=\"233\">Francesca Spisto<\/a><\/p>\n\n\n\n<p><a href=\"https:\/\/tfk-berlin.de\/neu\/?page_id=235\" data-type=\"page\" data-id=\"235\"><img loading=\"lazy\" decoding=\"async\" width=\"108\" height=\"150\" class=\"wp-image-412\" style=\"width: 108px;\" src=\"https:\/\/tfk-berlin.de\/neu\/wp-content\/uploads\/2021\/02\/kattigeighardt.jpg\" alt=\"Katti Geighardt\"><\/a><br><a href=\"https:\/\/tfk-berlin.de\/neu\/?page_id=235\" data-type=\"page\" data-id=\"235\">Katti Geighardt<\/a><\/p>\n\n\n\n<p>B\u00fchne<\/p>\n\n\n\n<p><a href=\"https:\/\/tfk-berlin.de\/?page_id=239\" title=\"Robert Schmidt-Matt\"><img loading=\"lazy\" decoding=\"async\" width=\"150\" height=\"213\" class=\"wp-image-2677\" style=\"width: 150px;\" src=\"https:\/\/tfk-berlin.de\/neu\/wp-content\/uploads\/2021\/12\/2021-Fotographie_MichaWinkler.jpg\" alt=\"\" srcset=\"https:\/\/tfk-berlin.de\/neu\/wp-content\/uploads\/2021\/12\/2021-Fotographie_MichaWinkler.jpg 769w, https:\/\/tfk-berlin.de\/neu\/wp-content\/uploads\/2021\/12\/2021-Fotographie_MichaWinkler-212x300.jpg 212w, https:\/\/tfk-berlin.de\/neu\/wp-content\/uploads\/2021\/12\/2021-Fotographie_MichaWinkler-722x1024.jpg 722w\" sizes=\"auto, (max-width: 150px) 100vw, 150px\" \/><\/a><br><a data-type=\"page\" data-id=\"239\" href=\"https:\/\/tfk-berlin.de\/neu\/?page_id=239\">Robert Schmidt-Matt<\/a><\/p>\n\n\n\n<p>Kost\u00fcme<\/p>\n\n\n\n<p><a href=\"https:\/\/tfk-berlin.de\/neu\/?page_id=241\" data-type=\"page\" data-id=\"241\"><img loading=\"lazy\" decoding=\"async\" width=\"108\" height=\"150\" class=\"wp-image-394\" style=\"width: 108px;\" src=\"https:\/\/tfk-berlin.de\/neu\/wp-content\/uploads\/2021\/02\/wahl.jpg\" alt=\"Gertraud Wahl-Deschan\"><\/a><br><a href=\"https:\/\/tfk-berlin.de\/neu\/?page_id=241\" data-type=\"page\" data-id=\"241\">Gertraud Wahl-Deschan<\/a><\/p>\n\n\n\n<p><a href=\"https:\/\/tfk-berlin.de\/neu\/?page_id=243\" data-type=\"page\" data-id=\"243\"><img loading=\"lazy\" decoding=\"async\" width=\"108\" height=\"150\" class=\"wp-image-390\" style=\"width: 108px;\" src=\"https:\/\/tfk-berlin.de\/neu\/wp-content\/uploads\/2021\/02\/fiedermann.jpg\" alt=\"Nathalie S\u00e4wert\"><\/a><br><a href=\"https:\/\/tfk-berlin.de\/neu\/?page_id=243\" data-type=\"page\" data-id=\"243\">Nathalie S\u00e4wert<\/a><\/p>\n\n\n\n<p>Masken<\/p>\n\n\n\n<p><a href=\"https:\/\/tfk-berlin.de\/neu\/?page_id=245\" data-type=\"page\" data-id=\"245\"><img loading=\"lazy\" decoding=\"async\" width=\"108\" height=\"150\" class=\"wp-image-396\" style=\"width: 108px;\" src=\"https:\/\/tfk-berlin.de\/neu\/wp-content\/uploads\/2021\/02\/krieger.jpg\" alt=\"Uwe Krieger\"><\/a><br><a href=\"https:\/\/tfk-berlin.de\/neu\/?page_id=245\" data-type=\"page\" data-id=\"245\">Uwe Krieger<\/a><\/p>\n\n\n\n<p>Musik<\/p>\n\n\n\n<p><a href=\"https:\/\/tfk-berlin.de\/neu\/?page_id=247\" data-type=\"page\" data-id=\"247\"><img loading=\"lazy\" decoding=\"async\" width=\"150\" height=\"225\" class=\"wp-image-401\" style=\"width: 150px;\" src=\"https:\/\/tfk-berlin.de\/neu\/wp-content\/uploads\/2021\/02\/dirk.jpg\" alt=\"Dirk Rave\" srcset=\"https:\/\/tfk-berlin.de\/neu\/wp-content\/uploads\/2021\/02\/dirk.jpg 600w, https:\/\/tfk-berlin.de\/neu\/wp-content\/uploads\/2021\/02\/dirk-200x300.jpg 200w\" sizes=\"auto, (max-width: 150px) 100vw, 150px\" \/><\/a><br><a href=\"https:\/\/tfk-berlin.de\/neu\/?page_id=247\" data-type=\"page\" data-id=\"247\">Dirk Rave<\/a><\/p>\n\n\n\n<p><a href=\"https:\/\/tfk-berlin.de\/?page_id=5473\" title=\"Anna-Katharina Schau\"><img loading=\"lazy\" decoding=\"async\" width=\"150\" height=\"203\" class=\"wp-image-5470\" style=\"width: 150px;\" src=\"https:\/\/tfk-berlin.de\/neu\/wp-content\/uploads\/2024\/07\/Anna-Katharina-Schau_Foto-Clara-Evens-Kopie.jpg\" alt=\"\" srcset=\"https:\/\/tfk-berlin.de\/neu\/wp-content\/uploads\/2024\/07\/Anna-Katharina-Schau_Foto-Clara-Evens-Kopie.jpg 656w, https:\/\/tfk-berlin.de\/neu\/wp-content\/uploads\/2024\/07\/Anna-Katharina-Schau_Foto-Clara-Evens-Kopie-222x300.jpg 222w\" sizes=\"auto, (max-width: 150px) 100vw, 150px\" \/><\/a><br><a href=\"https:\/\/tfk-berlin.de\/?page_id=5473\" title=\"Anna-Katharina Schau\">Anna-Katharina Schau<\/a><\/p>\n\n\n\n<p><a href=\"https:\/\/tfk-berlin.de\/?page_id=5758\" title=\"Gerhard A. Schiewe\"><img loading=\"lazy\" decoding=\"async\" width=\"150\" height=\"212\" class=\"wp-image-5759\" style=\"width: 150px;\" src=\"https:\/\/tfk-berlin.de\/neu\/wp-content\/uploads\/2024\/10\/Gerhard_A._Schiewe_Foto_Heidrun_Hoss.jpg\" alt=\"\" srcset=\"https:\/\/tfk-berlin.de\/neu\/wp-content\/uploads\/2024\/10\/Gerhard_A._Schiewe_Foto_Heidrun_Hoss.jpg 906w, https:\/\/tfk-berlin.de\/neu\/wp-content\/uploads\/2024\/10\/Gerhard_A._Schiewe_Foto_Heidrun_Hoss-212x300.jpg 212w, https:\/\/tfk-berlin.de\/neu\/wp-content\/uploads\/2024\/10\/Gerhard_A._Schiewe_Foto_Heidrun_Hoss-725x1024.jpg 725w, https:\/\/tfk-berlin.de\/neu\/wp-content\/uploads\/2024\/10\/Gerhard_A._Schiewe_Foto_Heidrun_Hoss-768x1085.jpg 768w\" sizes=\"auto, (max-width: 150px) 100vw, 150px\" \/><\/a><br><a href=\"https:\/\/tfk-berlin.de\/?page_id=5758\" title=\"Gerhard A. Schiewe\">Gerhard A. Schiewe<\/a><\/p>\n\n\n\n<p><a href=\"https:\/\/tfk-berlin.de\/neu\/?page_id=249\" data-type=\"page\" data-id=\"249\"><img loading=\"lazy\" decoding=\"async\" width=\"108\" height=\"150\" class=\"wp-image-405\" style=\"width: 108px;\" src=\"https:\/\/tfk-berlin.de\/neu\/wp-content\/uploads\/2021\/02\/roski.jpg\" alt=\"Ulrich Roski\"><\/a><br><a href=\"https:\/\/tfk-berlin.de\/neu\/?page_id=249\" data-type=\"page\" data-id=\"249\">Ulrich Roski<\/a><\/p>\n\n\n\n<p>Technik<\/p>\n\n\n\n<p><img loading=\"lazy\" decoding=\"async\" width=\"150\" height=\"209\" class=\"wp-image-6405\" style=\"width: 150px;\" src=\"https:\/\/tfk-berlin.de\/neu\/wp-content\/uploads\/2025\/06\/tibor.jpg\" alt=\"\" srcset=\"https:\/\/tfk-berlin.de\/neu\/wp-content\/uploads\/2025\/06\/tibor.jpg 224w, https:\/\/tfk-berlin.de\/neu\/wp-content\/uploads\/2025\/06\/tibor-215x300.jpg 215w\" sizes=\"auto, (max-width: 150px) 100vw, 150px\" \/><br>Tibor Fuchs<\/p>\n\n\n\n<p>Lichtdesign<\/p>\n\n\n\n<p><a href=\"https:\/\/tfk-berlin.de\/neu\/?page_id=252\" data-type=\"page\" data-id=\"252\"><\/a><a href=\"https:\/\/tfk-berlin.de\/neu\/?page_id=252\" data-type=\"page\" data-id=\"252\"><img loading=\"lazy\" decoding=\"async\" width=\"150\" height=\"188\" class=\"wp-image-770\" style=\"width: 150px;\" src=\"https:\/\/tfk-berlin.de\/neu\/wp-content\/uploads\/2021\/04\/IMG_20210410_225606-scaled.jpg\" alt=\"\" srcset=\"https:\/\/tfk-berlin.de\/neu\/wp-content\/uploads\/2021\/04\/IMG_20210410_225606-scaled.jpg 2043w, https:\/\/tfk-berlin.de\/neu\/wp-content\/uploads\/2021\/04\/IMG_20210410_225606-239x300.jpg 239w, https:\/\/tfk-berlin.de\/neu\/wp-content\/uploads\/2021\/04\/IMG_20210410_225606-817x1024.jpg 817w, https:\/\/tfk-berlin.de\/neu\/wp-content\/uploads\/2021\/04\/IMG_20210410_225606-768x962.jpg 768w, https:\/\/tfk-berlin.de\/neu\/wp-content\/uploads\/2021\/04\/IMG_20210410_225606-1226x1536.jpg 1226w, https:\/\/tfk-berlin.de\/neu\/wp-content\/uploads\/2021\/04\/IMG_20210410_225606-1635x2048.jpg 1635w\" sizes=\"auto, (max-width: 150px) 100vw, 150px\" \/><\/a><br><a href=\"https:\/\/tfk-berlin.de\/neu\/?page_id=252\" data-type=\"page\" data-id=\"252\">Katri Kuusim\u00e4ki<\/a><\/p>\n","protected":false},"excerpt":{"rendered":"<p>Schauspiel Philipp-Manuel Bodner Esteban Castro Ramos Noureddine Chamari Christine Detmers Katharina F\u00f6rsch Martin Hamann Thilo Herrmann Charlotte Hohlstein Simon Mayer Celia M\u00fcller Svenja Otto Thomas Otto Georg Raisch Sabine Ro\u00dfberg Romana Schneider Michael R. Scholze Alex van Ric Tanja Watoro Regie Anemone Poland Regieassistenz Francesca Spisto Katti Geighardt B\u00fchne Robert Schmidt-Matt Kost\u00fcme Gertraud Wahl-Deschan Nathalie [&hellip;]<\/p>\n","protected":false},"author":1,"featured_media":0,"parent":0,"menu_order":0,"comment_status":"closed","ping_status":"closed","template":"","meta":{"site-sidebar-layout":"default","site-content-layout":"default","ast-site-content-layout":"default","site-content-style":"default","site-sidebar-style":"default","ast-global-header-display":"","ast-banner-title-visibility":"","ast-main-header-display":"","ast-hfb-above-header-display":"","ast-hfb-below-header-display":"","ast-hfb-mobile-header-display":"","site-post-title":"","ast-breadcrumbs-content":"","ast-featured-img":"","footer-sml-layout":"","ast-disable-related-posts":"","theme-transparent-header-meta":"default","adv-header-id-meta":"","stick-header-meta":"default","header-above-stick-meta":"","header-main-stick-meta":"","header-below-stick-meta":"","astra-migrate-meta-layouts":"set","ast-page-background-enabled":"default","ast-page-background-meta":{"desktop":{"background-color":"","background-image":"","background-repeat":"repeat","background-position":"center center","background-size":"auto","background-attachment":"scroll","background-type":"","background-media":"","overlay-type":"","overlay-color":"","overlay-opacity":"","overlay-gradient":""},"tablet":{"background-color":"","background-image":"","background-repeat":"repeat","background-position":"center center","background-size":"auto","background-attachment":"scroll","background-type":"","background-media":"","overlay-type":"","overlay-color":"","overlay-opacity":"","overlay-gradient":""},"mobile":{"background-color":"","background-image":"","background-repeat":"repeat","background-position":"center center","background-size":"auto","background-attachment":"scroll","background-type":"","background-media":"","overlay-type":"","overlay-color":"","overlay-opacity":"","overlay-gradient":""}},"ast-content-background-meta":{"desktop":{"background-color":"var(--ast-global-color-5)","background-image":"","background-repeat":"repeat","background-position":"center center","background-size":"auto","background-attachment":"scroll","background-type":"","background-media":"","overlay-type":"","overlay-color":"","overlay-opacity":"","overlay-gradient":""},"tablet":{"background-color":"var(--ast-global-color-5)","background-image":"","background-repeat":"repeat","background-position":"center center","background-size":"auto","background-attachment":"scroll","background-type":"","background-media":"","overlay-type":"","overlay-color":"","overlay-opacity":"","overlay-gradient":""},"mobile":{"background-color":"var(--ast-global-color-5)","background-image":"","background-repeat":"repeat","background-position":"center center","background-size":"auto","background-attachment":"scroll","background-type":"","background-media":"","overlay-type":"","overlay-color":"","overlay-opacity":"","overlay-gradient":""}},"pgc_sgb_lightbox_settings":"","footnotes":""},"class_list":["post-153","page","type-page","status-publish","hentry"],"aioseo_notices":[],"_links":{"self":[{"href":"https:\/\/tfk-berlin.de\/index.php?rest_route=\/wp\/v2\/pages\/153","targetHints":{"allow":["GET"]}}],"collection":[{"href":"https:\/\/tfk-berlin.de\/index.php?rest_route=\/wp\/v2\/pages"}],"about":[{"href":"https:\/\/tfk-berlin.de\/index.php?rest_route=\/wp\/v2\/types\/page"}],"author":[{"embeddable":true,"href":"https:\/\/tfk-berlin.de\/index.php?rest_route=\/wp\/v2\/users\/1"}],"replies":[{"embeddable":true,"href":"https:\/\/tfk-berlin.de\/index.php?rest_route=%2Fwp%2Fv2%2Fcomments&post=153"}],"version-history":[{"count":73,"href":"https:\/\/tfk-berlin.de\/index.php?rest_route=\/wp\/v2\/pages\/153\/revisions"}],"predecessor-version":[{"id":6591,"href":"https:\/\/tfk-berlin.de\/index.php?rest_route=\/wp\/v2\/pages\/153\/revisions\/6591"}],"wp:attachment":[{"href":"https:\/\/tfk-berlin.de\/index.php?rest_route=%2Fwp%2Fv2%2Fmedia&parent=153"}],"curies":[{"name":"wp","href":"https:\/\/api.w.org\/{rel}","templated":true}]}}