{"id":155,"date":"2021-02-23T13:13:49","date_gmt":"2021-02-23T12:13:49","guid":{"rendered":"https:\/\/tfk-berlin.de\/neu\/?page_id=155"},"modified":"2025-06-02T09:02:44","modified_gmt":"2025-06-02T07:02:44","slug":"tfk-team","status":"publish","type":"page","link":"https:\/\/tfk-berlin.de\/?page_id=155","title":{"rendered":"tfk-Team"},"content":{"rendered":"\n<p><img loading=\"lazy\" decoding=\"async\" width=\"150\" height=\"201\" class=\"wp-image-172\" style=\"width: 150px;\" src=\"https:\/\/tfk-berlin.de\/neu\/wp-content\/uploads\/2021\/02\/anemone.jpg\" alt=\"Anemone Poland\" srcset=\"https:\/\/tfk-berlin.de\/neu\/wp-content\/uploads\/2021\/02\/anemone.jpg 311w, https:\/\/tfk-berlin.de\/neu\/wp-content\/uploads\/2021\/02\/anemone-224x300.jpg 224w\" sizes=\"auto, (max-width: 150px) 100vw, 150px\" \/><br>Anemone Poland<br><sup>K\u00fcnstlerische Leitung<\/sup><\/p>\n\n\n\n<p><img loading=\"lazy\" decoding=\"async\" width=\"150\" height=\"201\" class=\"wp-image-173\" style=\"width: 150px;\" src=\"https:\/\/tfk-berlin.de\/neu\/wp-content\/uploads\/2021\/02\/petra.jpg\" alt=\"\" srcset=\"https:\/\/tfk-berlin.de\/neu\/wp-content\/uploads\/2021\/02\/petra.jpg 311w, https:\/\/tfk-berlin.de\/neu\/wp-content\/uploads\/2021\/02\/petra-224x300.jpg 224w\" sizes=\"auto, (max-width: 150px) 100vw, 150px\" \/><br>Petra Hildebrand-Wanner<br><sup>Gesch\u00e4ftsf\u00fchrung<\/sup><\/p>\n\n\n\n<p><img loading=\"lazy\" decoding=\"async\" width=\"150\" height=\"209\" class=\"wp-image-6405\" style=\"width: 150px;\" src=\"https:\/\/tfk-berlin.de\/neu\/wp-content\/uploads\/2025\/06\/tibor.jpg\" alt=\"\" srcset=\"https:\/\/tfk-berlin.de\/neu\/wp-content\/uploads\/2025\/06\/tibor.jpg 224w, https:\/\/tfk-berlin.de\/neu\/wp-content\/uploads\/2025\/06\/tibor-215x300.jpg 215w\" sizes=\"auto, (max-width: 150px) 100vw, 150px\" \/><br>Tibor Fuchs<br><sup>Technik \/ Licht<\/sup><\/p>\n\n\n\n<p><img loading=\"lazy\" decoding=\"async\" width=\"150\" height=\"188\" class=\"wp-image-770\" style=\"width: 150px;\" src=\"https:\/\/tfk-berlin.de\/neu\/wp-content\/uploads\/2021\/04\/IMG_20210410_225606-scaled.jpg\" alt=\"\" srcset=\"https:\/\/tfk-berlin.de\/neu\/wp-content\/uploads\/2021\/04\/IMG_20210410_225606-scaled.jpg 2043w, https:\/\/tfk-berlin.de\/neu\/wp-content\/uploads\/2021\/04\/IMG_20210410_225606-239x300.jpg 239w, https:\/\/tfk-berlin.de\/neu\/wp-content\/uploads\/2021\/04\/IMG_20210410_225606-817x1024.jpg 817w, https:\/\/tfk-berlin.de\/neu\/wp-content\/uploads\/2021\/04\/IMG_20210410_225606-768x962.jpg 768w, https:\/\/tfk-berlin.de\/neu\/wp-content\/uploads\/2021\/04\/IMG_20210410_225606-1226x1536.jpg 1226w, https:\/\/tfk-berlin.de\/neu\/wp-content\/uploads\/2021\/04\/IMG_20210410_225606-1635x2048.jpg 1635w\" sizes=\"auto, (max-width: 150px) 100vw, 150px\" \/><br>Katri Kuusim\u00e4ki<br><sup>Lichtdesign<\/sup><\/p>\n\n\n\n<p><img loading=\"lazy\" decoding=\"async\" width=\"150\" height=\"215\" class=\"wp-image-1644\" style=\"width: 150px;\" src=\"https:\/\/tfk-berlin.de\/neu\/wp-content\/uploads\/2021\/07\/IMG_1767-1.jpg\" alt=\"\" srcset=\"https:\/\/tfk-berlin.de\/neu\/wp-content\/uploads\/2021\/07\/IMG_1767-1.jpg 580w, https:\/\/tfk-berlin.de\/neu\/wp-content\/uploads\/2021\/07\/IMG_1767-1-210x300.jpg 210w\" sizes=\"auto, (max-width: 150px) 100vw, 150px\" \/><br>Wolf Hedrich<br><sup>Abendkasse &amp; Website<\/sup><\/p>\n","protected":false},"excerpt":{"rendered":"<p>Anemone PolandK\u00fcnstlerische Leitung Petra Hildebrand-WannerGesch\u00e4ftsf\u00fchrung Tibor FuchsTechnik \/ Licht Katri Kuusim\u00e4kiLichtdesign Wolf HedrichAbendkasse &amp; Website<\/p>\n","protected":false},"author":1,"featured_media":0,"parent":0,"menu_order":0,"comment_status":"closed","ping_status":"closed","template":"","meta":{"site-sidebar-layout":"default","site-content-layout":"default","ast-site-content-layout":"default","site-content-style":"default","site-sidebar-style":"default","ast-global-header-display":"","ast-banner-title-visibility":"","ast-main-header-display":"","ast-hfb-above-header-display":"","ast-hfb-below-header-display":"","ast-hfb-mobile-header-display":"","site-post-title":"","ast-breadcrumbs-content":"","ast-featured-img":"","footer-sml-layout":"","ast-disable-related-posts":"","theme-transparent-header-meta":"default","adv-header-id-meta":"","stick-header-meta":"default","header-above-stick-meta":"","header-main-stick-meta":"","header-below-stick-meta":"","astra-migrate-meta-layouts":"set","ast-page-background-enabled":"default","ast-page-background-meta":{"desktop":{"background-color":"","background-image":"","background-repeat":"repeat","background-position":"center center","background-size":"auto","background-attachment":"scroll","background-type":"","background-media":"","overlay-type":"","overlay-color":"","overlay-opacity":"","overlay-gradient":""},"tablet":{"background-color":"","background-image":"","background-repeat":"repeat","background-position":"center center","background-size":"auto","background-attachment":"scroll","background-type":"","background-media":"","overlay-type":"","overlay-color":"","overlay-opacity":"","overlay-gradient":""},"mobile":{"background-color":"","background-image":"","background-repeat":"repeat","background-position":"center center","background-size":"auto","background-attachment":"scroll","background-type":"","background-media":"","overlay-type":"","overlay-color":"","overlay-opacity":"","overlay-gradient":""}},"ast-content-background-meta":{"desktop":{"background-color":"var(--ast-global-color-5)","background-image":"","background-repeat":"repeat","background-position":"center center","background-size":"auto","background-attachment":"scroll","background-type":"","background-media":"","overlay-type":"","overlay-color":"","overlay-opacity":"","overlay-gradient":""},"tablet":{"background-color":"var(--ast-global-color-5)","background-image":"","background-repeat":"repeat","background-position":"center center","background-size":"auto","background-attachment":"scroll","background-type":"","background-media":"","overlay-type":"","overlay-color":"","overlay-opacity":"","overlay-gradient":""},"mobile":{"background-color":"var(--ast-global-color-5)","background-image":"","background-repeat":"repeat","background-position":"center center","background-size":"auto","background-attachment":"scroll","background-type":"","background-media":"","overlay-type":"","overlay-color":"","overlay-opacity":"","overlay-gradient":""}},"pgc_sgb_lightbox_settings":"","footnotes":""},"class_list":["post-155","page","type-page","status-publish","hentry"],"aioseo_notices":[],"_links":{"self":[{"href":"https:\/\/tfk-berlin.de\/index.php?rest_route=\/wp\/v2\/pages\/155","targetHints":{"allow":["GET"]}}],"collection":[{"href":"https:\/\/tfk-berlin.de\/index.php?rest_route=\/wp\/v2\/pages"}],"about":[{"href":"https:\/\/tfk-berlin.de\/index.php?rest_route=\/wp\/v2\/types\/page"}],"author":[{"embeddable":true,"href":"https:\/\/tfk-berlin.de\/index.php?rest_route=\/wp\/v2\/users\/1"}],"replies":[{"embeddable":true,"href":"https:\/\/tfk-berlin.de\/index.php?rest_route=%2Fwp%2Fv2%2Fcomments&post=155"}],"version-history":[{"count":34,"href":"https:\/\/tfk-berlin.de\/index.php?rest_route=\/wp\/v2\/pages\/155\/revisions"}],"predecessor-version":[{"id":6406,"href":"https:\/\/tfk-berlin.de\/index.php?rest_route=\/wp\/v2\/pages\/155\/revisions\/6406"}],"wp:attachment":[{"href":"https:\/\/tfk-berlin.de\/index.php?rest_route=%2Fwp%2Fv2%2Fmedia&parent=155"}],"curies":[{"name":"wp","href":"https:\/\/api.w.org\/{rel}","templated":true}]}}