{"id":16,"date":"2021-02-18T18:53:22","date_gmt":"2021-02-18T17:53:22","guid":{"rendered":"https:\/\/tfk-berlin.de\/neu\/?page_id=16"},"modified":"2024-10-03T15:09:33","modified_gmt":"2024-10-03T13:09:33","slug":"freunde-foerderer","status":"publish","type":"page","link":"https:\/\/tfk-berlin.de\/?page_id=16","title":{"rendered":"Freunde &#038; F\u00f6rderer"},"content":{"rendered":"\n<p>Forum Kreuzberg (<a rel=\"noreferrer noopener\" href=\"https:\/\/forumkreuzberg.de\/?id=9\" target=\"_blank\">Website<\/a>)<br>Heinz und Heide D\u00fcrr Stiftung (<a rel=\"noreferrer noopener\" href=\"https:\/\/www.heinzundheideduerrstiftung.de\/\" target=\"_blank\">Website<\/a>)<br>GLS Treuhand \u2013 Dachstiftung f\u00fcr individuelles Schenken (<a rel=\"noreferrer noopener\" href=\"https:\/\/www.gls-treuhand.de\/\" target=\"_blank\">Website<\/a>)<br>Clarence und Emma Mielech Stiftung<br>G\u00f6tz George Stiftung (<a href=\"https:\/\/goetz-george-stiftung.de\/\" target=\"_blank\" rel=\"noreferrer noopener\">Website<\/a>)<\/p>\n\n\n\n<p>und die Mitglieder des theaterforum kreuzberg e. V.<\/p>\n\n\n\n<p><strong>In eigener Sache\u2026<\/strong><\/p>\n\n\n\n<p>Das theaterforum kreuzberg wurde im November 1985 er\u00f6ffnet. Die Schauspielerin und Regisseurin Anemone Poland ist k\u00fcnstlerische Leiterin des tfk. Sie inszenierte Autoren, die man in Deutschland kaum kennt oder zu Unrecht vergessen hat: Ghelderode, Tardieu, Gozzi, Ionesco, Vitrac, Schehad\u00e9, und als Urauff\u00fchrung ein St\u00fcck des Malers Max Beckmann. Mit dieser Auswahl an weitgehend unbekannten Meisterwerken hat sich das theaterforum kreuzberg eine kleine Marktnische in der Berliner Theaterlandschaft erspielt. Auch in Zukunft werden (Wieder-) Entdeckungen auf dem Spielplan des tfk stehen. Au\u00dferdem pr\u00e4sentiert das tfk ausgew\u00e4hlte Gastspiel-Inszenierungen der freien Theaterszene. \u00d6ffentliche F\u00f6rderung erh\u00e4lt das Theater nicht. Seit seiner Entstehung lebt es vom Enthusiasmus und Mut der Theatermacher. Bislang wird es unterst\u00fctzt von Freunden des Theaters, vom Forum Kreuzberg e. V., der GLS Treuhand und der Heinz und Heide D\u00fcrr Stiftung.<br>Es gelingt den K\u00fcnstlern am tfk immer wieder, bemerkenswerte Auff\u00fchrungen auf die Beine zu stellen. Sie gr\u00fcndeten einen F\u00f6rderverein \u201etheaterforum kreuzberg e. V.\u201c mit dem Ziel, die Spielst\u00e4tte zu erhalten und die Theaterarbeit auch in Zukunft zu erm\u00f6glichen.<\/p>\n\n\n\n<p>Wenn Ihnen eine Auff\u00fchrung gefallen hat, m\u00f6chten wir Sie herzlich bitten, uns als F\u00f6rdermitglied zu unterst\u00fctzen und gern auch Freunden und Bekannten von unserem Theater zu berichten.<\/p>\n\n\n\n<p>Als Mitglied des theaterforum kreuzberg e. V.<\/p>\n\n\n\n<ul class=\"wp-block-list\">\n<li>informieren wir Sie regelm\u00e4\u00dfig \u00fcber unser Programm<\/li>\n\n\n\n<li>reservieren wir f\u00fcr Sie Premierenkarten<\/li>\n\n\n\n<li>haben Sie die M\u00f6glichkeit zum Besuch von Generalproben<\/li>\n\n\n\n<li>laden wir Sie zum Sommerfest des Theaters ein<\/li>\n<\/ul>\n\n\n\n<p>Kontakt: Petra Hildebrand-Wanner, Tel: 030 612 8888 0<\/p>\n\n\n\n<p>Hier k\u00f6nnen Sie das Anmeldeformular downloaden, ausdrucken, ausf\u00fcllen und an unsere Faxnummer 030 612 804 63 senden:<\/p>\n\n\n\n<p><a href=\"https:\/\/tfk-berlin.de\/pdf\/tfk_Anmeldeformular.pdf\" target=\"_blank\" rel=\"noopener\" title=\"\">Anmeldeformular (PDF-Datei)<\/a><\/p>\n\n\n\n<p>oder mit der Post schicken an das:<\/p>\n\n\n\n<p>theaterforum kreuzberg<br>Eisenbahnstra\u00dfe 21<br>10997 Berlin<\/p>\n","protected":false},"excerpt":{"rendered":"<p>Forum Kreuzberg (Website)Heinz und Heide D\u00fcrr Stiftung (Website)GLS Treuhand \u2013 Dachstiftung f\u00fcr individuelles Schenken (Website)Clarence und Emma Mielech StiftungG\u00f6tz George Stiftung (Website) und die Mitglieder des theaterforum kreuzberg e. V. In eigener Sache\u2026 Das theaterforum kreuzberg wurde im November 1985 er\u00f6ffnet. Die Schauspielerin und Regisseurin Anemone Poland ist k\u00fcnstlerische Leiterin des tfk. Sie inszenierte Autoren, [&hellip;]<\/p>\n","protected":false},"author":1,"featured_media":0,"parent":0,"menu_order":0,"comment_status":"closed","ping_status":"closed","template":"","meta":{"site-sidebar-layout":"default","site-content-layout":"default","ast-site-content-layout":"default","site-content-style":"default","site-sidebar-style":"default","ast-global-header-display":"","ast-banner-title-visibility":"","ast-main-header-display":"","ast-hfb-above-header-display":"","ast-hfb-below-header-display":"","ast-hfb-mobile-header-display":"","site-post-title":"","ast-breadcrumbs-content":"","ast-featured-img":"","footer-sml-layout":"","ast-disable-related-posts":"","theme-transparent-header-meta":"default","adv-header-id-meta":"","stick-header-meta":"default","header-above-stick-meta":"","header-main-stick-meta":"","header-below-stick-meta":"","astra-migrate-meta-layouts":"set","ast-page-background-enabled":"default","ast-page-background-meta":{"desktop":{"background-color":"","background-image":"","background-repeat":"repeat","background-position":"center center","background-size":"auto","background-attachment":"scroll","background-type":"","background-media":"","overlay-type":"","overlay-color":"","overlay-opacity":"","overlay-gradient":""},"tablet":{"background-color":"","background-image":"","background-repeat":"repeat","background-position":"center center","background-size":"auto","background-attachment":"scroll","background-type":"","background-media":"","overlay-type":"","overlay-color":"","overlay-opacity":"","overlay-gradient":""},"mobile":{"background-color":"","background-image":"","background-repeat":"repeat","background-position":"center center","background-size":"auto","background-attachment":"scroll","background-type":"","background-media":"","overlay-type":"","overlay-color":"","overlay-opacity":"","overlay-gradient":""}},"ast-content-background-meta":{"desktop":{"background-color":"var(--ast-global-color-5)","background-image":"","background-repeat":"repeat","background-position":"center center","background-size":"auto","background-attachment":"scroll","background-type":"","background-media":"","overlay-type":"","overlay-color":"","overlay-opacity":"","overlay-gradient":""},"tablet":{"background-color":"var(--ast-global-color-5)","background-image":"","background-repeat":"repeat","background-position":"center center","background-size":"auto","background-attachment":"scroll","background-type":"","background-media":"","overlay-type":"","overlay-color":"","overlay-opacity":"","overlay-gradient":""},"mobile":{"background-color":"var(--ast-global-color-5)","background-image":"","background-repeat":"repeat","background-position":"center center","background-size":"auto","background-attachment":"scroll","background-type":"","background-media":"","overlay-type":"","overlay-color":"","overlay-opacity":"","overlay-gradient":""}},"pgc_sgb_lightbox_settings":"","footnotes":""},"class_list":["post-16","page","type-page","status-publish","hentry"],"aioseo_notices":[],"_links":{"self":[{"href":"https:\/\/tfk-berlin.de\/index.php?rest_route=\/wp\/v2\/pages\/16","targetHints":{"allow":["GET"]}}],"collection":[{"href":"https:\/\/tfk-berlin.de\/index.php?rest_route=\/wp\/v2\/pages"}],"about":[{"href":"https:\/\/tfk-berlin.de\/index.php?rest_route=\/wp\/v2\/types\/page"}],"author":[{"embeddable":true,"href":"https:\/\/tfk-berlin.de\/index.php?rest_route=\/wp\/v2\/users\/1"}],"replies":[{"embeddable":true,"href":"https:\/\/tfk-berlin.de\/index.php?rest_route=%2Fwp%2Fv2%2Fcomments&post=16"}],"version-history":[{"count":11,"href":"https:\/\/tfk-berlin.de\/index.php?rest_route=\/wp\/v2\/pages\/16\/revisions"}],"predecessor-version":[{"id":5678,"href":"https:\/\/tfk-berlin.de\/index.php?rest_route=\/wp\/v2\/pages\/16\/revisions\/5678"}],"wp:attachment":[{"href":"https:\/\/tfk-berlin.de\/index.php?rest_route=%2Fwp%2Fv2%2Fmedia&parent=16"}],"curies":[{"name":"wp","href":"https:\/\/api.w.org\/{rel}","templated":true}]}}