{"id":194,"date":"2021-02-23T13:57:49","date_gmt":"2021-02-23T12:57:49","guid":{"rendered":"https:\/\/tfk-berlin.de\/neu\/?page_id=194"},"modified":"2024-10-07T17:58:43","modified_gmt":"2024-10-07T15:58:43","slug":"philipp-manuel-bodner","status":"publish","type":"page","link":"https:\/\/tfk-berlin.de\/?page_id=194","title":{"rendered":"Philipp-Manuel Bodner"},"content":{"rendered":"\n<figure class=\"wp-block-image size-large\"><img loading=\"lazy\" decoding=\"async\" width=\"683\" height=\"1024\" src=\"https:\/\/tfk-berlin.de\/neu\/wp-content\/uploads\/2021\/02\/IMG-20201203-WA0000-683x1024.jpg\" alt=\"\" class=\"wp-image-299\" srcset=\"https:\/\/tfk-berlin.de\/neu\/wp-content\/uploads\/2021\/02\/IMG-20201203-WA0000-683x1024.jpg 683w, https:\/\/tfk-berlin.de\/neu\/wp-content\/uploads\/2021\/02\/IMG-20201203-WA0000-200x300.jpg 200w, https:\/\/tfk-berlin.de\/neu\/wp-content\/uploads\/2021\/02\/IMG-20201203-WA0000-768x1152.jpg 768w, https:\/\/tfk-berlin.de\/neu\/wp-content\/uploads\/2021\/02\/IMG-20201203-WA0000.jpg 864w\" sizes=\"auto, (max-width: 683px) 100vw, 683px\" \/><\/figure>\n\n\n\n<p><\/p>\n\n\n\n<p>geb. 1986 in Berlin; 2003-08 Studium an der Berliner Schule f\u00fcr B\u00fchnenkunst und unternehmerische F\u00e4higkeiten; Gesangsausbildung; Acting-Workshop bei Greta Amend (Energizing the Actor) in Berlin;<br>2008-10 Studium an der Hochschule der K\u00fcnste&nbsp;\u201eCodarts\u201d in Rotterdam, klassische Gesangsausbildung bei Carolyn Watkinson<\/p>\n\n\n\n<p>Theater:<\/p>\n\n\n\n<p>&#8211;&nbsp;\u201eEisi-Eisb\u00e4r und die verzauberte Eisprinzessin\u201d, Zuckertraumtheater, Regie: G.Fanelli, Rolle: Eisi-Eisb\u00e4r<br>&#8211;&nbsp;\u201eDie Bettleroper\u201d von J. Gay, Opernale, Barockschloss Griebenow, Regie: Henriette Sehmsdorf, Rolle: Filch<br>&#8211;&nbsp;\u201eDer Traum ein Leben\u201d, freie Theaterproduktion, im Schloss Belvedere Potsdam, Regie: J.T. Mikan, Rolle: Geist<br>&#8211;&nbsp;\u201eDie Leiden des jungen Werther\u201d, Tournee-Theater u.a. in Berlin, Dresden, Eisenach, Regie: Vera Kamaryt, J.T. Mikan<\/p>\n\n\n\n<p>Gesang\/Chor:<\/p>\n\n\n\n<p>&#8211;&nbsp;\u201eWerke um Lassus und Rheinberger\u201d , Klosterkirche Lehnin, Dirigat: C. Grube (Udk-Berlin)<br>&#8211;&nbsp;\u201eDeutsches Requiem\u201d von J. Brahms, Rotterdam, Dirigat: Wiecher Mindemaker (Codarts)<br>&#8211;&nbsp;\u201eThe Quickening\u201d, gro\u00dfer Konzertsaal de Doelen Rotterdam, Dirigat und Komponist: J. MacMillan<br>&#8211;&nbsp;\u201eMozart-Requiem\u201d, Rotterdam, Dirigat: Wiecher Mindemaker (Codarts)<\/p>\n\n\n\n<p><strong>seit 2015 im Ensemble des tfk:<\/strong><br>&#8211;&nbsp;\u201eEurydike\u201d von Jean Anouilh, Regie: Anemone Poland; Rolle: Hein<br>&#8211;&nbsp;\u201eSprichw\u00f6rterabend\u201d von Georges Schehad\u00e9, Regie: Anemone Poland, Rolle: Argengeorge<br>&#8211;&nbsp;\u201eDie verkehrte Welt\u201d von Ludwig Tieck, Regie: Anemone Poland, Rolle: Apoll<br>&#8211;&nbsp;\u201eDie V\u00f6gel\u201d von Aristophanes, Rollen: Harpyie, Herakles, Regie: Anemone Poland<br>&#8211; &#8222;Die Riesen vom Berge&#8220; von Luigi Pirandello, Rolle: der Graf, Regie: Anemone Poland<\/p>\n\n\n\n<p><a href=\"https:\/\/tfk-berlin.de\/neu\/?page_id=153\">Zur \u00dcbersicht<\/a><\/p>\n","protected":false},"excerpt":{"rendered":"<p>geb. 1986 in Berlin; 2003-08 Studium an der Berliner Schule f\u00fcr B\u00fchnenkunst und unternehmerische F\u00e4higkeiten; Gesangsausbildung; Acting-Workshop bei Greta Amend (Energizing the Actor) in Berlin;2008-10 Studium an der Hochschule der K\u00fcnste&nbsp;\u201eCodarts\u201d in Rotterdam, klassische Gesangsausbildung bei Carolyn Watkinson Theater: &#8211;&nbsp;\u201eEisi-Eisb\u00e4r und die verzauberte Eisprinzessin\u201d, Zuckertraumtheater, Regie: G.Fanelli, Rolle: Eisi-Eisb\u00e4r&#8211;&nbsp;\u201eDie Bettleroper\u201d von J. Gay, Opernale, Barockschloss [&hellip;]<\/p>\n","protected":false},"author":1,"featured_media":0,"parent":0,"menu_order":0,"comment_status":"closed","ping_status":"closed","template":"","meta":{"site-sidebar-layout":"default","site-content-layout":"default","ast-site-content-layout":"default","site-content-style":"default","site-sidebar-style":"default","ast-global-header-display":"","ast-banner-title-visibility":"","ast-main-header-display":"","ast-hfb-above-header-display":"","ast-hfb-below-header-display":"","ast-hfb-mobile-header-display":"","site-post-title":"","ast-breadcrumbs-content":"","ast-featured-img":"","footer-sml-layout":"","ast-disable-related-posts":"","theme-transparent-header-meta":"default","adv-header-id-meta":"","stick-header-meta":"default","header-above-stick-meta":"","header-main-stick-meta":"","header-below-stick-meta":"","astra-migrate-meta-layouts":"set","ast-page-background-enabled":"default","ast-page-background-meta":{"desktop":{"background-color":"","background-image":"","background-repeat":"repeat","background-position":"center center","background-size":"auto","background-attachment":"scroll","background-type":"","background-media":"","overlay-type":"","overlay-color":"","overlay-opacity":"","overlay-gradient":""},"tablet":{"background-color":"","background-image":"","background-repeat":"repeat","background-position":"center center","background-size":"auto","background-attachment":"scroll","background-type":"","background-media":"","overlay-type":"","overlay-color":"","overlay-opacity":"","overlay-gradient":""},"mobile":{"background-color":"","background-image":"","background-repeat":"repeat","background-position":"center center","background-size":"auto","background-attachment":"scroll","background-type":"","background-media":"","overlay-type":"","overlay-color":"","overlay-opacity":"","overlay-gradient":""}},"ast-content-background-meta":{"desktop":{"background-color":"var(--ast-global-color-5)","background-image":"","background-repeat":"repeat","background-position":"center center","background-size":"auto","background-attachment":"scroll","background-type":"","background-media":"","overlay-type":"","overlay-color":"","overlay-opacity":"","overlay-gradient":""},"tablet":{"background-color":"var(--ast-global-color-5)","background-image":"","background-repeat":"repeat","background-position":"center center","background-size":"auto","background-attachment":"scroll","background-type":"","background-media":"","overlay-type":"","overlay-color":"","overlay-opacity":"","overlay-gradient":""},"mobile":{"background-color":"var(--ast-global-color-5)","background-image":"","background-repeat":"repeat","background-position":"center center","background-size":"auto","background-attachment":"scroll","background-type":"","background-media":"","overlay-type":"","overlay-color":"","overlay-opacity":"","overlay-gradient":""}},"pgc_sgb_lightbox_settings":"","footnotes":""},"class_list":["post-194","page","type-page","status-publish","hentry"],"aioseo_notices":[],"_links":{"self":[{"href":"https:\/\/tfk-berlin.de\/index.php?rest_route=\/wp\/v2\/pages\/194","targetHints":{"allow":["GET"]}}],"collection":[{"href":"https:\/\/tfk-berlin.de\/index.php?rest_route=\/wp\/v2\/pages"}],"about":[{"href":"https:\/\/tfk-berlin.de\/index.php?rest_route=\/wp\/v2\/types\/page"}],"author":[{"embeddable":true,"href":"https:\/\/tfk-berlin.de\/index.php?rest_route=\/wp\/v2\/users\/1"}],"replies":[{"embeddable":true,"href":"https:\/\/tfk-berlin.de\/index.php?rest_route=%2Fwp%2Fv2%2Fcomments&post=194"}],"version-history":[{"count":7,"href":"https:\/\/tfk-berlin.de\/index.php?rest_route=\/wp\/v2\/pages\/194\/revisions"}],"predecessor-version":[{"id":5726,"href":"https:\/\/tfk-berlin.de\/index.php?rest_route=\/wp\/v2\/pages\/194\/revisions\/5726"}],"wp:attachment":[{"href":"https:\/\/tfk-berlin.de\/index.php?rest_route=%2Fwp%2Fv2%2Fmedia&parent=194"}],"curies":[{"name":"wp","href":"https:\/\/api.w.org\/{rel}","templated":true}]}}