{"id":223,"date":"2021-02-23T14:02:49","date_gmt":"2021-02-23T13:02:49","guid":{"rendered":"https:\/\/tfk-berlin.de\/neu\/?page_id=223"},"modified":"2024-10-07T18:01:45","modified_gmt":"2024-10-07T16:01:45","slug":"michael-r-scholze","status":"publish","type":"page","link":"https:\/\/tfk-berlin.de\/?page_id=223","title":{"rendered":"Michael R. Scholze"},"content":{"rendered":"\n<figure class=\"wp-block-image size-large\"><img loading=\"lazy\" decoding=\"async\" width=\"684\" height=\"1024\" src=\"https:\/\/tfk-berlin.de\/neu\/wp-content\/uploads\/2021\/02\/Web_Anna_Sophie_Scholz_8_1-684x1024.jpg\" alt=\"\" class=\"wp-image-352\" srcset=\"https:\/\/tfk-berlin.de\/neu\/wp-content\/uploads\/2021\/02\/Web_Anna_Sophie_Scholz_8_1-684x1024.jpg 684w, https:\/\/tfk-berlin.de\/neu\/wp-content\/uploads\/2021\/02\/Web_Anna_Sophie_Scholz_8_1-200x300.jpg 200w, https:\/\/tfk-berlin.de\/neu\/wp-content\/uploads\/2021\/02\/Web_Anna_Sophie_Scholz_8_1-768x1150.jpg 768w, https:\/\/tfk-berlin.de\/neu\/wp-content\/uploads\/2021\/02\/Web_Anna_Sophie_Scholz_8_1.jpg 940w\" sizes=\"auto, (max-width: 684px) 100vw, 684px\" \/><\/figure>\n\n\n\n<p><\/p>\n\n\n\n<p>1978-1983 Schauspieltraining, Gesangsausbildung und Sprecherziehung als Kabarettist\/Schauspieler (Gast) an der Studiob\u00fchne des Maxim Gorki Theaters (MGT) Berlin, u.a. bei Hilmar Baumann, Manfred M\u00f6ckel, Peter Koch und Helga R\u00fccker.<\/p>\n\n\n\n<p>1978-1989 permanentes Gast-Engagement an der Studiob\u00fchne des MGT<\/p>\n\n\n\n<p>1983 Gast<br>&#8211;&nbsp;und 1990 bis 1991 Festengagement als Schauspieler am Theater &#8222;Die Distel&#8220; Berlin<\/p>\n\n\n\n<p>Seit Anfang 2000 zunehmend Charakterrollen in St\u00fccken von Shakespeare, Ibsen, Lessing, Kafka, Anouilh u.a. in Inszenierungen von Regisseuren wie Anemone Poland (tfk Berlin), Hilmar Baumann (MGT), Peter Tepper (ehem. BE), Bekela Tefera (ehem. DT Berlin), Marlon Tarnow (ehem. Volksb\u00fchne), Carlos Manuel, Johanna Steiner u.a.<\/p>\n\n\n\n<p>2004-2012 erfolgreiche Tournee im In<br>&#8211;&nbsp;und Ausland mit dem Theater-Solo &#8222;Ein Bericht f\u00fcr eine Akademie&#8220; von Franz Kafka in der Regie von Hilmar Baumann, MGT Berlin.<\/p>\n\n\n\n<p>Verst\u00e4rkt t\u00e4tig auch in Film, TV und H\u00f6rspiel.<\/p>\n\n\n\n<p>Seit 2008 auch Regisseur und seit 2016 freier Dozent f\u00fcr Theaterspiel u. -p\u00e4dagogik in Berlin<\/p>\n\n\n\n<p><strong>seit 2015 im Ensemble des tfk:<\/strong><br>&#8211;&nbsp;\u201eEurydike\u201d von Jean Anouilh, Regie: Anemone Poland, Rolle: Orpheus&#8216; Vater<br>&#8211;&nbsp;\u201eSprichw\u00f6rterabend\u201d von Georges Schehad\u00e9, Regie: Anemone Poland, Rolle: Spekulant Sola<br>&#8211;&nbsp;\u201eDie verkehrte Welt\u201d von Ludwig Tieck, Regie: Anemone Poland, Rolle: Skaramuz<\/p>\n\n\n\n<p><a href=\"https:\/\/tfk-berlin.de\/neu\/?page_id=153\">Zur \u00dcbersicht<\/a><\/p>\n","protected":false},"excerpt":{"rendered":"<p>1978-1983 Schauspieltraining, Gesangsausbildung und Sprecherziehung als Kabarettist\/Schauspieler (Gast) an der Studiob\u00fchne des Maxim Gorki Theaters (MGT) Berlin, u.a. bei Hilmar Baumann, Manfred M\u00f6ckel, Peter Koch und Helga R\u00fccker. 1978-1989 permanentes Gast-Engagement an der Studiob\u00fchne des MGT 1983 Gast&#8211;&nbsp;und 1990 bis 1991 Festengagement als Schauspieler am Theater &#8222;Die Distel&#8220; Berlin Seit Anfang 2000 zunehmend Charakterrollen in [&hellip;]<\/p>\n","protected":false},"author":1,"featured_media":0,"parent":0,"menu_order":0,"comment_status":"closed","ping_status":"closed","template":"","meta":{"site-sidebar-layout":"default","site-content-layout":"default","ast-site-content-layout":"default","site-content-style":"default","site-sidebar-style":"default","ast-global-header-display":"","ast-banner-title-visibility":"","ast-main-header-display":"","ast-hfb-above-header-display":"","ast-hfb-below-header-display":"","ast-hfb-mobile-header-display":"","site-post-title":"","ast-breadcrumbs-content":"","ast-featured-img":"","footer-sml-layout":"","ast-disable-related-posts":"","theme-transparent-header-meta":"default","adv-header-id-meta":"","stick-header-meta":"default","header-above-stick-meta":"","header-main-stick-meta":"","header-below-stick-meta":"","astra-migrate-meta-layouts":"set","ast-page-background-enabled":"default","ast-page-background-meta":{"desktop":{"background-color":"","background-image":"","background-repeat":"repeat","background-position":"center center","background-size":"auto","background-attachment":"scroll","background-type":"","background-media":"","overlay-type":"","overlay-color":"","overlay-opacity":"","overlay-gradient":""},"tablet":{"background-color":"","background-image":"","background-repeat":"repeat","background-position":"center center","background-size":"auto","background-attachment":"scroll","background-type":"","background-media":"","overlay-type":"","overlay-color":"","overlay-opacity":"","overlay-gradient":""},"mobile":{"background-color":"","background-image":"","background-repeat":"repeat","background-position":"center center","background-size":"auto","background-attachment":"scroll","background-type":"","background-media":"","overlay-type":"","overlay-color":"","overlay-opacity":"","overlay-gradient":""}},"ast-content-background-meta":{"desktop":{"background-color":"var(--ast-global-color-5)","background-image":"","background-repeat":"repeat","background-position":"center center","background-size":"auto","background-attachment":"scroll","background-type":"","background-media":"","overlay-type":"","overlay-color":"","overlay-opacity":"","overlay-gradient":""},"tablet":{"background-color":"var(--ast-global-color-5)","background-image":"","background-repeat":"repeat","background-position":"center center","background-size":"auto","background-attachment":"scroll","background-type":"","background-media":"","overlay-type":"","overlay-color":"","overlay-opacity":"","overlay-gradient":""},"mobile":{"background-color":"var(--ast-global-color-5)","background-image":"","background-repeat":"repeat","background-position":"center center","background-size":"auto","background-attachment":"scroll","background-type":"","background-media":"","overlay-type":"","overlay-color":"","overlay-opacity":"","overlay-gradient":""}},"pgc_sgb_lightbox_settings":"","footnotes":""},"class_list":["post-223","page","type-page","status-publish","hentry"],"aioseo_notices":[],"_links":{"self":[{"href":"https:\/\/tfk-berlin.de\/index.php?rest_route=\/wp\/v2\/pages\/223","targetHints":{"allow":["GET"]}}],"collection":[{"href":"https:\/\/tfk-berlin.de\/index.php?rest_route=\/wp\/v2\/pages"}],"about":[{"href":"https:\/\/tfk-berlin.de\/index.php?rest_route=\/wp\/v2\/types\/page"}],"author":[{"embeddable":true,"href":"https:\/\/tfk-berlin.de\/index.php?rest_route=\/wp\/v2\/users\/1"}],"replies":[{"embeddable":true,"href":"https:\/\/tfk-berlin.de\/index.php?rest_route=%2Fwp%2Fv2%2Fcomments&post=223"}],"version-history":[{"count":5,"href":"https:\/\/tfk-berlin.de\/index.php?rest_route=\/wp\/v2\/pages\/223\/revisions"}],"predecessor-version":[{"id":5732,"href":"https:\/\/tfk-berlin.de\/index.php?rest_route=\/wp\/v2\/pages\/223\/revisions\/5732"}],"wp:attachment":[{"href":"https:\/\/tfk-berlin.de\/index.php?rest_route=%2Fwp%2Fv2%2Fmedia&parent=223"}],"curies":[{"name":"wp","href":"https:\/\/api.w.org\/{rel}","templated":true}]}}