{"id":227,"date":"2021-02-23T14:03:18","date_gmt":"2021-02-23T13:03:18","guid":{"rendered":"https:\/\/tfk-berlin.de\/neu\/?page_id=227"},"modified":"2024-10-07T18:02:12","modified_gmt":"2024-10-07T16:02:12","slug":"tanja-watoro","status":"publish","type":"page","link":"https:\/\/tfk-berlin.de\/?page_id=227","title":{"rendered":"Tanja Watoro"},"content":{"rendered":"\n<figure class=\"wp-block-image size-large\"><img loading=\"lazy\" decoding=\"async\" width=\"400\" height=\"331\" src=\"https:\/\/tfk-berlin.de\/neu\/wp-content\/uploads\/2021\/02\/Tanja-1.jpg\" alt=\"\" class=\"wp-image-357\" srcset=\"https:\/\/tfk-berlin.de\/neu\/wp-content\/uploads\/2021\/02\/Tanja-1.jpg 400w, https:\/\/tfk-berlin.de\/neu\/wp-content\/uploads\/2021\/02\/Tanja-1-300x248.jpg 300w\" sizes=\"auto, (max-width: 400px) 100vw, 400px\" \/><\/figure>\n\n\n\n<p><\/p>\n\n\n\n<p>Tanja Watoro, geb. in Regensburg, absolvierte ihre Schauspiel-, Tanz- und Gesangausbildung an der Berliner Schule f\u00fcr B\u00fchnenkunst.<\/p>\n\n\n\n<p>2006 &#8211; 2012 Engagement bei der internationalen Theatergruppe &#8222;Teatro de los Andes&#8220; in Bolivien. Mit dem Ensemble interpretiert sie u.a. die Rolle der Pen\u00e9lope in der &#8222;Odyssee&#8220; auf verschiedenen bekannten internationalen Theaterfestivals in Chile, Argentinien, Brasilien, Kolumbien, Venezuela, Mexiko, Ecuador, Peru, Bolivien und Neuseeland, zu denen auch Regisseure wie Robert Wilson, Frank Castorf und Peter Brook kommen.<\/p>\n\n\n\n<p>Mit ihrem 1-Personen St\u00fcck &#8222;Sterne ohne Himmel&#8220; (von\/mit Tanja Watoro) bekommt sie Einladungen nach Chile, Argentinien, Deutschland und \u00d6sterreich.<br>Nach Ihrem Engagement in Bolivien arbeitet sie u.a. mit dem Wandertheater &#8222;Ton und Kirschen&#8220; und f\u00fcr das Musik- und Tanztheater &#8222;Mein Touristenf\u00fchrer&#8220; beim Kombinat in der Fabrik Potsdam.<\/p>\n\n\n\n<p>Aktuell hat sie ein Engagement als Schauspielerin am Musiktheater Atze in Berlin.<\/p>\n\n\n\n<p><strong>Preise:&nbsp;<\/strong><\/p>\n\n\n\n<p>2012 Internationaler Theaterpreis &#8222;Cumbre de las Am\u00e9ricas&#8220;, Argentinien: 1. Preis f\u00fcr &#8222;Sterne ohne Himmel&#8220; (von\/mit Tanja Watoro) &#8211; beste Schauspielerin, bestes St\u00fcck, beste Regie.<\/p>\n\n\n\n<p>2017 Filmpreis &#8222;Eduardo Abaroa&#8220; f\u00fcr &#8222;Light in the cup&#8220; (Rolle: Sonja) &#8211; bester Spielfilm, beste Regie, bestes Drehbuch, bester Schnitt.&nbsp;<\/p>\n\n\n\n<p><strong>seit 2017 im Ensemble des tfk:<\/strong><br>\u201eSprichw\u00f6rterabend\u201d von Georges Schehad\u00e9, Regie: Anemone Poland, Rollen: H\u00e9l\u00e8ne und Oktavia<br>\u201eDie verkehrte Welt\u201d von Ludwig Tieck, Regie: Anemone Poland, Rolle: Thalia<br>\u201eDie V\u00f6gel\u201d von Aristophanes, Rolle: Nachtigall \/ Bote, Regie: Anemone Poland<\/p>\n\n\n\n<p>&#8222;Die Riesen vom Berge&#8220; von Luigi Pirandello, Rolle: Ilse, Regie: Anemone Poland<\/p>\n\n\n\n<p><a href=\"https:\/\/tfk-berlin.de\/neu\/?page_id=153\">Zur \u00dcbersicht<\/a><\/p>\n","protected":false},"excerpt":{"rendered":"<p>Tanja Watoro, geb. in Regensburg, absolvierte ihre Schauspiel-, Tanz- und Gesangausbildung an der Berliner Schule f\u00fcr B\u00fchnenkunst. 2006 &#8211; 2012 Engagement bei der internationalen Theatergruppe &#8222;Teatro de los Andes&#8220; in Bolivien. Mit dem Ensemble interpretiert sie u.a. die Rolle der Pen\u00e9lope in der &#8222;Odyssee&#8220; auf verschiedenen bekannten internationalen Theaterfestivals in Chile, Argentinien, Brasilien, Kolumbien, Venezuela, [&hellip;]<\/p>\n","protected":false},"author":1,"featured_media":0,"parent":0,"menu_order":0,"comment_status":"closed","ping_status":"closed","template":"","meta":{"site-sidebar-layout":"default","site-content-layout":"default","ast-site-content-layout":"default","site-content-style":"default","site-sidebar-style":"default","ast-global-header-display":"","ast-banner-title-visibility":"","ast-main-header-display":"","ast-hfb-above-header-display":"","ast-hfb-below-header-display":"","ast-hfb-mobile-header-display":"","site-post-title":"","ast-breadcrumbs-content":"","ast-featured-img":"","footer-sml-layout":"","ast-disable-related-posts":"","theme-transparent-header-meta":"default","adv-header-id-meta":"","stick-header-meta":"default","header-above-stick-meta":"","header-main-stick-meta":"","header-below-stick-meta":"","astra-migrate-meta-layouts":"set","ast-page-background-enabled":"default","ast-page-background-meta":{"desktop":{"background-color":"","background-image":"","background-repeat":"repeat","background-position":"center center","background-size":"auto","background-attachment":"scroll","background-type":"","background-media":"","overlay-type":"","overlay-color":"","overlay-opacity":"","overlay-gradient":""},"tablet":{"background-color":"","background-image":"","background-repeat":"repeat","background-position":"center center","background-size":"auto","background-attachment":"scroll","background-type":"","background-media":"","overlay-type":"","overlay-color":"","overlay-opacity":"","overlay-gradient":""},"mobile":{"background-color":"","background-image":"","background-repeat":"repeat","background-position":"center center","background-size":"auto","background-attachment":"scroll","background-type":"","background-media":"","overlay-type":"","overlay-color":"","overlay-opacity":"","overlay-gradient":""}},"ast-content-background-meta":{"desktop":{"background-color":"var(--ast-global-color-5)","background-image":"","background-repeat":"repeat","background-position":"center center","background-size":"auto","background-attachment":"scroll","background-type":"","background-media":"","overlay-type":"","overlay-color":"","overlay-opacity":"","overlay-gradient":""},"tablet":{"background-color":"var(--ast-global-color-5)","background-image":"","background-repeat":"repeat","background-position":"center center","background-size":"auto","background-attachment":"scroll","background-type":"","background-media":"","overlay-type":"","overlay-color":"","overlay-opacity":"","overlay-gradient":""},"mobile":{"background-color":"var(--ast-global-color-5)","background-image":"","background-repeat":"repeat","background-position":"center center","background-size":"auto","background-attachment":"scroll","background-type":"","background-media":"","overlay-type":"","overlay-color":"","overlay-opacity":"","overlay-gradient":""}},"pgc_sgb_lightbox_settings":"","footnotes":""},"class_list":["post-227","page","type-page","status-publish","hentry"],"aioseo_notices":[],"_links":{"self":[{"href":"https:\/\/tfk-berlin.de\/index.php?rest_route=\/wp\/v2\/pages\/227","targetHints":{"allow":["GET"]}}],"collection":[{"href":"https:\/\/tfk-berlin.de\/index.php?rest_route=\/wp\/v2\/pages"}],"about":[{"href":"https:\/\/tfk-berlin.de\/index.php?rest_route=\/wp\/v2\/types\/page"}],"author":[{"embeddable":true,"href":"https:\/\/tfk-berlin.de\/index.php?rest_route=\/wp\/v2\/users\/1"}],"replies":[{"embeddable":true,"href":"https:\/\/tfk-berlin.de\/index.php?rest_route=%2Fwp%2Fv2%2Fcomments&post=227"}],"version-history":[{"count":9,"href":"https:\/\/tfk-berlin.de\/index.php?rest_route=\/wp\/v2\/pages\/227\/revisions"}],"predecessor-version":[{"id":5733,"href":"https:\/\/tfk-berlin.de\/index.php?rest_route=\/wp\/v2\/pages\/227\/revisions\/5733"}],"wp:attachment":[{"href":"https:\/\/tfk-berlin.de\/index.php?rest_route=%2Fwp%2Fv2%2Fmedia&parent=227"}],"curies":[{"name":"wp","href":"https:\/\/api.w.org\/{rel}","templated":true}]}}