{"id":230,"date":"2021-02-23T14:04:13","date_gmt":"2021-02-23T13:04:13","guid":{"rendered":"https:\/\/tfk-berlin.de\/neu\/?page_id=230"},"modified":"2024-10-07T18:03:11","modified_gmt":"2024-10-07T16:03:11","slug":"anemone-poland","status":"publish","type":"page","link":"https:\/\/tfk-berlin.de\/?page_id=230","title":{"rendered":"Anemone Poland"},"content":{"rendered":"\n<figure class=\"wp-block-image size-large\"><img loading=\"lazy\" decoding=\"async\" width=\"311\" height=\"416\" src=\"https:\/\/tfk-berlin.de\/neu\/wp-content\/uploads\/2021\/02\/anemone.jpg\" alt=\"\" class=\"wp-image-172\" srcset=\"https:\/\/tfk-berlin.de\/neu\/wp-content\/uploads\/2021\/02\/anemone.jpg 311w, https:\/\/tfk-berlin.de\/neu\/wp-content\/uploads\/2021\/02\/anemone-224x300.jpg 224w\" sizes=\"auto, (max-width: 311px) 100vw, 311px\" \/><\/figure>\n\n\n\n<p><\/p>\n\n\n\n<p>K\u00fcnstlerische Leiterin des Theaterforum Kreuzberg<br>klassische Ballettausbildung an der Berliner Tanzakademie, Leitung: Tatjana Gsovsky; Abschlusspr\u00fcfung 1976 an der Deutschen Oper Berlin.<br>Schauspielstudium bei Prof. Erika Dannhoff; Diplom 1978<\/p>\n\n\n\n<p>Sie war an vielen B\u00fchnen in Berlin und im Bundesgebiet engagiert, spielte in Film und Fernsehen. Mehrfach arbeitete sie mit dem polnischen Regisseur Henryk Tomaszewski zusammen. Mehrere Jahre war sie Gastdozentin und Projektleiterin am College of Arts Dartington, England und an der Universit\u00e4t der K\u00fcnste Berlin. Von 2013 &#8211; 2019 K\u00fcnstlerische Leiterin der Sommerakademie Marburg f\u00fcr den Bereich Darstellende Kunst.<\/p>\n\n\n\n<p>Als Regisseurin bevorzugt sie selten gespielte Autoren der klassischen Moderne.<br>Am tfk inszenierte sie St\u00fccke h\u00e4ufig als Deutsche Erstauff\u00fchrung u.a. von Jean Tardieu, Michel de Ghelderode, Lew Tolstoi, Diderot\/Enzensberger, Roger Vitrac, Georges Schehad\u00e9, Eug\u00e8ne Ionesco, Ludwig Tieck und als Urauff\u00fchrung ein Drama des Malers Max Beckmann.<\/p>\n\n\n\n<p><strong>Engagements als Schauspielerin &#8211; eine Auswahl<\/strong><\/p>\n\n\n\n<p>1976 erste Rolle (&#8222;Aggie&#8220;) am Renaissance-Theater Berlin in &#8222;Eine freundliche Lady&#8220;<br>von E. Chodorov; Regie: Oskar Fritz Schuh<\/p>\n\n\n\n<ul class=\"wp-block-list\">\n<li>Titelrolle in &#8222;Elizaveta Bam&#8220; von Daniil Charms, deutsche Erstauff\u00fchrung,<br>Produktion der Berliner Festwochen, Regie: Helfrid Foron<\/li>\n\n\n\n<li>&#8222;Das Herzeleid einer englischen Katze&#8220; von Serrau\/Balzac, Maskentheater, deutsche<br>Erstauff\u00fchrung; Regie: Henryk Tomaszewski, Wroclav; Eurostudio Landgraf<\/li>\n\n\n\n<li>&#8222;Requiem&#8220; von Hans Peter Jahn f\u00fcr zwei Schauspieler und Orchester, Urauff\u00fchrung<br>bei den &#8222;Tagen der neuen Musik&#8220; des Senders Saarbr\u00fccken, Regie: Helfrid Foron<\/li>\n\n\n\n<li>&#8222;Das Narrenschiff&#8220;, ein Bouffon-Spektakel nach Texten von Sebastian Brant,<br>Produktion zur 750-Jahr-Feier Berlins; Regie: Manu Tr\u00f6kes<\/li>\n\n\n\n<li>&#8222;Der tote Tag&#8220; von Ernst Barlach, Rolle: die Mutter, Regie: Olaf Bockem\u00fchl, tfk<\/li>\n\n\n\n<li>&#8222;Wie man W\u00fcnsche beim Schwanz packt&#8220; von Pablo Picasso; Rolle: Torte,<br>Regie: Rudi M\u00fcller-Poland Berliner Erstauff\u00fchrung am tfk<\/li>\n\n\n\n<li>&#8222;Das Orchester&#8220; von J. Anouilh, Rolle: Madame Hortense, Regie: R. M\u00fcller-Poland, tfk<\/li>\n\n\n\n<li>&#8222;Der unterbrochene Akt&#8220; von Tadeusz R\u00f3zewicz, Rolle: Haush\u00e4lterin,<br>Regie: Rudi M\u00fcller-Poland, tfk<\/li>\n\n\n\n<li>&#8222;Die Kleider&#8220; von Helmut Kajzar, Solost\u00fcck, Regie: Barbara Focke, tfk<\/li>\n<\/ul>\n\n\n\n<p><strong>als Regisseurin<\/strong><\/p>\n\n\n\n<ul class=\"wp-block-list\">\n<li>&#8222;Bastien und Bastienne&#8220; von W.A. Mozart mit dem Kammerorchesters unter den Linden<br>im Kammermusiksaal der Philharmonie, Dirigent: Andreas P. K\u00e4hler<\/li>\n\n\n\n<li>Choreographie f\u00fcr &#8222;Jedermann&#8220; von H. von Hofmannsthal im Berliner Dom<\/li>\n\n\n\n<li>&#8222;Die Horatier und die Kuriatier&#8220; von B. Brecht mit der Musik von Kurt Schwaen im<br>Konzerthaus am Gendarmenmarkt Berlin, Produktion des Deutschlandradios<\/li>\n\n\n\n<li>&#8222;Das ABC des Lebens&#8220; von Jean Tardieu, tfk<\/li>\n\n\n\n<li>&#8222;Divercity&#8220; nach dem Roman von Italo Calvino in engl. Sprache,<br>Co-Produktion College of Arts Dartington\/tfk<\/li>\n\n\n\n<li>&#8222;Die Ballade vom gro\u00dfen Makabren&#8220; von Michel de Ghelderode, tfk<\/li>\n\n\n\n<li>&#8222;Das Hotel&#8220; von Max Beckmann, tfk<\/li>\n\n\n\n<li>&#8222;Das blaue Ungeheuer&#8220; von Carlo Gozzi, tfk<\/li>\n\n\n\n<li>&#8222;Triumph des Todes&#8220; von Eug\u00e8ne Ionesco, tfk<\/li>\n\n\n\n<li>&#8222;Fu\u00dfg\u00e4nger der Luft&#8220; von Eug\u00e8ne Ionesco, tfk<\/li>\n\n\n\n<li>&#8222;Leinwandmesser &#8211; die Geschichte eines Pferdes&#8220; nach Leo Tolstoi, tfk<\/li>\n\n\n\n<li>&#8222;Hunger und Durst&#8220; von Eug\u00e8ne Ionesco, tfk<\/li>\n\n\n\n<li>\u201eJakob oder die Unterwerfung\u201d von Eug\u00e8ne Ionesco, tfk<\/li>\n\n\n\n<li>\u201eIst er gut? Ist er b\u00f6se?\u201d von H. M. Enzensberger nach D. Diderot, tfk<\/li>\n\n\n\n<li>\u201eWolf im Korb\u201d von Roger Vitrac, tfk, Deutsche Erstauff\u00fchrung<\/li>\n\n\n\n<li>\u201eDer Auswanderer\u201d von Georges Schehad\u00e9, tfk<\/li>\n\n\n\n<li>\u201eEurydike\u201d von Jean Anouilh, tfk<\/li>\n\n\n\n<li>\u201eSprichw\u00f6rterabend\u201d von Georges Schehad\u00e9, tfk<\/li>\n\n\n\n<li>\u201eDie verkehrte Welt\u201d von Ludwig Tieck, tfk<\/li>\n\n\n\n<li>\u201eDie V\u00f6gel\u201d von Aristophanes, tfk<\/li>\n\n\n\n<li>&#8222;Die Riesen vom Berge&#8220; von Luigi Pirandello<\/li>\n\n\n\n<li>&#8222;Plutos &#8211; der Reichtum&#8220; von Aristophanes<\/li>\n<\/ul>\n\n\n\n<p><a href=\"https:\/\/tfk-berlin.de\/neu\/?page_id=153\">Zur \u00dcbersicht<\/a><\/p>\n","protected":false},"excerpt":{"rendered":"<p>K\u00fcnstlerische Leiterin des Theaterforum Kreuzbergklassische Ballettausbildung an der Berliner Tanzakademie, Leitung: Tatjana Gsovsky; Abschlusspr\u00fcfung 1976 an der Deutschen Oper Berlin.Schauspielstudium bei Prof. Erika Dannhoff; Diplom 1978 Sie war an vielen B\u00fchnen in Berlin und im Bundesgebiet engagiert, spielte in Film und Fernsehen. Mehrfach arbeitete sie mit dem polnischen Regisseur Henryk Tomaszewski zusammen. Mehrere Jahre war [&hellip;]<\/p>\n","protected":false},"author":1,"featured_media":0,"parent":0,"menu_order":0,"comment_status":"closed","ping_status":"closed","template":"","meta":{"site-sidebar-layout":"default","site-content-layout":"default","ast-site-content-layout":"default","site-content-style":"default","site-sidebar-style":"default","ast-global-header-display":"","ast-banner-title-visibility":"","ast-main-header-display":"","ast-hfb-above-header-display":"","ast-hfb-below-header-display":"","ast-hfb-mobile-header-display":"","site-post-title":"","ast-breadcrumbs-content":"","ast-featured-img":"","footer-sml-layout":"","ast-disable-related-posts":"","theme-transparent-header-meta":"default","adv-header-id-meta":"","stick-header-meta":"default","header-above-stick-meta":"","header-main-stick-meta":"","header-below-stick-meta":"","astra-migrate-meta-layouts":"set","ast-page-background-enabled":"default","ast-page-background-meta":{"desktop":{"background-color":"","background-image":"","background-repeat":"repeat","background-position":"center center","background-size":"auto","background-attachment":"scroll","background-type":"","background-media":"","overlay-type":"","overlay-color":"","overlay-opacity":"","overlay-gradient":""},"tablet":{"background-color":"","background-image":"","background-repeat":"repeat","background-position":"center center","background-size":"auto","background-attachment":"scroll","background-type":"","background-media":"","overlay-type":"","overlay-color":"","overlay-opacity":"","overlay-gradient":""},"mobile":{"background-color":"","background-image":"","background-repeat":"repeat","background-position":"center center","background-size":"auto","background-attachment":"scroll","background-type":"","background-media":"","overlay-type":"","overlay-color":"","overlay-opacity":"","overlay-gradient":""}},"ast-content-background-meta":{"desktop":{"background-color":"var(--ast-global-color-5)","background-image":"","background-repeat":"repeat","background-position":"center center","background-size":"auto","background-attachment":"scroll","background-type":"","background-media":"","overlay-type":"","overlay-color":"","overlay-opacity":"","overlay-gradient":""},"tablet":{"background-color":"var(--ast-global-color-5)","background-image":"","background-repeat":"repeat","background-position":"center center","background-size":"auto","background-attachment":"scroll","background-type":"","background-media":"","overlay-type":"","overlay-color":"","overlay-opacity":"","overlay-gradient":""},"mobile":{"background-color":"var(--ast-global-color-5)","background-image":"","background-repeat":"repeat","background-position":"center center","background-size":"auto","background-attachment":"scroll","background-type":"","background-media":"","overlay-type":"","overlay-color":"","overlay-opacity":"","overlay-gradient":""}},"pgc_sgb_lightbox_settings":"","footnotes":""},"class_list":["post-230","page","type-page","status-publish","hentry"],"aioseo_notices":[],"_links":{"self":[{"href":"https:\/\/tfk-berlin.de\/index.php?rest_route=\/wp\/v2\/pages\/230","targetHints":{"allow":["GET"]}}],"collection":[{"href":"https:\/\/tfk-berlin.de\/index.php?rest_route=\/wp\/v2\/pages"}],"about":[{"href":"https:\/\/tfk-berlin.de\/index.php?rest_route=\/wp\/v2\/types\/page"}],"author":[{"embeddable":true,"href":"https:\/\/tfk-berlin.de\/index.php?rest_route=\/wp\/v2\/users\/1"}],"replies":[{"embeddable":true,"href":"https:\/\/tfk-berlin.de\/index.php?rest_route=%2Fwp%2Fv2%2Fcomments&post=230"}],"version-history":[{"count":6,"href":"https:\/\/tfk-berlin.de\/index.php?rest_route=\/wp\/v2\/pages\/230\/revisions"}],"predecessor-version":[{"id":5734,"href":"https:\/\/tfk-berlin.de\/index.php?rest_route=\/wp\/v2\/pages\/230\/revisions\/5734"}],"wp:attachment":[{"href":"https:\/\/tfk-berlin.de\/index.php?rest_route=%2Fwp%2Fv2%2Fmedia&parent=230"}],"curies":[{"name":"wp","href":"https:\/\/api.w.org\/{rel}","templated":true}]}}