{"id":239,"date":"2021-02-23T14:06:04","date_gmt":"2021-02-23T13:06:04","guid":{"rendered":"https:\/\/tfk-berlin.de\/neu\/?page_id=239"},"modified":"2024-10-07T18:04:22","modified_gmt":"2024-10-07T16:04:22","slug":"robert-schmidt-matt","status":"publish","type":"page","link":"https:\/\/tfk-berlin.de\/?page_id=239","title":{"rendered":"Robert Schmidt-Matt"},"content":{"rendered":"\n<figure class=\"wp-block-image size-large is-resized\"><img loading=\"lazy\" decoding=\"async\" width=\"722\" height=\"1024\" src=\"https:\/\/tfk-berlin.de\/neu\/wp-content\/uploads\/2021\/12\/2021-Fotographie_MichaWinkler-722x1024.jpg\" alt=\"\" class=\"wp-image-2677\" style=\"width:425px;height:602px\" srcset=\"https:\/\/tfk-berlin.de\/neu\/wp-content\/uploads\/2021\/12\/2021-Fotographie_MichaWinkler-722x1024.jpg 722w, https:\/\/tfk-berlin.de\/neu\/wp-content\/uploads\/2021\/12\/2021-Fotographie_MichaWinkler-212x300.jpg 212w, https:\/\/tfk-berlin.de\/neu\/wp-content\/uploads\/2021\/12\/2021-Fotographie_MichaWinkler.jpg 769w\" sizes=\"auto, (max-width: 722px) 100vw, 722px\" \/><\/figure>\n\n\n\n<p><\/p>\n\n\n\n<p>Geboren 1954 in Berlin.<\/p>\n\n\n\n<p>Nach dem Studium der Malerei und Bildhauerei an der HdK Berlin (bei Fred Thieler und Gerhard Fietz, Meistersch\u00fcler bei Prof. Michael Schoenholtz) seit 1984 als freischaffender K\u00fcnstler t\u00e4tig.<br>Zahlreiche Ausstellungen und Ausstellungsbeteiligungen im In- und Ausland.<br>Teilnahme an Bildhauer-Symposien im In- und Ausland.<br>Einladungen zu Wettbewerben, Ank\u00e4ufe von Arbeiten f\u00fcr den \u00f6ffentlichen Raum, \u00f6ffentliche und private Auftr\u00e4ge.<\/p>\n\n\n\n<p>Seit 2002 15 B\u00fchnenbilder f\u00fcr das Theaterforum Kreuzberg<br>2002 \u201edie Ballade vom Gro\u00dfen Makabren\u201c von Michel de Ghelderode,<br>2003 \u201edas Hotel\u201c von Max Beckmann<br>2004 \u201edas BlaueUngeheuer\u201c von Carlo Gozzi<br>2005 \u201eJeux de massacre\u201c von Eug\u00e8ne Ionesco,<br>2007 \u201eFu\u00dfg\u00e4nger der Luft\u201c von Eug\u00e8ne Ionesco<br>2008 \u201eLeinwandmesser, die Geschichte eines Pferdes\u201c nach Tolstoi<br>2009 \u201eHunger und Durst\u201c von Eug\u00e8ne Ionesco<br>2010 \u201eJakob oder die Unterwerfung\u201c von Eug\u00e8ne Ionesco<br>2012 \u201eIst er gut, ist er b\u00f6se? von Denis Diderot<br>2013 \u201eWolf im Korb\u201c von Roger Vitrac<br>2014 \u201eder Auswanderer\u201c von Georges Schehad\u00e9<br>2015 \u201eEurydike\u201c von Jean Anouilh<br>2017 \u201eSprichw\u00f6rterabend\u201c von Georges Schehad\u00e9<br>2018, \u201eVerkehrte Welt\u201c von Ludwig Tieck<br>2020 \u201edie V\u00f6gel\u201c von Aristophanes<\/p>\n\n\n\n<p>1984 1. Preis im Wettbewerb \u201cBrunnen Buckower Damm\u201c f\u00fcr die Bundesgartenschau Berlin (mit<br>A.K\u00f6ker und I. Haug), Fertigstellung 1985<br>1987 RischArt Preis M\u00fcnchen<br>(Gedenktafelcollage f\u00fcr die Wei\u00dfe Rose auf dem Geschwister-Scholl-Platz)<br>1988 F\u00f6rderpreis der Prinz Luitpold-Stiftung M\u00fcnchen<br>1990-2007 K\u00fcnstlerischer Leiter der Sommerakademie Marburg<br>1995 \u2013 99 Lehrauftrag an der Hochschule der K\u00fcnste Berlin<\/p>\n\n\n\n<p>Atelier: Crellestr. 19\/20, 10827 Berlin<br>Homepage: <a href=\"http:\/\/www.schmidt-matt.de\/\" target=\"_blank\" rel=\"noreferrer noopener\" title=\"http:\/\/www.schmidt-matt.de\/\">http:\/\/www.schmidt-matt.de\/<\/a><\/p>\n\n\n\n<p><a href=\"https:\/\/tfk-berlin.de\/neu\/?page_id=153\">Zur \u00dcbersicht<\/a><\/p>\n","protected":false},"excerpt":{"rendered":"<p>Geboren 1954 in Berlin. Nach dem Studium der Malerei und Bildhauerei an der HdK Berlin (bei Fred Thieler und Gerhard Fietz, Meistersch\u00fcler bei Prof. Michael Schoenholtz) seit 1984 als freischaffender K\u00fcnstler t\u00e4tig.Zahlreiche Ausstellungen und Ausstellungsbeteiligungen im In- und Ausland.Teilnahme an Bildhauer-Symposien im In- und Ausland.Einladungen zu Wettbewerben, Ank\u00e4ufe von Arbeiten f\u00fcr den \u00f6ffentlichen Raum, \u00f6ffentliche [&hellip;]<\/p>\n","protected":false},"author":1,"featured_media":0,"parent":0,"menu_order":0,"comment_status":"closed","ping_status":"closed","template":"","meta":{"site-sidebar-layout":"default","site-content-layout":"default","ast-site-content-layout":"default","site-content-style":"default","site-sidebar-style":"default","ast-global-header-display":"","ast-banner-title-visibility":"","ast-main-header-display":"","ast-hfb-above-header-display":"","ast-hfb-below-header-display":"","ast-hfb-mobile-header-display":"","site-post-title":"","ast-breadcrumbs-content":"","ast-featured-img":"","footer-sml-layout":"","ast-disable-related-posts":"","theme-transparent-header-meta":"default","adv-header-id-meta":"","stick-header-meta":"default","header-above-stick-meta":"","header-main-stick-meta":"","header-below-stick-meta":"","astra-migrate-meta-layouts":"set","ast-page-background-enabled":"default","ast-page-background-meta":{"desktop":{"background-color":"","background-image":"","background-repeat":"repeat","background-position":"center center","background-size":"auto","background-attachment":"scroll","background-type":"","background-media":"","overlay-type":"","overlay-color":"","overlay-opacity":"","overlay-gradient":""},"tablet":{"background-color":"","background-image":"","background-repeat":"repeat","background-position":"center center","background-size":"auto","background-attachment":"scroll","background-type":"","background-media":"","overlay-type":"","overlay-color":"","overlay-opacity":"","overlay-gradient":""},"mobile":{"background-color":"","background-image":"","background-repeat":"repeat","background-position":"center center","background-size":"auto","background-attachment":"scroll","background-type":"","background-media":"","overlay-type":"","overlay-color":"","overlay-opacity":"","overlay-gradient":""}},"ast-content-background-meta":{"desktop":{"background-color":"var(--ast-global-color-5)","background-image":"","background-repeat":"repeat","background-position":"center center","background-size":"auto","background-attachment":"scroll","background-type":"","background-media":"","overlay-type":"","overlay-color":"","overlay-opacity":"","overlay-gradient":""},"tablet":{"background-color":"var(--ast-global-color-5)","background-image":"","background-repeat":"repeat","background-position":"center center","background-size":"auto","background-attachment":"scroll","background-type":"","background-media":"","overlay-type":"","overlay-color":"","overlay-opacity":"","overlay-gradient":""},"mobile":{"background-color":"var(--ast-global-color-5)","background-image":"","background-repeat":"repeat","background-position":"center center","background-size":"auto","background-attachment":"scroll","background-type":"","background-media":"","overlay-type":"","overlay-color":"","overlay-opacity":"","overlay-gradient":""}},"pgc_sgb_lightbox_settings":"","footnotes":""},"class_list":["post-239","page","type-page","status-publish","hentry"],"aioseo_notices":[],"_links":{"self":[{"href":"https:\/\/tfk-berlin.de\/index.php?rest_route=\/wp\/v2\/pages\/239","targetHints":{"allow":["GET"]}}],"collection":[{"href":"https:\/\/tfk-berlin.de\/index.php?rest_route=\/wp\/v2\/pages"}],"about":[{"href":"https:\/\/tfk-berlin.de\/index.php?rest_route=\/wp\/v2\/types\/page"}],"author":[{"embeddable":true,"href":"https:\/\/tfk-berlin.de\/index.php?rest_route=\/wp\/v2\/users\/1"}],"replies":[{"embeddable":true,"href":"https:\/\/tfk-berlin.de\/index.php?rest_route=%2Fwp%2Fv2%2Fcomments&post=239"}],"version-history":[{"count":7,"href":"https:\/\/tfk-berlin.de\/index.php?rest_route=\/wp\/v2\/pages\/239\/revisions"}],"predecessor-version":[{"id":5736,"href":"https:\/\/tfk-berlin.de\/index.php?rest_route=\/wp\/v2\/pages\/239\/revisions\/5736"}],"wp:attachment":[{"href":"https:\/\/tfk-berlin.de\/index.php?rest_route=%2Fwp%2Fv2%2Fmedia&parent=239"}],"curies":[{"name":"wp","href":"https:\/\/api.w.org\/{rel}","templated":true}]}}