{"id":243,"date":"2021-02-23T14:07:26","date_gmt":"2021-02-23T13:07:26","guid":{"rendered":"https:\/\/tfk-berlin.de\/neu\/?page_id=243"},"modified":"2024-10-07T18:05:29","modified_gmt":"2024-10-07T16:05:29","slug":"nathalie-saewert","status":"publish","type":"page","link":"https:\/\/tfk-berlin.de\/?page_id=243","title":{"rendered":"Nathalie S\u00e4wert"},"content":{"rendered":"\n<figure class=\"wp-block-image size-large\"><img loading=\"lazy\" decoding=\"async\" width=\"108\" height=\"150\" src=\"https:\/\/tfk-berlin.de\/neu\/wp-content\/uploads\/2021\/02\/fiedermann.jpg\" alt=\"\" class=\"wp-image-390\"\/><\/figure>\n\n\n\n<p><\/p>\n\n\n\n<p>Ausbildung als Herrenma\u00df-&nbsp;und Kost\u00fcmschneiderin und anschlie\u00dfendes Modestudium. Kost\u00fcmbildassistenz bei Film und Fernsehen.<br>Inszenierung und Gestaltung von Modeschauen.<br>Spezialisierung auf historische Kost\u00fcme, Verkleidung\/Verwandlung und T\u00e4towierungen.<br>Eigenes kleines Label: Mode \u2013 Kost\u00fcm \u2013 Hautkunst; <a rel=\"noreferrer noopener\" href=\"http:\/\/www.tattoomanin.de\" target=\"_blank\">www.tattoomanin.de<\/a><\/p>\n\n\n\n<p><strong>seit 2004 im Ensemble des tfk:<\/strong><br>&#8211;&nbsp;&#8222;Das blaue Ungheuer&#8220; von Carlo Gozzi<br>&#8211;&nbsp;&#8222;Triumph des Todes&#8220; von Eug\u00e8ne Ionesco<br>&#8211;&nbsp;&#8222;Fu\u00dfg\u00e4nger der Luft&#8220; von Eug\u00e8ne Ionesco<br>&#8211;&nbsp;&#8222;Leinwandmesser &#8211;&nbsp;die Geschichte eines Pferdes&#8220; nach Leo Tolstoi<br>&#8211;&nbsp;&#8222;Hunger und Durst&#8220; von Eug\u00e8ne Ionesco<br>&#8211;&nbsp;\u201eJakob oder die Unterwerfung\u201d von Eug\u00e8ne Ionesco<br>&#8211;&nbsp;\u201eIst er gut? Ist er b\u00f6se?\u201d von H. M. Enzensberger nach D. Diderot<br>&#8211;&nbsp;\u201eWolf im Korb\u201d von Roger Vitrac<br>&#8211;&nbsp;\u201eDer Auswanderer\u201d von Georges Schehad\u00e9, tfk<br>&#8211;&nbsp;\u201eEurydike\u201d von Jean Anouilh, tfk<br>&#8211;&nbsp;\u201eSprichw\u00f6rterabend\u201d von Georges Schehad\u00e9, tfk<br>&#8211;&nbsp;\u201eDie verkehrte Welt\u201d von Ludwig Tieck, tfk<\/p>\n\n\n\n<p><a href=\"https:\/\/tfk-berlin.de\/neu\/?page_id=153\">Zur \u00dcbersicht<\/a><\/p>\n","protected":false},"excerpt":{"rendered":"<p>Ausbildung als Herrenma\u00df-&nbsp;und Kost\u00fcmschneiderin und anschlie\u00dfendes Modestudium. Kost\u00fcmbildassistenz bei Film und Fernsehen.Inszenierung und Gestaltung von Modeschauen.Spezialisierung auf historische Kost\u00fcme, Verkleidung\/Verwandlung und T\u00e4towierungen.Eigenes kleines Label: Mode \u2013 Kost\u00fcm \u2013 Hautkunst; www.tattoomanin.de seit 2004 im Ensemble des tfk:&#8211;&nbsp;&#8222;Das blaue Ungheuer&#8220; von Carlo Gozzi&#8211;&nbsp;&#8222;Triumph des Todes&#8220; von Eug\u00e8ne Ionesco&#8211;&nbsp;&#8222;Fu\u00dfg\u00e4nger der Luft&#8220; von Eug\u00e8ne Ionesco&#8211;&nbsp;&#8222;Leinwandmesser &#8211;&nbsp;die Geschichte eines Pferdes&#8220; [&hellip;]<\/p>\n","protected":false},"author":1,"featured_media":0,"parent":0,"menu_order":0,"comment_status":"closed","ping_status":"closed","template":"","meta":{"site-sidebar-layout":"default","site-content-layout":"default","ast-site-content-layout":"default","site-content-style":"default","site-sidebar-style":"default","ast-global-header-display":"","ast-banner-title-visibility":"","ast-main-header-display":"","ast-hfb-above-header-display":"","ast-hfb-below-header-display":"","ast-hfb-mobile-header-display":"","site-post-title":"","ast-breadcrumbs-content":"","ast-featured-img":"","footer-sml-layout":"","ast-disable-related-posts":"","theme-transparent-header-meta":"default","adv-header-id-meta":"","stick-header-meta":"default","header-above-stick-meta":"","header-main-stick-meta":"","header-below-stick-meta":"","astra-migrate-meta-layouts":"set","ast-page-background-enabled":"default","ast-page-background-meta":{"desktop":{"background-color":"","background-image":"","background-repeat":"repeat","background-position":"center center","background-size":"auto","background-attachment":"scroll","background-type":"","background-media":"","overlay-type":"","overlay-color":"","overlay-opacity":"","overlay-gradient":""},"tablet":{"background-color":"","background-image":"","background-repeat":"repeat","background-position":"center center","background-size":"auto","background-attachment":"scroll","background-type":"","background-media":"","overlay-type":"","overlay-color":"","overlay-opacity":"","overlay-gradient":""},"mobile":{"background-color":"","background-image":"","background-repeat":"repeat","background-position":"center center","background-size":"auto","background-attachment":"scroll","background-type":"","background-media":"","overlay-type":"","overlay-color":"","overlay-opacity":"","overlay-gradient":""}},"ast-content-background-meta":{"desktop":{"background-color":"var(--ast-global-color-5)","background-image":"","background-repeat":"repeat","background-position":"center center","background-size":"auto","background-attachment":"scroll","background-type":"","background-media":"","overlay-type":"","overlay-color":"","overlay-opacity":"","overlay-gradient":""},"tablet":{"background-color":"var(--ast-global-color-5)","background-image":"","background-repeat":"repeat","background-position":"center center","background-size":"auto","background-attachment":"scroll","background-type":"","background-media":"","overlay-type":"","overlay-color":"","overlay-opacity":"","overlay-gradient":""},"mobile":{"background-color":"var(--ast-global-color-5)","background-image":"","background-repeat":"repeat","background-position":"center center","background-size":"auto","background-attachment":"scroll","background-type":"","background-media":"","overlay-type":"","overlay-color":"","overlay-opacity":"","overlay-gradient":""}},"pgc_sgb_lightbox_settings":"","footnotes":""},"class_list":["post-243","page","type-page","status-publish","hentry"],"aioseo_notices":[],"_links":{"self":[{"href":"https:\/\/tfk-berlin.de\/index.php?rest_route=\/wp\/v2\/pages\/243","targetHints":{"allow":["GET"]}}],"collection":[{"href":"https:\/\/tfk-berlin.de\/index.php?rest_route=\/wp\/v2\/pages"}],"about":[{"href":"https:\/\/tfk-berlin.de\/index.php?rest_route=\/wp\/v2\/types\/page"}],"author":[{"embeddable":true,"href":"https:\/\/tfk-berlin.de\/index.php?rest_route=\/wp\/v2\/users\/1"}],"replies":[{"embeddable":true,"href":"https:\/\/tfk-berlin.de\/index.php?rest_route=%2Fwp%2Fv2%2Fcomments&post=243"}],"version-history":[{"count":4,"href":"https:\/\/tfk-berlin.de\/index.php?rest_route=\/wp\/v2\/pages\/243\/revisions"}],"predecessor-version":[{"id":5738,"href":"https:\/\/tfk-berlin.de\/index.php?rest_route=\/wp\/v2\/pages\/243\/revisions\/5738"}],"wp:attachment":[{"href":"https:\/\/tfk-berlin.de\/index.php?rest_route=%2Fwp%2Fv2%2Fmedia&parent=243"}],"curies":[{"name":"wp","href":"https:\/\/api.w.org\/{rel}","templated":true}]}}