{"id":6931,"date":"2026-01-22T14:23:47","date_gmt":"2026-01-22T13:23:47","guid":{"rendered":"https:\/\/tfk-berlin.de\/?page_id=6931"},"modified":"2026-03-15T01:17:41","modified_gmt":"2026-03-15T00:17:41","slug":"1h22-vor-dem-ende","status":"publish","type":"page","link":"https:\/\/tfk-berlin.de\/?page_id=6931","title":{"rendered":"1h22 vor dem Ende"},"content":{"rendered":"\n<p>Kom\u00f6die von Matthieu Delaporte<br>Deutsche Fassung Georg Holzer<br>Gastspiel<br>TH.O.M. THEATER OF MOMENTS<\/p>\n\n\n\n<figure class=\"wp-block-image size-full\"><img loading=\"lazy\" decoding=\"async\" width=\"1024\" height=\"1024\" src=\"https:\/\/tfk-berlin.de\/neu\/wp-content\/uploads\/2026\/01\/1h22.jpg\" alt=\"\" class=\"wp-image-6945\" srcset=\"https:\/\/tfk-berlin.de\/neu\/wp-content\/uploads\/2026\/01\/1h22.jpg 1024w, https:\/\/tfk-berlin.de\/neu\/wp-content\/uploads\/2026\/01\/1h22-300x300.jpg 300w, https:\/\/tfk-berlin.de\/neu\/wp-content\/uploads\/2026\/01\/1h22-150x150.jpg 150w, https:\/\/tfk-berlin.de\/neu\/wp-content\/uploads\/2026\/01\/1h22-768x768.jpg 768w\" sizes=\"auto, (max-width: 1024px) 100vw, 1024px\" \/><figcaption class=\"wp-element-caption\"><sup>Copyright: Melanie Mi\u00dfalla<\/sup><\/figcaption><\/figure>\n\n\n\n<p><em>Ein satirisch leichter Mix aus schwarzem Humor und existenziellen Fragen \u2013 ein Pl\u00e4doyer f\u00fcr das Leben.<\/em><\/p>\n\n\n\n<p><strong>Ein fremder Besuch. Eine falsche T\u00fcr. Und pl\u00f6tzlich steht alles auf der Kippe.<\/strong><\/p>\n\n\n\n<p>Bernhard hat sich entschieden: Heute ist der letzte Tag seines Lebens. Doch gerade, als er den finalen Schritt gehen will, klopft es an seiner T\u00fcr \u2013 der Tod steht vor ihm. Allerdings hat sich der Neuling im \u201eGesch\u00e4ft des Sterbens\u201c im Stockwerk vertan.<\/p>\n\n\n\n<p>Zwischen absurder Komik und tiefgr\u00fcndigen Gespr\u00e4chen entwickelt sich eine unerwartete Begegnung, die Bernhard zwingt, sein Leben neu zu \u00fcberdenken. Ironischerweise ist es ausgerechnet der Tod, der ihn wieder auf Kurs bringt: Er sorgt daf\u00fcr, dass Bernhard ein Stockwerk h\u00f6her der Frau begegnet, die er bislang nur aus der Ferne anhimmelte \u2013 und so erlebt er kurz vor dem vermeintlichen Ende pl\u00f6tzlich Leichtigkeit und Optimismus.<\/p>\n\n\n\n<p><em><strong>Hinweis zum Inhalt<\/strong><br>In dem St\u00fcck werden Depressionen und Suizidgedanken thematisiert.<\/em><\/p>\n\n\n\n<p><em><strong>Unterst\u00fctzungsangebote<\/strong><br>Bei belastenden Gedanken oder dem Wunsch nach Unterst\u00fctzung stehen u. a. die <strong>TelefonSeelsorge<\/strong> (0800 111 0 111, 24 Std.) sowie das <strong>Info-Telefon Depression<\/strong> (0800 334 4533) zur Verf\u00fcgung.<\/em><\/p>\n\n\n\n<p><strong>Zum Autor<\/strong><br>Matthieu Delaporte ist ein gefeierter franz\u00f6sischer Dramatiker, Drehbuchautor und Filmregisseur, bekannt f\u00fcr seine pr\u00e4gnanten, emotionalen und oft humorvollen Werke. Zu seinen bekanntesten Theaterst\u00fccken z\u00e4hlt Der Vorname (Le Pr\u00e9nom), das weltweit gro\u00dfe Erfolge feierte.<br>Die deutsche Erstauff\u00fchrung von 1h22 vor dem Ende fand am 4. Juni 2023 im Renaissance-Theater Berlin statt.<\/p>\n\n\n\n<p><strong>Mitwirkende<\/strong><br>Es spielen: Tom Baldauf, Michael Fersch, Jana Lesley K\u00fchne<br>Regie: Marco Thom<br>Regieassistenz: Verena Concha Vega<\/p>\n\n\n\n<p>Auff\u00fchrungsrechte: Theaterverlag Desch, Berlin<\/p>\n\n\n\n<p>Homepage: <a href=\"https:\/\/www.theaterofmoments.de\/\" target=\"_blank\" rel=\"noopener\" title=\"\">theaterofmoments.de<\/a><\/p>\n\n\n\n<p>SO &#8211; 15.03.2026 &#8211; 18.00 Uhr<\/p>\n\n\n\n<p>Eintritt: 24 \u20ac, erm\u00e4\u00dfigt 14 \u20ac<br>Gruppenerm\u00e4\u00dfigung ab 10 Personen auf Anfrage 20 \u20ac<\/p>\n\n\n\n<p><a href=\"https:\/\/tfk-berlin.de\/?page_id=43\" title=\"Karten reservieren\">Karten reservieren<\/a><br><a href=\"https:\/\/tfk-berlin.de\/?page_id=10\" title=\"Spielplan\">Zum Spielplan<\/a><\/p>\n\n\n\n<p><\/p>\n","protected":false},"excerpt":{"rendered":"<p>Kom\u00f6die von Matthieu DelaporteDeutsche Fassung Georg HolzerGastspielTH.O.M. THEATER OF MOMENTS Ein satirisch leichter Mix aus schwarzem Humor und existenziellen Fragen \u2013 ein Pl\u00e4doyer f\u00fcr das Leben. Ein fremder Besuch. Eine falsche T\u00fcr. Und pl\u00f6tzlich steht alles auf der Kippe. Bernhard hat sich entschieden: Heute ist der letzte Tag seines Lebens. Doch gerade, als er den [&hellip;]<\/p>\n","protected":false},"author":1,"featured_media":0,"parent":0,"menu_order":0,"comment_status":"closed","ping_status":"closed","template":"","meta":{"site-sidebar-layout":"default","site-content-layout":"","ast-site-content-layout":"default","site-content-style":"default","site-sidebar-style":"default","ast-global-header-display":"","ast-banner-title-visibility":"","ast-main-header-display":"","ast-hfb-above-header-display":"","ast-hfb-below-header-display":"","ast-hfb-mobile-header-display":"","site-post-title":"","ast-breadcrumbs-content":"","ast-featured-img":"","footer-sml-layout":"","ast-disable-related-posts":"","theme-transparent-header-meta":"","adv-header-id-meta":"","stick-header-meta":"","header-above-stick-meta":"","header-main-stick-meta":"","header-below-stick-meta":"","astra-migrate-meta-layouts":"set","ast-page-background-enabled":"default","ast-page-background-meta":{"desktop":{"background-color":"","background-image":"","background-repeat":"repeat","background-position":"center center","background-size":"auto","background-attachment":"scroll","background-type":"","background-media":"","overlay-type":"","overlay-color":"","overlay-opacity":"","overlay-gradient":""},"tablet":{"background-color":"","background-image":"","background-repeat":"repeat","background-position":"center center","background-size":"auto","background-attachment":"scroll","background-type":"","background-media":"","overlay-type":"","overlay-color":"","overlay-opacity":"","overlay-gradient":""},"mobile":{"background-color":"","background-image":"","background-repeat":"repeat","background-position":"center center","background-size":"auto","background-attachment":"scroll","background-type":"","background-media":"","overlay-type":"","overlay-color":"","overlay-opacity":"","overlay-gradient":""}},"ast-content-background-meta":{"desktop":{"background-color":"var(--ast-global-color-5)","background-image":"","background-repeat":"repeat","background-position":"center center","background-size":"auto","background-attachment":"scroll","background-type":"","background-media":"","overlay-type":"","overlay-color":"","overlay-opacity":"","overlay-gradient":""},"tablet":{"background-color":"var(--ast-global-color-5)","background-image":"","background-repeat":"repeat","background-position":"center center","background-size":"auto","background-attachment":"scroll","background-type":"","background-media":"","overlay-type":"","overlay-color":"","overlay-opacity":"","overlay-gradient":""},"mobile":{"background-color":"var(--ast-global-color-5)","background-image":"","background-repeat":"repeat","background-position":"center center","background-size":"auto","background-attachment":"scroll","background-type":"","background-media":"","overlay-type":"","overlay-color":"","overlay-opacity":"","overlay-gradient":""}},"pgc_sgb_lightbox_settings":"","footnotes":""},"class_list":["post-6931","page","type-page","status-publish","hentry"],"aioseo_notices":[],"_links":{"self":[{"href":"https:\/\/tfk-berlin.de\/index.php?rest_route=\/wp\/v2\/pages\/6931","targetHints":{"allow":["GET"]}}],"collection":[{"href":"https:\/\/tfk-berlin.de\/index.php?rest_route=\/wp\/v2\/pages"}],"about":[{"href":"https:\/\/tfk-berlin.de\/index.php?rest_route=\/wp\/v2\/types\/page"}],"author":[{"embeddable":true,"href":"https:\/\/tfk-berlin.de\/index.php?rest_route=\/wp\/v2\/users\/1"}],"replies":[{"embeddable":true,"href":"https:\/\/tfk-berlin.de\/index.php?rest_route=%2Fwp%2Fv2%2Fcomments&post=6931"}],"version-history":[{"count":15,"href":"https:\/\/tfk-berlin.de\/index.php?rest_route=\/wp\/v2\/pages\/6931\/revisions"}],"predecessor-version":[{"id":7128,"href":"https:\/\/tfk-berlin.de\/index.php?rest_route=\/wp\/v2\/pages\/6931\/revisions\/7128"}],"wp:attachment":[{"href":"https:\/\/tfk-berlin.de\/index.php?rest_route=%2Fwp%2Fv2%2Fmedia&parent=6931"}],"curies":[{"name":"wp","href":"https:\/\/api.w.org\/{rel}","templated":true}]}}