{"id":7030,"date":"2026-02-20T17:49:56","date_gmt":"2026-02-20T16:49:56","guid":{"rendered":"https:\/\/tfk-berlin.de\/?page_id=7030"},"modified":"2026-03-27T20:41:42","modified_gmt":"2026-03-27T19:41:42","slug":"bauchtaenzerin","status":"publish","type":"page","link":"https:\/\/tfk-berlin.de\/?page_id=7030","title":{"rendered":"Baucht\u00e4nzerin"},"content":{"rendered":"\n<p>Ein Gest\u00e4ndnis. Ein \u00dcberlebensritual.<br>Performance mit Taies Farzan<\/p>\n\n\n\n<figure class=\"wp-block-image size-large\"><img loading=\"lazy\" decoding=\"async\" width=\"1024\" height=\"768\" src=\"https:\/\/tfk-berlin.de\/neu\/wp-content\/uploads\/2026\/02\/Taies-Farzan-1-1024x768.jpg\" alt=\"\" class=\"wp-image-7031\" srcset=\"https:\/\/tfk-berlin.de\/neu\/wp-content\/uploads\/2026\/02\/Taies-Farzan-1-1024x768.jpg 1024w, https:\/\/tfk-berlin.de\/neu\/wp-content\/uploads\/2026\/02\/Taies-Farzan-1-300x225.jpg 300w, https:\/\/tfk-berlin.de\/neu\/wp-content\/uploads\/2026\/02\/Taies-Farzan-1-768x576.jpg 768w, https:\/\/tfk-berlin.de\/neu\/wp-content\/uploads\/2026\/02\/Taies-Farzan-1-1536x1152.jpg 1536w, https:\/\/tfk-berlin.de\/neu\/wp-content\/uploads\/2026\/02\/Taies-Farzan-1.jpg 2000w\" sizes=\"auto, (max-width: 1024px) 100vw, 1024px\" \/><figcaption class=\"wp-element-caption\"><sup>Foto: Eren Tekg\u00fcl<\/sup><\/figcaption><\/figure>\n\n\n\n<p>Eine Frau tanzt inmitten der Blicke, die sie verschlingen. In einer Welt aus Geld und m\u00e4nnlicher Macht wird Sichtbarkeit zur W\u00e4hrung und der K\u00f6rper zur Ware. Weiblichkeit wird hier konstruiert, korrigiert und vermarktet. Ein L\u00e4cheln ist Pflicht, ein Blick ist Zwang. Applaus klingt wie ein Echo von Gewalt.<br>Diese Solo-Performance verbindet Theater und Ritual mit roher psychologischer Intensit\u00e4t. Sie demontiert den Mythos der \u201eBaucht\u00e4nzerin\u201c und entlarvt die Maschinerie dahinter: das patriarchale System, das erotisiert, konsumiert und verwirft.<\/p>\n\n\n\n<p>Was bleibt vom innersten Selbst \u00fcbrig, wenn das \u00dcberleben erfordert, die Sprache der Macht zu sprechen \u2013 und wenn der fremde Blick niemals weicht?<\/p>\n\n\n\n<p>Baucht\u00e4nzerin ist eine Einladung, dem zu lauschen, woran der K\u00f6rper sich<br>erinnert, und zu hinterfragen, was es bedeutet, hinzusehen.<\/p>\n\n\n\n<figure class=\"wp-block-image size-large\"><img loading=\"lazy\" decoding=\"async\" width=\"1024\" height=\"768\" src=\"https:\/\/tfk-berlin.de\/neu\/wp-content\/uploads\/2026\/02\/Taies-Farzan-2-1024x768.jpg\" alt=\"\" class=\"wp-image-7032\" srcset=\"https:\/\/tfk-berlin.de\/neu\/wp-content\/uploads\/2026\/02\/Taies-Farzan-2-1024x768.jpg 1024w, https:\/\/tfk-berlin.de\/neu\/wp-content\/uploads\/2026\/02\/Taies-Farzan-2-300x225.jpg 300w, https:\/\/tfk-berlin.de\/neu\/wp-content\/uploads\/2026\/02\/Taies-Farzan-2-768x576.jpg 768w, https:\/\/tfk-berlin.de\/neu\/wp-content\/uploads\/2026\/02\/Taies-Farzan-2-1536x1152.jpg 1536w, https:\/\/tfk-berlin.de\/neu\/wp-content\/uploads\/2026\/02\/Taies-Farzan-2-2048x1536.jpg 2048w\" sizes=\"auto, (max-width: 1024px) 100vw, 1024px\" \/><figcaption class=\"wp-element-caption\"><sup>Foto: Eren Tekg\u00fcl<\/sup><\/figcaption><\/figure>\n\n\n\n<p>Belly Dancer<br>A confession. A ritual of survival.<br>A woman dances inside the gaze that consumes her.<br>In a world ruled by money, power, and male desire, she learns that visibility is currency and the body is merchandise. Femininity can be shaped, corrected, packaged, and sold. A smile can be imposed. A look can be forced. Applause can feel like violence.<br>Blending theatre, ritual, and raw psychological intensity, this solo performance dismantles the fantasy of the \u201cbelly dancer\u201d and exposes the machinery beneath it: the patriarchal and capitalist systems that eroticise, consume, and discard.<br>What happens when survival requires speaking the language of power?<br>What remains of oneself when the gaze never disappears?<br>Belly dancer is an invitation to listen to what the body remembers, and to question what it means to look.<\/p>\n\n\n\n<hr class=\"wp-block-separator has-text-color has-alpha-channel-opacity has-background is-style-dots\" style=\"background-color:#880000;color:#880000\"\/>\n\n\n\n<p><em>\u06cc\u06a9 \u0627\u0639\u062a\u0631\u0627\u0641<\/em><em>. <\/em><em>\u06cc\u06a9 \u0622\u06cc\u06cc\u0646\u0650 \u0628\u0642\u0627<\/em><\/p>\n\n\n\n<p>\u0632\u0646\u06cc \u062f\u0631 \u0645\u06cc\u0627\u0646 \u0646\u06af\u0627\u0647\u06cc \u06a9\u0647 \u0627\u0648 \u0631\u0627 \u0645\u06cc\u200c\u0628\u0644\u0639\u062f\u060c \u0645\u06cc\u200c\u0631\u0642\u0635\u062f. \u062f\u0631 \u0642\u0644\u0645\u0631\u0648 \u067e\u0648\u0644 \u0648 \u0645\u06cc\u0644 \u0645\u0631\u062f\u0627\u0646\u0647\u060c \u0627\u0648 \u0645\u06cc\u200c\u0622\u0645\u0648\u0632\u062f \u06a9\u0647 \u00ab\u062f\u06cc\u062f\u0647 \u0634\u062f\u0646\u00bb \u0628\u0647\u0627\u0633\u062a \u0648 \u00ab\u062a\u0646\u00bb \u06a9\u0627\u0644\u0627. \u062f\u0631 \u0627\u06cc\u0646\u062c\u0627 \u0632\u0646\u0627\u0646\u06af\u06cc \u0631\u0627 \u0645\u06cc\u200c\u062a\u0631\u0627\u0634\u0646\u062f\u060c \u0628\u0633\u062a\u0647\u200c\u0628\u0646\u062f\u06cc \u0645\u06cc\u200c\u06a9\u0646\u0646\u062f \u0648 \u0645\u06cc\u200c\u0641\u0631\u0648\u0634\u0646\u062f. \u0644\u0628\u062e\u0646\u062f\u060c \u062f\u0633\u062a\u0648\u0631\u06cc \u0627\u0633\u062a \u0648 \u0646\u06af\u0627\u0647\u060c \u0627\u062c\u0628\u0627\u0631\u06cc\u061b \u062c\u0627\u06cc\u06cc \u06a9\u0647 \u0635\u062f\u0627\u06cc \u062a\u0634\u0648\u06cc\u0642\u060c \u0637\u0646\u06cc\u0646\u0650 \u062e\u0634\u0648\u0646\u062a \u062f\u0627\u0631\u062f.<\/p>\n\n\n\n<p>\u0627\u06cc\u0646 \u0627\u062c\u0631\u0627\u06cc \u0627\u0646\u0641\u0631\u0627\u062f\u06cc \u0628\u0627 \u067e\u06cc\u0648\u0646\u062f \u062a\u0626\u0627\u062a\u0631\u060c \u0622\u06cc\u06cc\u0646 \u0648 \u0631\u0648\u0627\u0646\u200c\u0634\u0646\u0627\u062e\u062a\u06cc \u0639\u0631\u06cc\u0627\u0646\u060c \u0627\u0641\u0633\u0627\u0646\u0647\u200c\u06cc \u00ab\u0631\u0642\u0627\u0635\u0647\u00bb \u0631\u0627 \u0645\u062a\u0644\u0627\u0634\u06cc \u0645\u06cc\u200c\u06a9\u0646\u062f \u062a\u0627 \u0645\u0627\u0634\u06cc\u0646\u200c\u0622\u0644\u0627\u062a\u0650 \u067e\u0646\u0647\u0627\u0646 \u067e\u0634\u062a \u0622\u0646 \u0631\u0627 \u0628\u0631\u0645\u0644\u0627 \u0633\u0627\u0632\u062f: \u0633\u06cc\u0633\u062a\u0645\u200c\u0647\u0627\u06cc \u0645\u0631\u062f\u0633\u0627\u0644\u0627\u0631 \u0648 \u0633\u0631\u0645\u0627\u06cc\u0647\u200c\u062f\u0627\u0631\u06cc \u06a9\u0647 \u0628\u062f\u0646 \u0631\u0627 \u0628\u0647 \u06a9\u0627\u0644\u0627 \u0628\u062f\u0644 \u06a9\u0631\u062f\u0647\u060c \u0645\u0635\u0631\u0641 \u0645\u06cc\u200c\u06a9\u0646\u0646\u062f \u0648 \u062f\u0648\u0631 \u0645\u06cc\u200c\u0627\u0646\u062f\u0627\u0632\u0646\u062f.<\/p>\n\n\n\n<p>\u0648\u0642\u062a\u06cc \u0628\u0642\u0627 \u0645\u0633\u062a\u0644\u0632\u0645\u0650 \u0633\u062e\u0646 \u06af\u0641\u062a\u0646 \u0628\u0647 \u0632\u0628\u0627\u0646\u0650 \u0642\u062f\u0631\u062a \u0627\u0633\u062a \u0648 \u0622\u0646 \u0646\u06af\u0627\u0647\u0650 \u062e\u06cc\u0631\u0647 \u0647\u0631\u06af\u0632 \u0645\u062d\u0648 \u0646\u0645\u06cc\u200c\u0634\u0648\u062f\u060c \u0686\u0647 \u0627\u0632 \u00ab\u062e\u0648\u06cc\u0634\u062a\u0646\u00bb \u0628\u0627\u0642\u06cc \u0645\u06cc\u200c\u0645\u0627\u0646\u062f\u061f<\/p>\n\n\n\n<p><strong>\u0631\u0642\u0627\u0635\u0647<\/strong> \u062f\u0639\u0648\u062a\u06cc \u0627\u0633\u062a \u0628\u0631\u0627\u06cc \u06af\u0648\u0634 \u0633\u067e\u0631\u062f\u0646 \u0628\u0647 \u0622\u0646\u0686\u0647 \u0628\u062f\u0646 \u0628\u0647 \u06cc\u0627\u062f \u0645\u06cc\u200c\u0622\u0648\u0631\u062f \u0648 \u0632\u06cc\u0631 \u0633\u0648\u0627\u0644 \u0628\u0631\u062f\u0646\u0650 \u0627\u06cc\u0646 \u0645\u0641\u0647\u0648\u0645 \u06a9\u0647 \u00ab\u0646\u06af\u0627\u0647 \u06a9\u0631\u062f\u0646\u00bb \u0648\u0627\u0642\u0639\u0627\u064b \u0628\u0647 \u0686\u0647 \u0645\u0639\u0646\u0627\u0633\u062a<\/p>\n\n\n\n<hr class=\"wp-block-separator has-text-color has-alpha-channel-opacity has-background is-style-dots\" style=\"background-color:#880000;color:#880000\"\/>\n\n\n\n<p><br><strong>Dans\u00f6z<\/strong><br><em>Bir \u0130tiraf. Bir Hayatta Kalma Rit\u00fceli.<\/em><\/p>\n\n\n\n<p>Kendisini t\u00fcketen bir bak\u0131\u015f\u0131n hapsinde dans eden bir kad\u0131n&#8230;<\/p>\n\n\n\n<p>Paran\u0131n, g\u00fcc\u00fcn ve eril arzunun h\u00fck\u00fcm s\u00fcrd\u00fc\u011f\u00fc bir d\u00fcnyada beden bir meta, g\u00f6r\u00fcn\u00fcrl\u00fck bir para birimidir art\u0131k. Di\u015filikse; \u015fekillendirilip paketlenen ve sat\u0131lan bir \u00fcr\u00fcn. Her g\u00fcl\u00fcmseyi\u015f bir emir, her bak\u0131\u015f hayatta kalabilmek i\u00e7in bir zorunluluktur alk\u0131\u015f\u0131n \u015fiddete d\u00f6n\u00fc\u015ft\u00fc\u011f\u00fc o ince \u00e7izgide&#8230;<\/p>\n\n\n\n<p>Es spielt: Taies Farzan<br>Text: Samil Yilmaz<br>Regie &amp; Choreografie: Candas Bas<br>Musik: Hakan Sezgin<br>Regieassistent: Renee Stulz<br>Lichtdesign: Moritz Meyer<br>Kost\u00fcm: Rabia Ozcan<br>Darbuka solo: Arda Aygun<\/p>\n\n\n\n<p>Eintritt: 20 \u20ac, 15 \u20ac erm\u00e4\u00dfigt, 22 \u20ac Support-Ticket<\/p>\n\n\n\n<p>SA &#8211; 28.03.2026 &#8211; 20.00 Uhr<br><em>in t\u00fcrkischer Sprache<\/em><br><em>mit deutschen \u00dcbertiteln<\/em><\/p>\n\n\n\n<p><a href=\"https:\/\/tfk-berlin.de\/?page_id=43\" title=\"Karten reservieren\">Karten reservieren<\/a><br><a href=\"https:\/\/tfk-berlin.de\/?page_id=10\" title=\"Spielplan\">Zum Spielplan<\/a><\/p>\n","protected":false},"excerpt":{"rendered":"<p>Ein Gest\u00e4ndnis. Ein \u00dcberlebensritual.Performance mit Taies Farzan Eine Frau tanzt inmitten der Blicke, die sie verschlingen. In einer Welt aus Geld und m\u00e4nnlicher Macht wird Sichtbarkeit zur W\u00e4hrung und der K\u00f6rper zur Ware. Weiblichkeit wird hier konstruiert, korrigiert und vermarktet. Ein L\u00e4cheln ist Pflicht, ein Blick ist Zwang. Applaus klingt wie ein Echo von Gewalt.Diese [&hellip;]<\/p>\n","protected":false},"author":1,"featured_media":0,"parent":0,"menu_order":0,"comment_status":"closed","ping_status":"closed","template":"","meta":{"site-sidebar-layout":"default","site-content-layout":"","ast-site-content-layout":"default","site-content-style":"default","site-sidebar-style":"default","ast-global-header-display":"","ast-banner-title-visibility":"","ast-main-header-display":"","ast-hfb-above-header-display":"","ast-hfb-below-header-display":"","ast-hfb-mobile-header-display":"","site-post-title":"","ast-breadcrumbs-content":"","ast-featured-img":"","footer-sml-layout":"","ast-disable-related-posts":"","theme-transparent-header-meta":"","adv-header-id-meta":"","stick-header-meta":"","header-above-stick-meta":"","header-main-stick-meta":"","header-below-stick-meta":"","astra-migrate-meta-layouts":"set","ast-page-background-enabled":"default","ast-page-background-meta":{"desktop":{"background-color":"","background-image":"","background-repeat":"repeat","background-position":"center center","background-size":"auto","background-attachment":"scroll","background-type":"","background-media":"","overlay-type":"","overlay-color":"","overlay-opacity":"","overlay-gradient":""},"tablet":{"background-color":"","background-image":"","background-repeat":"repeat","background-position":"center center","background-size":"auto","background-attachment":"scroll","background-type":"","background-media":"","overlay-type":"","overlay-color":"","overlay-opacity":"","overlay-gradient":""},"mobile":{"background-color":"","background-image":"","background-repeat":"repeat","background-position":"center center","background-size":"auto","background-attachment":"scroll","background-type":"","background-media":"","overlay-type":"","overlay-color":"","overlay-opacity":"","overlay-gradient":""}},"ast-content-background-meta":{"desktop":{"background-color":"var(--ast-global-color-5)","background-image":"","background-repeat":"repeat","background-position":"center center","background-size":"auto","background-attachment":"scroll","background-type":"","background-media":"","overlay-type":"","overlay-color":"","overlay-opacity":"","overlay-gradient":""},"tablet":{"background-color":"var(--ast-global-color-5)","background-image":"","background-repeat":"repeat","background-position":"center center","background-size":"auto","background-attachment":"scroll","background-type":"","background-media":"","overlay-type":"","overlay-color":"","overlay-opacity":"","overlay-gradient":""},"mobile":{"background-color":"var(--ast-global-color-5)","background-image":"","background-repeat":"repeat","background-position":"center center","background-size":"auto","background-attachment":"scroll","background-type":"","background-media":"","overlay-type":"","overlay-color":"","overlay-opacity":"","overlay-gradient":""}},"pgc_sgb_lightbox_settings":"","footnotes":""},"class_list":["post-7030","page","type-page","status-publish","hentry"],"aioseo_notices":[],"_links":{"self":[{"href":"https:\/\/tfk-berlin.de\/index.php?rest_route=\/wp\/v2\/pages\/7030","targetHints":{"allow":["GET"]}}],"collection":[{"href":"https:\/\/tfk-berlin.de\/index.php?rest_route=\/wp\/v2\/pages"}],"about":[{"href":"https:\/\/tfk-berlin.de\/index.php?rest_route=\/wp\/v2\/types\/page"}],"author":[{"embeddable":true,"href":"https:\/\/tfk-berlin.de\/index.php?rest_route=\/wp\/v2\/users\/1"}],"replies":[{"embeddable":true,"href":"https:\/\/tfk-berlin.de\/index.php?rest_route=%2Fwp%2Fv2%2Fcomments&post=7030"}],"version-history":[{"count":7,"href":"https:\/\/tfk-berlin.de\/index.php?rest_route=\/wp\/v2\/pages\/7030\/revisions"}],"predecessor-version":[{"id":7180,"href":"https:\/\/tfk-berlin.de\/index.php?rest_route=\/wp\/v2\/pages\/7030\/revisions\/7180"}],"wp:attachment":[{"href":"https:\/\/tfk-berlin.de\/index.php?rest_route=%2Fwp%2Fv2%2Fmedia&parent=7030"}],"curies":[{"name":"wp","href":"https:\/\/api.w.org\/{rel}","templated":true}]}}