{"id":7213,"date":"2026-04-17T07:57:11","date_gmt":"2026-04-17T05:57:11","guid":{"rendered":"https:\/\/tfk-berlin.de\/?page_id=7213"},"modified":"2026-04-17T07:57:59","modified_gmt":"2026-04-17T05:57:59","slug":"the-acting-muscle","status":"publish","type":"page","link":"https:\/\/tfk-berlin.de\/?page_id=7213","title":{"rendered":"The Acting Muscle"},"content":{"rendered":"\n<p>An Evening of Scenes and Monologues<br><em>in englischer Sprache<\/em><\/p>\n\n\n\n<figure class=\"wp-block-image size-large\"><img loading=\"lazy\" decoding=\"async\" width=\"1024\" height=\"683\" src=\"https:\/\/tfk-berlin.de\/neu\/wp-content\/uploads\/2026\/04\/The-Acting-Muscle-SFB-5-1024x683.jpg\" alt=\"\" class=\"wp-image-7214\" srcset=\"https:\/\/tfk-berlin.de\/neu\/wp-content\/uploads\/2026\/04\/The-Acting-Muscle-SFB-5-1024x683.jpg 1024w, https:\/\/tfk-berlin.de\/neu\/wp-content\/uploads\/2026\/04\/The-Acting-Muscle-SFB-5-300x200.jpg 300w, https:\/\/tfk-berlin.de\/neu\/wp-content\/uploads\/2026\/04\/The-Acting-Muscle-SFB-5-768x512.jpg 768w, https:\/\/tfk-berlin.de\/neu\/wp-content\/uploads\/2026\/04\/The-Acting-Muscle-SFB-5.jpg 1200w\" sizes=\"auto, (max-width: 1024px) 100vw, 1024px\" \/><\/figure>\n\n\n\n<p><\/p>\n\n\n\n<p>The students of the Actor\u2019s Gym have spent the past three months developing a repertoire of scenes and monologues, alongside poems and original, self-devised work. The program is designed to help them cultivate their own theatrical sensibility\u2014discovering material that resonates both personally and creatively\u2014and to develop it independently as well as in collaboration with their peers.<\/p>\n\n\n\n<p>Throughout this process, they have explored new techniques and approaches under the guidance of Acting Muscle teachers Adam Ludwig and Stephanie LeBolt. They have also engaged deeply with the collaborative spirit that lies at the heart of ensemble work. For some, this performance marks their first appearance on a Berlin stage, making it an especially meaningful occasion.<\/p>\n\n\n\n<p>These actors come from all over the world, bringing with them a rich diversity of experience and perspective. Performed in English, they are delighted to share the results of their work with you.<\/p>\n\n\n\n<p><strong>The Ensemble:<\/strong><br><strong>May 12<\/strong><br>Emiliano Bonetta, Sofia Carli, Connor Driscoll, Emma Ferronato, Vladimir Gorovoy, Elise Harper, Artem Krasnobaev, Solene Moutier<br>Katalina Otter<\/p>\n\n\n\n<p><strong>May 13<\/strong><br>AC Coppens, Gerardo Di Sapio, Liav Gabay, Anna Piazza, Ga\u00eblle Ptak, Oliver Sachgau, Martin Siemiatkowski, Matteo Vercelli<\/p>\n\n\n\n<p>Produced by The Acting Muscle<br>Directed by Adam Ludwig and Stephanie LeBolt<\/p>\n\n\n\n<p>tickets: 10 \u20ac<\/p>\n\n\n\n<p>Die Sch\u00fcler des \u201eActor\u2019s Gym\u201c haben in den vergangenen drei Monaten ein Repertoire aus Szenen und Monologen sowie Gedichten und selbst entwickelten Originalst\u00fccken erarbeitet. Das Programm soll ihnen dabei helfen, ihre eigene theatralische Sensibilit\u00e4t zu schulen \u2013 indem sie Material entdecken, das sie sowohl pers\u00f6nlich als auch kreativ anspricht \u2013 und diese sowohl eigenst\u00e4ndig als auch in Zusammenarbeit mit ihren Mitsch\u00fclern weiterzuentwickeln.<br>W\u00e4hrend dieses Prozesses haben sie unter der Anleitung der Acting-Muscle-Lehrer Adam Ludwig und Stephanie LeBolt neue Techniken und Ans\u00e4tze erprobt. Au\u00dferdem haben sie sich intensiv mit dem Geist der Zusammenarbeit auseinandergesetzt, der das Herzst\u00fcck der Ensemblearbeit bildet. F\u00fcr einige ist diese Auff\u00fchrung ihr erster Auftritt auf einer Berliner B\u00fchne, was sie zu einem besonders bedeutsamen Ereignis macht.<br>Diese Schauspieler kommen aus aller Welt und bringen eine gro\u00dfe Vielfalt an Erfahrungen und Perspektiven mit. Sie freuen sich, die Ergebnisse ihrer Arbeit, die auf Englisch aufgef\u00fchrt wird, mit einem Publikum zu teilen.<\/p>\n\n\n\n<p>Eintritt: 10 \u20ac<\/p>\n\n\n\n<p>DI &#8211; 12.05.2026 &#8211; 20.00 Uhr<br>MI &#8211; 13.05.2026 &#8211; 20.00 Uhr<\/p>\n\n\n\n<p><a href=\"https:\/\/tfk-berlin.de\/?page_id=43\" title=\"Karten reservieren\">Karten reservieren<\/a><br><a href=\"https:\/\/tfk-berlin.de\/?page_id=10\" title=\"Spielplan\">Zum Spielplan<\/a><\/p>\n","protected":false},"excerpt":{"rendered":"<p>An Evening of Scenes and Monologuesin englischer Sprache The students of the Actor\u2019s Gym have spent the past three months developing a repertoire of scenes and monologues, alongside poems and original, self-devised work. The program is designed to help them cultivate their own theatrical sensibility\u2014discovering material that resonates both personally and creatively\u2014and to develop it [&hellip;]<\/p>\n","protected":false},"author":1,"featured_media":0,"parent":0,"menu_order":0,"comment_status":"closed","ping_status":"closed","template":"","meta":{"site-sidebar-layout":"default","site-content-layout":"","ast-site-content-layout":"default","site-content-style":"default","site-sidebar-style":"default","ast-global-header-display":"","ast-banner-title-visibility":"","ast-main-header-display":"","ast-hfb-above-header-display":"","ast-hfb-below-header-display":"","ast-hfb-mobile-header-display":"","site-post-title":"","ast-breadcrumbs-content":"","ast-featured-img":"","footer-sml-layout":"","ast-disable-related-posts":"","theme-transparent-header-meta":"","adv-header-id-meta":"","stick-header-meta":"","header-above-stick-meta":"","header-main-stick-meta":"","header-below-stick-meta":"","astra-migrate-meta-layouts":"set","ast-page-background-enabled":"default","ast-page-background-meta":{"desktop":{"background-color":"","background-image":"","background-repeat":"repeat","background-position":"center center","background-size":"auto","background-attachment":"scroll","background-type":"","background-media":"","overlay-type":"","overlay-color":"","overlay-opacity":"","overlay-gradient":""},"tablet":{"background-color":"","background-image":"","background-repeat":"repeat","background-position":"center center","background-size":"auto","background-attachment":"scroll","background-type":"","background-media":"","overlay-type":"","overlay-color":"","overlay-opacity":"","overlay-gradient":""},"mobile":{"background-color":"","background-image":"","background-repeat":"repeat","background-position":"center center","background-size":"auto","background-attachment":"scroll","background-type":"","background-media":"","overlay-type":"","overlay-color":"","overlay-opacity":"","overlay-gradient":""}},"ast-content-background-meta":{"desktop":{"background-color":"var(--ast-global-color-5)","background-image":"","background-repeat":"repeat","background-position":"center center","background-size":"auto","background-attachment":"scroll","background-type":"","background-media":"","overlay-type":"","overlay-color":"","overlay-opacity":"","overlay-gradient":""},"tablet":{"background-color":"var(--ast-global-color-5)","background-image":"","background-repeat":"repeat","background-position":"center center","background-size":"auto","background-attachment":"scroll","background-type":"","background-media":"","overlay-type":"","overlay-color":"","overlay-opacity":"","overlay-gradient":""},"mobile":{"background-color":"var(--ast-global-color-5)","background-image":"","background-repeat":"repeat","background-position":"center center","background-size":"auto","background-attachment":"scroll","background-type":"","background-media":"","overlay-type":"","overlay-color":"","overlay-opacity":"","overlay-gradient":""}},"pgc_sgb_lightbox_settings":"","footnotes":""},"class_list":["post-7213","page","type-page","status-publish","hentry"],"aioseo_notices":[],"_links":{"self":[{"href":"https:\/\/tfk-berlin.de\/index.php?rest_route=\/wp\/v2\/pages\/7213","targetHints":{"allow":["GET"]}}],"collection":[{"href":"https:\/\/tfk-berlin.de\/index.php?rest_route=\/wp\/v2\/pages"}],"about":[{"href":"https:\/\/tfk-berlin.de\/index.php?rest_route=\/wp\/v2\/types\/page"}],"author":[{"embeddable":true,"href":"https:\/\/tfk-berlin.de\/index.php?rest_route=\/wp\/v2\/users\/1"}],"replies":[{"embeddable":true,"href":"https:\/\/tfk-berlin.de\/index.php?rest_route=%2Fwp%2Fv2%2Fcomments&post=7213"}],"version-history":[{"count":2,"href":"https:\/\/tfk-berlin.de\/index.php?rest_route=\/wp\/v2\/pages\/7213\/revisions"}],"predecessor-version":[{"id":7217,"href":"https:\/\/tfk-berlin.de\/index.php?rest_route=\/wp\/v2\/pages\/7213\/revisions\/7217"}],"wp:attachment":[{"href":"https:\/\/tfk-berlin.de\/index.php?rest_route=%2Fwp%2Fv2%2Fmedia&parent=7213"}],"curies":[{"name":"wp","href":"https:\/\/api.w.org\/{rel}","templated":true}]}}