{"id":7250,"date":"2026-05-02T18:39:55","date_gmt":"2026-05-02T16:39:55","guid":{"rendered":"https:\/\/tfk-berlin.de\/?page_id=7250"},"modified":"2026-05-02T18:40:42","modified_gmt":"2026-05-02T16:40:42","slug":"weglaufen-werde-ich-nie","status":"publish","type":"page","link":"https:\/\/tfk-berlin.de\/?page_id=7250","title":{"rendered":"Weglaufen werde ich nie."},"content":{"rendered":"\n<p><strong>Der Kampf des Felix Fechenbach<\/strong><br>Ein Theaterst\u00fcck von und mit<br>Annika Schaper, Konrad Schreier und Jan Uplegger<\/p>\n\n\n\n<figure class=\"wp-block-image size-large\"><img loading=\"lazy\" decoding=\"async\" width=\"1024\" height=\"683\" src=\"https:\/\/tfk-berlin.de\/neu\/wp-content\/uploads\/2026\/05\/Toller-und-die-Spitzel-1024x683.jpeg\" alt=\"\" class=\"wp-image-7251\" srcset=\"https:\/\/tfk-berlin.de\/neu\/wp-content\/uploads\/2026\/05\/Toller-und-die-Spitzel-1024x683.jpeg 1024w, https:\/\/tfk-berlin.de\/neu\/wp-content\/uploads\/2026\/05\/Toller-und-die-Spitzel-300x200.jpeg 300w, https:\/\/tfk-berlin.de\/neu\/wp-content\/uploads\/2026\/05\/Toller-und-die-Spitzel-768x512.jpeg 768w, https:\/\/tfk-berlin.de\/neu\/wp-content\/uploads\/2026\/05\/Toller-und-die-Spitzel.jpeg 1280w\" sizes=\"auto, (max-width: 1024px) 100vw, 1024px\" \/><\/figure>\n\n\n\n<p><\/p>\n\n\n\n<p>Schon mit 17 Jahren beginnt Felix Fechenbach, f\u00fcr soziale Gerechtigkeit zu k\u00e4mpfen. An der Seite von Kurt Eisner l\u00f6st er 1918 in Bayern die Revolution aus. In der Weimarer Republik wird Fechenbach namhafter Journalist,et gleichzeitig aber auch als Puppenspieler und Autor. Durch sein unerschrockenes Auftreten im Wahlkampf gegen Hitler im kleinen L\u00e4ndchen Lippe wird er zu einem Hauptfeind der Nazis.<br>Mit seinem wilden Mix aus Puppen- und Schauspiel wirbelt die Inszenierung durch die wechselvolle Lebensgeschichte von Felix Fechenbach und katapultiert ihn in unsere Gegenwart. Denn braucht es nicht auch heute wieder mutige K\u00e4mpfer f\u00fcr die Demokratie wie ihn?<\/p>\n\n\n\n<p>f\u00fcr Menschen ab 14 Jahren<\/p>\n\n\n\n<p>Puppenbau: Odile Pothier<br>Regie: Kai O. Schubert<\/p>\n\n\n\n<p><em>Die Produktion wurde erm\u00f6glicht durch die Detmolder B\u00fcrgerstiftung, sowie durch die Felix-Fechenbach-Stiftung, den Landesverband Lippe, die\u00a0Stiftung Arbeit und Menschenw\u00fcrde, die Stiftung Standortsicherung, den Kulturfonds LWL, die Meyer-Siekendiek-Stiftung, die Stiftung f\u00fcr Lippe und die Gedenkst\u00e4tte Deutscher Widerstand, Berlin.<\/em><\/p>\n\n\n\n<p><strong>Der Eintritt ist frei, um Spenden wird gebeten.<\/strong><\/p>\n\n\n\n<p>DI &#8211; 16.06.2026 &#8211; 14.00 Uhr<br>MI &#8211; 17.06.2026 &#8211; 14.00 Uhr<\/p>\n\n\n\n<p><a href=\"https:\/\/tfk-berlin.de\/?page_id=43\" title=\"Karten reservieren\">Karten reservieren<\/a><br><a href=\"https:\/\/tfk-berlin.de\/?page_id=10\" title=\"Spielplan\">Zum Spielplan<\/a><\/p>\n","protected":false},"excerpt":{"rendered":"<p>Der Kampf des Felix FechenbachEin Theaterst\u00fcck von und mitAnnika Schaper, Konrad Schreier und Jan Uplegger Schon mit 17 Jahren beginnt Felix Fechenbach, f\u00fcr soziale Gerechtigkeit zu k\u00e4mpfen. An der Seite von Kurt Eisner l\u00f6st er 1918 in Bayern die Revolution aus. In der Weimarer Republik wird Fechenbach namhafter Journalist,et gleichzeitig aber auch als Puppenspieler und [&hellip;]<\/p>\n","protected":false},"author":1,"featured_media":0,"parent":0,"menu_order":0,"comment_status":"closed","ping_status":"closed","template":"","meta":{"site-sidebar-layout":"default","site-content-layout":"","ast-site-content-layout":"default","site-content-style":"default","site-sidebar-style":"default","ast-global-header-display":"","ast-banner-title-visibility":"","ast-main-header-display":"","ast-hfb-above-header-display":"","ast-hfb-below-header-display":"","ast-hfb-mobile-header-display":"","site-post-title":"","ast-breadcrumbs-content":"","ast-featured-img":"","footer-sml-layout":"","ast-disable-related-posts":"","theme-transparent-header-meta":"","adv-header-id-meta":"","stick-header-meta":"","header-above-stick-meta":"","header-main-stick-meta":"","header-below-stick-meta":"","astra-migrate-meta-layouts":"set","ast-page-background-enabled":"default","ast-page-background-meta":{"desktop":{"background-color":"","background-image":"","background-repeat":"repeat","background-position":"center center","background-size":"auto","background-attachment":"scroll","background-type":"","background-media":"","overlay-type":"","overlay-color":"","overlay-opacity":"","overlay-gradient":""},"tablet":{"background-color":"","background-image":"","background-repeat":"repeat","background-position":"center center","background-size":"auto","background-attachment":"scroll","background-type":"","background-media":"","overlay-type":"","overlay-color":"","overlay-opacity":"","overlay-gradient":""},"mobile":{"background-color":"","background-image":"","background-repeat":"repeat","background-position":"center center","background-size":"auto","background-attachment":"scroll","background-type":"","background-media":"","overlay-type":"","overlay-color":"","overlay-opacity":"","overlay-gradient":""}},"ast-content-background-meta":{"desktop":{"background-color":"var(--ast-global-color-5)","background-image":"","background-repeat":"repeat","background-position":"center center","background-size":"auto","background-attachment":"scroll","background-type":"","background-media":"","overlay-type":"","overlay-color":"","overlay-opacity":"","overlay-gradient":""},"tablet":{"background-color":"var(--ast-global-color-5)","background-image":"","background-repeat":"repeat","background-position":"center center","background-size":"auto","background-attachment":"scroll","background-type":"","background-media":"","overlay-type":"","overlay-color":"","overlay-opacity":"","overlay-gradient":""},"mobile":{"background-color":"var(--ast-global-color-5)","background-image":"","background-repeat":"repeat","background-position":"center center","background-size":"auto","background-attachment":"scroll","background-type":"","background-media":"","overlay-type":"","overlay-color":"","overlay-opacity":"","overlay-gradient":""}},"pgc_sgb_lightbox_settings":"","footnotes":""},"class_list":["post-7250","page","type-page","status-publish","hentry"],"aioseo_notices":[],"_links":{"self":[{"href":"https:\/\/tfk-berlin.de\/index.php?rest_route=\/wp\/v2\/pages\/7250","targetHints":{"allow":["GET"]}}],"collection":[{"href":"https:\/\/tfk-berlin.de\/index.php?rest_route=\/wp\/v2\/pages"}],"about":[{"href":"https:\/\/tfk-berlin.de\/index.php?rest_route=\/wp\/v2\/types\/page"}],"author":[{"embeddable":true,"href":"https:\/\/tfk-berlin.de\/index.php?rest_route=\/wp\/v2\/users\/1"}],"replies":[{"embeddable":true,"href":"https:\/\/tfk-berlin.de\/index.php?rest_route=%2Fwp%2Fv2%2Fcomments&post=7250"}],"version-history":[{"count":2,"href":"https:\/\/tfk-berlin.de\/index.php?rest_route=\/wp\/v2\/pages\/7250\/revisions"}],"predecessor-version":[{"id":7253,"href":"https:\/\/tfk-berlin.de\/index.php?rest_route=\/wp\/v2\/pages\/7250\/revisions\/7253"}],"wp:attachment":[{"href":"https:\/\/tfk-berlin.de\/index.php?rest_route=%2Fwp%2Fv2%2Fmedia&parent=7250"}],"curies":[{"name":"wp","href":"https:\/\/api.w.org\/{rel}","templated":true}]}}