{"id":7254,"date":"2026-05-02T18:45:06","date_gmt":"2026-05-02T16:45:06","guid":{"rendered":"https:\/\/tfk-berlin.de\/?page_id=7254"},"modified":"2026-05-03T17:04:29","modified_gmt":"2026-05-03T15:04:29","slug":"der-wurm","status":"publish","type":"page","link":"https:\/\/tfk-berlin.de\/?page_id=7254","title":{"rendered":"Der Wurm"},"content":{"rendered":"\n<p>eine Inszenierung \u00fcber das Verschwinden als \u00dcberlebensstrategie<br>nach dem Roman von Shammai Golan<br>Gastspiel<br>Internationales Berliner Drama Theater<br><em>in russischer Sprache mit deutschen Untertiteln<\/em><\/p>\n\n\n\n<p>Was bleibt vom Menschen, wenn er gezwungen ist, sich selbst auszul\u00f6schen, um zu \u00fcberleben?<br>Das Internationale Berliner Dramatische Theater (IBDT) bringt einen eindringlichen Stoff auf die B\u00fchne, basierend auf dem Roman des israelischen Schriftstellers und Holocaust-\u00dcberlebenden Shammai Golan.<br>Im Zentrum steht ein Mann, der sich im Angesicht der Gewalt des Krieges in ein kaum wahrnehmbares Wesen verwandelt: Er schrumpft, zieht sich zur\u00fcck, wird unsichtbar \u2014 wie ein Wurm im Verborgenen.<br>Diese Metapher ist kein poetischer Effekt, sondern eine radikale Beschreibung eines inneren Vorgangs. Das St\u00fcck verhandelt das Verschwinden nicht als Schw\u00e4che, sondern als existenzielle Strategie des \u00dcberlebens. Es zeigt, wie sich traumatische Erfahrung in den K\u00f6rper einschreibt und dort fortlebt \u2014 jenseits von Sprache und Erinnerung.<br>Die Inszenierung von Mikhail Teplitsky (Malenky Theatre, Tel Aviv; Preistr\u00e4ger der \u201eGoldenen Maske\u201c) arbeitet mit einem vielsprachigen Ensemble aus der Ukraine, Russland, Lettland, Aserbaidschan und Deutschland. Diese k\u00fcnstlerische Konstellation erweitert den Blick auf das Geschehen: Die Geschichte wird nicht als abgeschlossenes historisches Ereignis erz\u00e4hlt, sondern als offene, gegenw\u00e4rtige Erfahrung von Verletzlichkeit, Anpassung und Weiterleben.<br>Ein konzentrierter Theaterabend \u00fcber die Fragilit\u00e4t menschlicher Identit\u00e4t und \u00fcber die Spuren, die Gewalt hinterl\u00e4sst \u2014 nicht nur im Einzelnen, sondern auch in den Beziehungen zu anderen. Denn das St\u00fcck stellt auch die Frage: Wie tragen Menschen die Traumata der anderen mit, ohne es zu wissen?<br>Im Anschluss an jede Vorstellung findet ein offenes Gespr\u00e4ch mit dem Publikum statt.<\/p>\n\n\n\n<p>Es spielen:<br>Aleksandr Bargman, Rustam Akhmedshin, Anastasia Weinmar, Alla Caricina&nbsp;<\/p>\n\n\n\n<p>Regie: Mikhail Teplitsky<\/p>\n\n\n\n<p>Eintritt: 30 \u20ac, erm\u00e4\u00dfigt 25 \u20ac<\/p>\n\n\n\n<p>FR &#8211; 26.06.2026 &#8211; 20.00 Uhr (Premiere)<br>SA &#8211; 27.06.2026 &#8211; 20.00 Uhr<br>SO &#8211; 28.06.2026 &#8211; 19.00 Uhr<\/p>\n\n\n\n<p><a href=\"https:\/\/tfk-berlin.de\/?page_id=43\" title=\"Karten reservieren\">Karten reservieren<\/a><br><a href=\"https:\/\/tfk-berlin.de\/?page_id=10\" title=\"Spielplan\">Zum Spielplan<\/a><\/p>\n","protected":false},"excerpt":{"rendered":"<p>eine Inszenierung \u00fcber das Verschwinden als \u00dcberlebensstrategienach dem Roman von Shammai GolanGastspielInternationales Berliner Drama Theaterin russischer Sprache mit deutschen Untertiteln Was bleibt vom Menschen, wenn er gezwungen ist, sich selbst auszul\u00f6schen, um zu \u00fcberleben?Das Internationale Berliner Dramatische Theater (IBDT) bringt einen eindringlichen Stoff auf die B\u00fchne, basierend auf dem Roman des israelischen Schriftstellers und Holocaust-\u00dcberlebenden [&hellip;]<\/p>\n","protected":false},"author":1,"featured_media":0,"parent":0,"menu_order":0,"comment_status":"closed","ping_status":"closed","template":"","meta":{"site-sidebar-layout":"default","site-content-layout":"","ast-site-content-layout":"default","site-content-style":"default","site-sidebar-style":"default","ast-global-header-display":"","ast-banner-title-visibility":"","ast-main-header-display":"","ast-hfb-above-header-display":"","ast-hfb-below-header-display":"","ast-hfb-mobile-header-display":"","site-post-title":"","ast-breadcrumbs-content":"","ast-featured-img":"","footer-sml-layout":"","ast-disable-related-posts":"","theme-transparent-header-meta":"","adv-header-id-meta":"","stick-header-meta":"","header-above-stick-meta":"","header-main-stick-meta":"","header-below-stick-meta":"","astra-migrate-meta-layouts":"set","ast-page-background-enabled":"default","ast-page-background-meta":{"desktop":{"background-color":"","background-image":"","background-repeat":"repeat","background-position":"center center","background-size":"auto","background-attachment":"scroll","background-type":"","background-media":"","overlay-type":"","overlay-color":"","overlay-opacity":"","overlay-gradient":""},"tablet":{"background-color":"","background-image":"","background-repeat":"repeat","background-position":"center center","background-size":"auto","background-attachment":"scroll","background-type":"","background-media":"","overlay-type":"","overlay-color":"","overlay-opacity":"","overlay-gradient":""},"mobile":{"background-color":"","background-image":"","background-repeat":"repeat","background-position":"center center","background-size":"auto","background-attachment":"scroll","background-type":"","background-media":"","overlay-type":"","overlay-color":"","overlay-opacity":"","overlay-gradient":""}},"ast-content-background-meta":{"desktop":{"background-color":"var(--ast-global-color-5)","background-image":"","background-repeat":"repeat","background-position":"center center","background-size":"auto","background-attachment":"scroll","background-type":"","background-media":"","overlay-type":"","overlay-color":"","overlay-opacity":"","overlay-gradient":""},"tablet":{"background-color":"var(--ast-global-color-5)","background-image":"","background-repeat":"repeat","background-position":"center center","background-size":"auto","background-attachment":"scroll","background-type":"","background-media":"","overlay-type":"","overlay-color":"","overlay-opacity":"","overlay-gradient":""},"mobile":{"background-color":"var(--ast-global-color-5)","background-image":"","background-repeat":"repeat","background-position":"center center","background-size":"auto","background-attachment":"scroll","background-type":"","background-media":"","overlay-type":"","overlay-color":"","overlay-opacity":"","overlay-gradient":""}},"pgc_sgb_lightbox_settings":"","footnotes":""},"class_list":["post-7254","page","type-page","status-publish","hentry"],"aioseo_notices":[],"_links":{"self":[{"href":"https:\/\/tfk-berlin.de\/index.php?rest_route=\/wp\/v2\/pages\/7254","targetHints":{"allow":["GET"]}}],"collection":[{"href":"https:\/\/tfk-berlin.de\/index.php?rest_route=\/wp\/v2\/pages"}],"about":[{"href":"https:\/\/tfk-berlin.de\/index.php?rest_route=\/wp\/v2\/types\/page"}],"author":[{"embeddable":true,"href":"https:\/\/tfk-berlin.de\/index.php?rest_route=\/wp\/v2\/users\/1"}],"replies":[{"embeddable":true,"href":"https:\/\/tfk-berlin.de\/index.php?rest_route=%2Fwp%2Fv2%2Fcomments&post=7254"}],"version-history":[{"count":3,"href":"https:\/\/tfk-berlin.de\/index.php?rest_route=\/wp\/v2\/pages\/7254\/revisions"}],"predecessor-version":[{"id":7263,"href":"https:\/\/tfk-berlin.de\/index.php?rest_route=\/wp\/v2\/pages\/7254\/revisions\/7263"}],"wp:attachment":[{"href":"https:\/\/tfk-berlin.de\/index.php?rest_route=%2Fwp%2Fv2%2Fmedia&parent=7254"}],"curies":[{"name":"wp","href":"https:\/\/api.w.org\/{rel}","templated":true}]}}